{"id":78452,"date":"2026-05-12T11:57:32","date_gmt":"2026-05-12T09:57:32","guid":{"rendered":"https:\/\/www.apiacademy.es\/?post_type=product&#038;p=78452"},"modified":"2026-05-13T14:01:20","modified_gmt":"2026-05-13T12:01:20","slug":"lexclusiva-que-treballa-sola","status":"publish","type":"product","link":"https:\/\/www.apiacademy.es\/es\/producto\/lexclusiva-que-treballa-sola\/","title":{"rendered":"L\u2019exclusiva que treballa sola"},"content":{"rendered":"<p>Deja de \"tener\" exclusivas y empieza a gestionarlas de verdad<\/p>\n<p>\u00bfCu\u00e1ntas exclusivas tienes ahora mismo con m\u00e1s de tres semanas sin ninguna acci\u00f3n registrada? La inercia es el mayor enemigo de un agente experto: no es falta de intenci\u00f3n, es falta de sistema. En estas 4 horas construir\u00e1s ese sistema. Aprender\u00e1s a ejecutar un plan de acci\u00f3n completo, a comunicarte con el propietario de forma que nunca tenga que preguntarte c\u00f3mo va su piso, y a llegar a la negociaci\u00f3n de precio con datos en la mano, no con opiniones.<\/p>\n<p>El resultado: m\u00e1s referidos, m\u00e1s renovaciones y cierres sin drama. Menos gesti\u00f3n administrativa, m\u00e1s liderazgo de activos.<\/p>","protected":false},"excerpt":{"rendered":"<p>Deixa de \u201ctenir\u201d exclusives i comen\u00e7a a gestionar-les de veritat. Quantes exclusives tens ara mateix amb m\u00e9s de tres setmanes sense cap acci\u00f3 registrada? La in\u00e8rcia \u00e9s el principal enemic d\u2019un agent expert: no \u00e9s una manca d\u2019intenci\u00f3, sin\u00f3 una manca de sistema. En aquestes 4 hores construir\u00e0s aquest sistema. Aprendr\u00e0s a executar un pla [&hellip;]<\/p>","protected":false},"featured_media":78458,"template":"","meta":[],"product_cat":[319,349],"product_tag":[],"oferta-formativa":[274],"tipologia_de_curs":[],"modalitat_de_curs":[],"destacado":[],"class_list":{"0":"post-78452","1":"product","2":"type-product","3":"status-publish","4":"has-post-thumbnail","6":"product_cat-actualitzacio-i-perfeccionament","7":"product_cat-idioma-catala","8":"pa_tipus-de-formacio-online-es","9":"oferta-formativa-negoci-marqueting-i-vendes","11":"first","12":"instock","13":"sold-individually","14":"purchasable","15":"product-type-variable","16":"has-default-attributes"},"_links":{"self":[{"href":"https:\/\/www.apiacademy.es\/es\/wp-json\/wp\/v2\/product\/78452"}],"collection":[{"href":"https:\/\/www.apiacademy.es\/es\/wp-json\/wp\/v2\/product"}],"about":[{"href":"https:\/\/www.apiacademy.es\/es\/wp-json\/wp\/v2\/types\/product"}],"version-history":[{"count":5,"href":"https:\/\/www.apiacademy.es\/es\/wp-json\/wp\/v2\/product\/78452\/revisions"}],"predecessor-version":[{"id":78461,"href":"https:\/\/www.apiacademy.es\/es\/wp-json\/wp\/v2\/product\/78452\/revisions\/78461"}],"wp:featuredmedia":[{"embeddable":true,"href":"https:\/\/www.apiacademy.es\/es\/wp-json\/wp\/v2\/media\/78458"}],"wp:attachment":[{"href":"https:\/\/www.apiacademy.es\/es\/wp-json\/wp\/v2\/media?parent=78452"}],"wp:term":[{"taxonomy":"product_cat","embeddable":true,"href":"https:\/\/www.apiacademy.es\/es\/wp-json\/wp\/v2\/product_cat?post=78452"},{"taxonomy":"product_tag","embeddable":true,"href":"https:\/\/www.apiacademy.es\/es\/wp-json\/wp\/v2\/product_tag?post=78452"},{"taxonomy":"oferta-formativa","embeddable":true,"href":"https:\/\/www.apiacademy.es\/es\/wp-json\/wp\/v2\/oferta-formativa?post=78452"},{"taxonomy":"tipologia_de_curs","embeddable":true,"href":"https:\/\/www.apiacademy.es\/es\/wp-json\/wp\/v2\/tipologia_de_curs?post=78452"},{"taxonomy":"modalitat_de_curs","embeddable":true,"href":"https:\/\/www.apiacademy.es\/es\/wp-json\/wp\/v2\/modalitat_de_curs?post=78452"},{"taxonomy":"destacado","embeddable":true,"href":"https:\/\/www.apiacademy.es\/es\/wp-json\/wp\/v2\/destacado?post=78452"}],"curies":[{"name":"wp","href":"https:\/\/api.w.org\/{rel}","templated":true}]}}