{"id":78104,"date":"2026-05-04T12:05:23","date_gmt":"2026-05-04T10:05:23","guid":{"rendered":"https:\/\/www.apiacademy.es\/?post_type=product&#038;p=78104"},"modified":"2026-05-07T19:10:07","modified_gmt":"2026-05-07T17:10:07","slug":"ia-per-a-fotografia-immobiliaria","status":"publish","type":"product","link":"https:\/\/www.apiacademy.es\/es\/producto\/ia-per-a-fotografia-immobiliaria\/","title":{"rendered":"IA para fotografia immobili\u00e0ria"},"content":{"rendered":"<p id=\"tw-target-text\" class=\"tw-data-text tw-text-large tw-ta\" dir=\"ltr\" tabindex=\"-1\" role=\"text\" data-placeholder=\"Traducci\u00f3n\" data-ved=\"2ahUKEwi62dyHvJ-UAxXQU0EAHb2fJPUQ3ewLegQIDBAV\" aria-label=\"Texto traducido: Aquest curs pr\u00e0ctic mostrar\u00e0 als agents immobiliaris com fer servir ChatGPT per millorar la presentaci\u00f3 visual d'immobles de forma r\u00e0pida i senzilla. Aprendran a transformar fotos, pl\u00e0nols i espais en imatges m\u00e9s atractives i \u00fatils per copsar millor, explicar el potencial d'un immoble i generar m\u00e9s impacte comercial. Una formaci\u00f3 molt pr\u00e0ctica, amb exemples reals del sector, pensada per estalviar temps, diferenciar-se i comunicar millor sense necessitat de coneixements t\u00e8cnics.\"><span class=\"Y2IQFc\" lang=\"ca\">Este curso pr\u00e1ctico mostrar\u00e1 a los agentes inmobiliarios c\u00f3mo usar ChatGPT para mejorar la presentaci\u00f3n visual de inmuebles de forma r\u00e1pida y sencilla. <\/span><\/p>\n<p class=\"tw-data-text tw-text-large tw-ta\" dir=\"ltr\" tabindex=\"-1\" role=\"text\" data-placeholder=\"Traducci\u00f3n\" data-ved=\"2ahUKEwi62dyHvJ-UAxXQU0EAHb2fJPUQ3ewLegQIDBAV\" aria-label=\"Texto traducido: Aquest curs pr\u00e0ctic mostrar\u00e0 als agents immobiliaris com fer servir ChatGPT per millorar la presentaci\u00f3 visual d'immobles de forma r\u00e0pida i senzilla. Aprendran a transformar fotos, pl\u00e0nols i espais en imatges m\u00e9s atractives i \u00fatils per copsar millor, explicar el potencial d'un immoble i generar m\u00e9s impacte comercial. Una formaci\u00f3 molt pr\u00e0ctica, amb exemples reals del sector, pensada per estalviar temps, diferenciar-se i comunicar millor sense necessitat de coneixements t\u00e8cnics.\"><span class=\"Y2IQFc\" lang=\"ca\">Aprender\u00e1n a transformar fotos, planos y espacios en im\u00e1genes m\u00e1s atractivas y \u00fatiles para captar mejor, explicar el potencial de un inmueble y generar m\u00e1s impacto comercial. <\/span><\/p>\n<p class=\"tw-data-text tw-text-large tw-ta\" dir=\"ltr\" tabindex=\"-1\" role=\"text\" data-placeholder=\"Traducci\u00f3n\" data-ved=\"2ahUKEwi62dyHvJ-UAxXQU0EAHb2fJPUQ3ewLegQIDBAV\" aria-label=\"Texto traducido: Aquest curs pr\u00e0ctic mostrar\u00e0 als agents immobiliaris com fer servir ChatGPT per millorar la presentaci\u00f3 visual d'immobles de forma r\u00e0pida i senzilla. Aprendran a transformar fotos, pl\u00e0nols i espais en imatges m\u00e9s atractives i \u00fatils per copsar millor, explicar el potencial d'un immoble i generar m\u00e9s impacte comercial. Una formaci\u00f3 molt pr\u00e0ctica, amb exemples reals del sector, pensada per estalviar temps, diferenciar-se i comunicar millor sense necessitat de coneixements t\u00e8cnics.\"><span class=\"Y2IQFc\" lang=\"ca\">Una formaci\u00f3n muy pr\u00e1ctica, con ejemplos reales del sector, pensada para ahorrar tiempo, diferenciarse y comunicar mejor sin necesidad de conocimientos t\u00e9cnicos.<\/span><\/p>\n<p>&nbsp;<\/p>","protected":false},"excerpt":{"rendered":"<p>Aquest curs pr\u00e0ctic mostrar\u00e0 als agents immobiliaris com fer servir ChatGPT per millorar la presentaci\u00f3 visual d&#8217;immobles de forma r\u00e0pida i senzilla. Aprendran a transformar fotos, pl\u00e0nols i espais en imatges m\u00e9s atractives i \u00fatils per copsar millor, explicar el potencial d&#8217;un immoble i generar m\u00e9s impacte comercial. Una formaci\u00f3 molt pr\u00e0ctica, amb exemples reals [&hellip;]<\/p>","protected":false},"featured_media":78117,"template":"","meta":[],"product_cat":[319],"product_tag":[],"oferta-formativa":[275],"tipologia_de_curs":[],"modalitat_de_curs":[],"destacado":[],"class_list":{"0":"post-78104","1":"product","2":"type-product","3":"status-publish","4":"has-post-thumbnail","6":"product_cat-actualitzacio-i-perfeccionament","7":"pa_tipus-de-formacio-online-es","8":"oferta-formativa-proptech","10":"first","11":"instock","12":"sold-individually","13":"purchasable","14":"product-type-variable"},"_links":{"self":[{"href":"https:\/\/www.apiacademy.es\/es\/wp-json\/wp\/v2\/product\/78104"}],"collection":[{"href":"https:\/\/www.apiacademy.es\/es\/wp-json\/wp\/v2\/product"}],"about":[{"href":"https:\/\/www.apiacademy.es\/es\/wp-json\/wp\/v2\/types\/product"}],"version-history":[{"count":2,"href":"https:\/\/www.apiacademy.es\/es\/wp-json\/wp\/v2\/product\/78104\/revisions"}],"predecessor-version":[{"id":78113,"href":"https:\/\/www.apiacademy.es\/es\/wp-json\/wp\/v2\/product\/78104\/revisions\/78113"}],"wp:featuredmedia":[{"embeddable":true,"href":"https:\/\/www.apiacademy.es\/es\/wp-json\/wp\/v2\/media\/78117"}],"wp:attachment":[{"href":"https:\/\/www.apiacademy.es\/es\/wp-json\/wp\/v2\/media?parent=78104"}],"wp:term":[{"taxonomy":"product_cat","embeddable":true,"href":"https:\/\/www.apiacademy.es\/es\/wp-json\/wp\/v2\/product_cat?post=78104"},{"taxonomy":"product_tag","embeddable":true,"href":"https:\/\/www.apiacademy.es\/es\/wp-json\/wp\/v2\/product_tag?post=78104"},{"taxonomy":"oferta-formativa","embeddable":true,"href":"https:\/\/www.apiacademy.es\/es\/wp-json\/wp\/v2\/oferta-formativa?post=78104"},{"taxonomy":"tipologia_de_curs","embeddable":true,"href":"https:\/\/www.apiacademy.es\/es\/wp-json\/wp\/v2\/tipologia_de_curs?post=78104"},{"taxonomy":"modalitat_de_curs","embeddable":true,"href":"https:\/\/www.apiacademy.es\/es\/wp-json\/wp\/v2\/modalitat_de_curs?post=78104"},{"taxonomy":"destacado","embeddable":true,"href":"https:\/\/www.apiacademy.es\/es\/wp-json\/wp\/v2\/destacado?post=78104"}],"curies":[{"name":"wp","href":"https:\/\/api.w.org\/{rel}","templated":true}]}}