{"id":77843,"date":"2026-04-21T08:50:20","date_gmt":"2026-04-21T06:50:20","guid":{"rendered":"https:\/\/www.apiacademy.es\/?post_type=product&#038;p=77843"},"modified":"2026-04-21T17:30:12","modified_gmt":"2026-04-21T15:30:12","slug":"les-millors-eines-dia-per-millorar-la-teva-eficiencia-com-agent-immobiliari","status":"publish","type":"product","link":"https:\/\/www.apiacademy.es\/es\/producto\/les-millors-eines-dia-per-millorar-la-teva-eficiencia-com-agent-immobiliari\/","title":{"rendered":"Las mejores herramientas de IA para mejorar tu eficiencia como agente inmobiliario"},"content":{"rendered":"<p>Este curso tiene como objetivo principal que el alumno incorpore de manera inmediata herramientas de inteligencia artificial en su d\u00eda a d\u00eda para ahorrar tiempo, mejorar su productividad y aumentar su capacidad de captaci\u00f3n y venta.<\/p>\n<p>Est\u00e1 dise\u00f1ado con un enfoque totalmente pr\u00e1ctico, para que cada participante salga con soluciones concretas que pueda aplicar desde el primer momento, sin necesidad de conocimientos t\u00e9cnicos previos.<\/p>\n<p>Es ideal para cualquier agente inmobiliario que quiera trabajar de manera m\u00e1s \u00e1gil, generar m\u00e1s oportunidades de negocio y adaptarse a las nuevas tendencias del sector sin complicaciones t\u00e9cnicas.<\/p>\n<p>&nbsp;<\/p>\n<p>&nbsp;<\/p>","protected":false},"excerpt":{"rendered":"<p>Aquest curs t\u00e9 com a objectiu principal que l&#8217;alumne incorporin de manera immediata eines d\u2019intel\u00b7lig\u00e8ncia artificial en el seu dia a dia per estalviar temps, millorar la seva productivitat i augmentar la seva capacitat de captaci\u00f3 i venda. Est\u00e0 dissenyat amb un enfocament totalment pr\u00e0ctic, perqu\u00e8 cada participant en surti amb solucions concretes que pugui [&hellip;]<\/p>","protected":false},"featured_media":75563,"template":"","meta":[],"product_cat":[319],"product_tag":[],"oferta-formativa":[275],"tipologia_de_curs":[],"modalitat_de_curs":[],"destacado":[],"class_list":{"0":"post-77843","1":"product","2":"type-product","3":"status-publish","4":"has-post-thumbnail","6":"product_cat-actualitzacio-i-perfeccionament","7":"pa_tipus-de-formacio-online","8":"oferta-formativa-proptech","10":"first","11":"instock","12":"sold-individually","13":"purchasable","14":"product-type-variable"},"_links":{"self":[{"href":"https:\/\/www.apiacademy.es\/es\/wp-json\/wp\/v2\/product\/77843"}],"collection":[{"href":"https:\/\/www.apiacademy.es\/es\/wp-json\/wp\/v2\/product"}],"about":[{"href":"https:\/\/www.apiacademy.es\/es\/wp-json\/wp\/v2\/types\/product"}],"version-history":[{"count":3,"href":"https:\/\/www.apiacademy.es\/es\/wp-json\/wp\/v2\/product\/77843\/revisions"}],"predecessor-version":[{"id":77850,"href":"https:\/\/www.apiacademy.es\/es\/wp-json\/wp\/v2\/product\/77843\/revisions\/77850"}],"wp:featuredmedia":[{"embeddable":true,"href":"https:\/\/www.apiacademy.es\/es\/wp-json\/wp\/v2\/media\/75563"}],"wp:attachment":[{"href":"https:\/\/www.apiacademy.es\/es\/wp-json\/wp\/v2\/media?parent=77843"}],"wp:term":[{"taxonomy":"product_cat","embeddable":true,"href":"https:\/\/www.apiacademy.es\/es\/wp-json\/wp\/v2\/product_cat?post=77843"},{"taxonomy":"product_tag","embeddable":true,"href":"https:\/\/www.apiacademy.es\/es\/wp-json\/wp\/v2\/product_tag?post=77843"},{"taxonomy":"oferta-formativa","embeddable":true,"href":"https:\/\/www.apiacademy.es\/es\/wp-json\/wp\/v2\/oferta-formativa?post=77843"},{"taxonomy":"tipologia_de_curs","embeddable":true,"href":"https:\/\/www.apiacademy.es\/es\/wp-json\/wp\/v2\/tipologia_de_curs?post=77843"},{"taxonomy":"modalitat_de_curs","embeddable":true,"href":"https:\/\/www.apiacademy.es\/es\/wp-json\/wp\/v2\/modalitat_de_curs?post=77843"},{"taxonomy":"destacado","embeddable":true,"href":"https:\/\/www.apiacademy.es\/es\/wp-json\/wp\/v2\/destacado?post=77843"}],"curies":[{"name":"wp","href":"https:\/\/api.w.org\/{rel}","templated":true}]}}