{"id":77668,"date":"2026-04-10T12:29:49","date_gmt":"2026-04-10T10:29:49","guid":{"rendered":"https:\/\/www.apiacademy.es\/?post_type=product&#038;p=77668"},"modified":"2026-04-17T13:04:15","modified_gmt":"2026-04-17T11:04:15","slug":"curs-dagent-immobiliari-andalusia","status":"publish","type":"product","link":"https:\/\/www.apiacademy.es\/es\/producto\/curs-dagent-immobiliari-andalusia\/","title":{"rendered":"Curso de agente inmobiliario \u2013 Andaluc\u00eda"},"content":{"rendered":"<p>La nueva ley de vivienda de Andaluc\u00eda recoge en sus art\u00edculos 47 y 52 la creaci\u00f3n del Registro de Agentes Inmobiliarios de Andaluc\u00eda.<\/p>\n<p>Este registro, en su art\u00edculo 52, dice que todo agente inmobiliario de esta comunidad debe: Poseer la especializaci\u00f3n en materia de intermediaci\u00f3n, asesoramiento y gesti\u00f3n en el mercado inmobiliario residencial y en materia de vivienda protegida por parte del titular de la actividad y del 50% de sus empleados por cuenta ajena, mediante la acreditaci\u00f3n de formaci\u00f3n oficial de al menos 100 horas lectivas en estas materias, obtenida como m\u00e1ximo en los cuatro a\u00f1os inmediatamente anteriores a la fecha de presentaci\u00f3n de la declaraci\u00f3n responsable.<\/p>\n<p>Esta formaci\u00f3n est\u00e1 espec\u00edficamente pensada para los agentes inmobiliarios de Andaluc\u00eda que deber\u00e1n acreditar estos conocimientos.<\/p>\n<p>Adem\u00e1s, superar con \u00e9xito esta formaci\u00f3n permitir\u00e1 al solicitante \u2013si as\u00ed lo desea\u2013 ser miembro asociado de pleno derecho de<strong>ANAI.<\/strong><\/p>\n<p>&nbsp;<\/p>","protected":false},"excerpt":{"rendered":"<p>La nova llei d\u2019habitatge d\u2019Andalusia recull en els seus articles 47 i 52 la creaci\u00f3 del Registre d\u2019Agents Immobiliaris d\u2019Andalusia. Aquest registre, en el seu article 52, diu que tot agent Immobiliari d\u2019aquesta comunitat ha de: Posseir l\u2019especialitzaci\u00f3 en mat\u00e8ria d\u2019intermediaci\u00f3, assessorament i gesti\u00f3 en el mercat immobiliari residencial i en mat\u00e8ria d\u2019habitatge protegit per [&hellip;]<\/p>","protected":false},"featured_media":29464,"template":"","meta":[],"product_cat":[344],"product_tag":[],"oferta-formativa":[276],"tipologia_de_curs":[],"modalitat_de_curs":[],"destacado":[],"class_list":{"0":"post-77668","1":"product","2":"type-product","3":"status-publish","4":"has-post-thumbnail","6":"product_cat-acreditacio-api","7":"pa_tipus-de-formacio-online","8":"oferta-formativa-transversal","10":"first","11":"instock","12":"sold-individually","13":"purchasable","14":"product-type-variable"},"_links":{"self":[{"href":"https:\/\/www.apiacademy.es\/es\/wp-json\/wp\/v2\/product\/77668"}],"collection":[{"href":"https:\/\/www.apiacademy.es\/es\/wp-json\/wp\/v2\/product"}],"about":[{"href":"https:\/\/www.apiacademy.es\/es\/wp-json\/wp\/v2\/types\/product"}],"version-history":[{"count":6,"href":"https:\/\/www.apiacademy.es\/es\/wp-json\/wp\/v2\/product\/77668\/revisions"}],"predecessor-version":[{"id":77818,"href":"https:\/\/www.apiacademy.es\/es\/wp-json\/wp\/v2\/product\/77668\/revisions\/77818"}],"wp:featuredmedia":[{"embeddable":true,"href":"https:\/\/www.apiacademy.es\/es\/wp-json\/wp\/v2\/media\/29464"}],"wp:attachment":[{"href":"https:\/\/www.apiacademy.es\/es\/wp-json\/wp\/v2\/media?parent=77668"}],"wp:term":[{"taxonomy":"product_cat","embeddable":true,"href":"https:\/\/www.apiacademy.es\/es\/wp-json\/wp\/v2\/product_cat?post=77668"},{"taxonomy":"product_tag","embeddable":true,"href":"https:\/\/www.apiacademy.es\/es\/wp-json\/wp\/v2\/product_tag?post=77668"},{"taxonomy":"oferta-formativa","embeddable":true,"href":"https:\/\/www.apiacademy.es\/es\/wp-json\/wp\/v2\/oferta-formativa?post=77668"},{"taxonomy":"tipologia_de_curs","embeddable":true,"href":"https:\/\/www.apiacademy.es\/es\/wp-json\/wp\/v2\/tipologia_de_curs?post=77668"},{"taxonomy":"modalitat_de_curs","embeddable":true,"href":"https:\/\/www.apiacademy.es\/es\/wp-json\/wp\/v2\/modalitat_de_curs?post=77668"},{"taxonomy":"destacado","embeddable":true,"href":"https:\/\/www.apiacademy.es\/es\/wp-json\/wp\/v2\/destacado?post=77668"}],"curies":[{"name":"wp","href":"https:\/\/api.w.org\/{rel}","templated":true}]}}