{"id":77647,"date":"2026-04-09T13:19:48","date_gmt":"2026-04-09T11:19:48","guid":{"rendered":"https:\/\/www.apiacademy.es\/?post_type=product&#038;p=77647"},"modified":"2026-04-17T12:54:49","modified_gmt":"2026-04-17T10:54:49","slug":"formacio-per-a-empleats-dagencies-immobiliaries-a-andalusia","status":"publish","type":"product","link":"https:\/\/www.apiacademy.es\/es\/producto\/formacio-per-a-empleats-dagencies-immobiliaries-a-andalusia\/","title":{"rendered":"Formaci\u00f3n para empleados de agencias inmobiliarias en Andaluc\u00eda"},"content":{"rendered":"<p>La nueva ley de vivienda de Andaluc\u00eda recoge en sus art\u00edculos 47 y 52 la creaci\u00f3n del Registro de Agentes Inmobiliarios de Andaluc\u00eda.<\/p>\n<p>Este registro, en su art\u00edculo 52, dice que todo agente Inmobiliario de esta comunidad debe: Poseer la especializaci\u00f3n en materia de intermediaci\u00f3n, asesoramiento y gesti\u00f3n en el mercado inmobiliario residencial y en materia de vivienda protegida por parte del titular de la actividad y del 50% de sus empleados por cuenta ajena, mediante la acreditaci\u00f3n de formaci\u00f3n oficial m\u00e1ximo en los cuatro a\u00f1os inmediatamente anteriores a la fecha de presentaci\u00f3n de la declaraci\u00f3n responsable.<\/p>\n<p>Esta formaci\u00f3n est\u00e1 espec\u00edficamente pensada para todos aquellos trabajadores de agencias inmobiliarias de Andaluc\u00eda que deban cursarla, haciendo especial \u00e9nfasis en aquellos aspectos que verdaderamente afectan su actividad diaria y en las funciones a desempe\u00f1ar dentro de una agencia inmobiliaria.<\/p>\n<p>Si llevas un tiempo trabajando en el \u00e1mbito inmobiliario y quieres acabar de conseguir conocimientos, desde API Academy te ofrecemos la posibilidad de cursar el programa de Formaci\u00f3n para empleados de agencias inmobiliarias en Andaluc\u00eda que te proporcionar\u00e1 las herramientas y la base necesaria para desarrollarte en esta profesi\u00f3n.<\/p>\n<p>&nbsp;<\/p>\n<p>&nbsp;<\/p>","protected":false},"excerpt":{"rendered":"<p>La nova llei d&#8217;habitatge d&#8217;Andalusia recull en els seus articles 47 i 52 la creaci\u00f3 del Registre d&#8217;Agents Immobiliaris d&#8217;Andalusia. Aquest registre, en el seu article 52, diu que tot agent Immobiliari d&#8217;aquesta comunitat ha de: Posseir l&#8217;especialitzaci\u00f3 en mat\u00e8ria d&#8217;intermediaci\u00f3, assessorament i gesti\u00f3 en el mercat immobiliari residencial i en mat\u00e8ria d&#8217;habitatge protegit per [&hellip;]<\/p>","protected":false},"featured_media":63751,"template":"","meta":[],"product_cat":[344],"product_tag":[],"oferta-formativa":[276],"tipologia_de_curs":[],"modalitat_de_curs":[],"destacado":[],"class_list":{"0":"post-77647","1":"product","2":"type-product","3":"status-publish","4":"has-post-thumbnail","6":"product_cat-acreditacio-api","7":"pa_tipus-de-formacio-online","8":"oferta-formativa-transversal","10":"first","11":"instock","12":"sold-individually","13":"taxable","14":"shipping-taxable","15":"purchasable","16":"product-type-simple"},"_links":{"self":[{"href":"https:\/\/www.apiacademy.es\/es\/wp-json\/wp\/v2\/product\/77647"}],"collection":[{"href":"https:\/\/www.apiacademy.es\/es\/wp-json\/wp\/v2\/product"}],"about":[{"href":"https:\/\/www.apiacademy.es\/es\/wp-json\/wp\/v2\/types\/product"}],"version-history":[{"count":6,"href":"https:\/\/www.apiacademy.es\/es\/wp-json\/wp\/v2\/product\/77647\/revisions"}],"predecessor-version":[{"id":77813,"href":"https:\/\/www.apiacademy.es\/es\/wp-json\/wp\/v2\/product\/77647\/revisions\/77813"}],"wp:featuredmedia":[{"embeddable":true,"href":"https:\/\/www.apiacademy.es\/es\/wp-json\/wp\/v2\/media\/63751"}],"wp:attachment":[{"href":"https:\/\/www.apiacademy.es\/es\/wp-json\/wp\/v2\/media?parent=77647"}],"wp:term":[{"taxonomy":"product_cat","embeddable":true,"href":"https:\/\/www.apiacademy.es\/es\/wp-json\/wp\/v2\/product_cat?post=77647"},{"taxonomy":"product_tag","embeddable":true,"href":"https:\/\/www.apiacademy.es\/es\/wp-json\/wp\/v2\/product_tag?post=77647"},{"taxonomy":"oferta-formativa","embeddable":true,"href":"https:\/\/www.apiacademy.es\/es\/wp-json\/wp\/v2\/oferta-formativa?post=77647"},{"taxonomy":"tipologia_de_curs","embeddable":true,"href":"https:\/\/www.apiacademy.es\/es\/wp-json\/wp\/v2\/tipologia_de_curs?post=77647"},{"taxonomy":"modalitat_de_curs","embeddable":true,"href":"https:\/\/www.apiacademy.es\/es\/wp-json\/wp\/v2\/modalitat_de_curs?post=77647"},{"taxonomy":"destacado","embeddable":true,"href":"https:\/\/www.apiacademy.es\/es\/wp-json\/wp\/v2\/destacado?post=77647"}],"curies":[{"name":"wp","href":"https:\/\/api.w.org\/{rel}","templated":true}]}}