{"id":77518,"date":"2026-03-30T16:46:16","date_gmt":"2026-03-30T14:46:16","guid":{"rendered":"https:\/\/www.apiacademy.es\/?post_type=product&#038;p=77518"},"modified":"2026-04-09T17:58:24","modified_gmt":"2026-04-09T15:58:24","slug":"programa-superior-en-gerencia-immobiliaria-apialia-edicio-sabadell","status":"publish","type":"product","link":"https:\/\/www.apiacademy.es\/es\/producto\/programa-superior-en-gerencia-immobiliaria-apialia-edicio-sabadell\/","title":{"rendered":"Programa Superior en Ger\u00e8ncia Immobili\u00e0ria (Apialia). Edici\u00f3 Sabadell."},"content":{"rendered":"<p class=\"translation-block\">El <strong>Programa Superior en Gerencia Inmobiliaria<\/strong> est\u00e1 dise\u00f1ado para ayudarte a profesionalizar tu gesti\u00f3n, escalar tu negocio y liderar con m\u00e9todo, estrategia y claridad.<\/p>\n<p>Con esta formaci\u00f3n conseguir\u00e1s:<\/p>\n<ul>\n<li>Una <em>transformaci\u00f3n real:<\/em>pasar\u00e1s de gestionar por intuici\u00f3n a liderar con visi\u00f3n y estrategia.<\/li>\n<li>Herramientas para profesionalizar tu agencia desde la base: procesos, equipo, n\u00fameros y marca.<\/li>\n<li>Networking y aprendizaje con otros gerentes que comparten tus mismos retos.<\/li>\n<\/ul>\n<p>&nbsp;<\/p>\n<p>El programa trabaja los cuatro puntos cardinales que afectan a cualquier empresa:<\/p>\n<ul>\n<li>Consta de 7 m\u00f3dulos de 4 horas cada uno en modalidad presencial.<\/li>\n<li>El plan financiero<\/li>\n<li>Los procesos<\/li>\n<li>Los recursos humanos<\/li>\n<\/ul>\n<p>&nbsp;<\/p>\n<p>Consta de <strong>7 m\u00f3dulos de 4 horas cada uno en modalidad presencial.<\/strong><\/p>\n<p>&nbsp;<\/p>\n<p><strong><em>Api Academy ofereix aquest curs de forma gratu\u00efta a la persona titular de l&#8217;ag\u00e8ncia d&#8217;APIALIA que desitgi cursar-lo. Es requereix d\u2019un pagament inicial de 150\u20ac que ser\u00e0 retornat al finalitzar el curs, un cop s\u2018hagi comprovat l\u2019assist\u00e8ncia m\u00ednima del 80% de l\u2019alumne\/a. En el cas de no assolir aquest 80% d\u2019assist\u00e8ncia l\u2019import abonat no ser\u00e0 en cap cas retornat.<\/em><\/strong><\/p>\n<p><strong><em>El resto de trabajadores de esta agencia que deseen realizarlo deber\u00e1n abonar el curso a precio \u201cAPI\u201d.<\/em><\/strong><\/p>\n<p>&nbsp;<\/p>","protected":false},"excerpt":{"rendered":"<p>El Programa superior en Ger\u00e8ncia Immobili\u00e0ria est\u00e0 dissenyat per ajudar-te a professionalitzar la teva gesti\u00f3, escalar el teu negoci i liderar amb m\u00e8tode, estrat\u00e8gia i claredat. Amb aquesta formaci\u00f3 aconseguiras: Una transformaci\u00f3 real: passaras de gestionar per intu\u00efci\u00f3 a liderar amb visi\u00f3 i estrat\u00e8gia. Eines per professionalitzar la teva ag\u00e8ncia des de la base: processos, [&hellip;]<\/p>","protected":false},"featured_media":72183,"template":"","meta":[],"product_cat":[343],"product_tag":[],"oferta-formativa":[274],"tipologia_de_curs":[],"modalitat_de_curs":[],"destacado":[],"class_list":{"0":"post-77518","1":"product","2":"type-product","3":"status-publish","4":"has-post-thumbnail","6":"product_cat-programa-superior","7":"pa_tipus-de-formacio-presencial-es","8":"oferta-formativa-negoci-marqueting-i-vendes","10":"first","11":"instock","12":"sold-individually","13":"purchasable","14":"product-type-variable","15":"has-default-attributes"},"_links":{"self":[{"href":"https:\/\/www.apiacademy.es\/es\/wp-json\/wp\/v2\/product\/77518"}],"collection":[{"href":"https:\/\/www.apiacademy.es\/es\/wp-json\/wp\/v2\/product"}],"about":[{"href":"https:\/\/www.apiacademy.es\/es\/wp-json\/wp\/v2\/types\/product"}],"version-history":[{"count":6,"href":"https:\/\/www.apiacademy.es\/es\/wp-json\/wp\/v2\/product\/77518\/revisions"}],"predecessor-version":[{"id":77653,"href":"https:\/\/www.apiacademy.es\/es\/wp-json\/wp\/v2\/product\/77518\/revisions\/77653"}],"wp:featuredmedia":[{"embeddable":true,"href":"https:\/\/www.apiacademy.es\/es\/wp-json\/wp\/v2\/media\/72183"}],"wp:attachment":[{"href":"https:\/\/www.apiacademy.es\/es\/wp-json\/wp\/v2\/media?parent=77518"}],"wp:term":[{"taxonomy":"product_cat","embeddable":true,"href":"https:\/\/www.apiacademy.es\/es\/wp-json\/wp\/v2\/product_cat?post=77518"},{"taxonomy":"product_tag","embeddable":true,"href":"https:\/\/www.apiacademy.es\/es\/wp-json\/wp\/v2\/product_tag?post=77518"},{"taxonomy":"oferta-formativa","embeddable":true,"href":"https:\/\/www.apiacademy.es\/es\/wp-json\/wp\/v2\/oferta-formativa?post=77518"},{"taxonomy":"tipologia_de_curs","embeddable":true,"href":"https:\/\/www.apiacademy.es\/es\/wp-json\/wp\/v2\/tipologia_de_curs?post=77518"},{"taxonomy":"modalitat_de_curs","embeddable":true,"href":"https:\/\/www.apiacademy.es\/es\/wp-json\/wp\/v2\/modalitat_de_curs?post=77518"},{"taxonomy":"destacado","embeddable":true,"href":"https:\/\/www.apiacademy.es\/es\/wp-json\/wp\/v2\/destacado?post=77518"}],"curies":[{"name":"wp","href":"https:\/\/api.w.org\/{rel}","templated":true}]}}