{"id":77066,"date":"2026-03-06T11:22:45","date_gmt":"2026-03-06T10:22:45","guid":{"rendered":"https:\/\/www.apiacademy.es\/?post_type=product&#038;p=77066"},"modified":"2026-04-21T14:11:50","modified_gmt":"2026-04-21T12:11:50","slug":"liderar-un-equip-dalt-rendiment","status":"publish","type":"product","link":"https:\/\/www.apiacademy.es\/es\/producto\/liderar-un-equip-dalt-rendiment\/","title":{"rendered":"Liderar un equipo de alto rendimiento"},"content":{"rendered":"<p>Este curso gu\u00eda a los agentes inmobiliarios en la transici\u00f3n de ser productores individuales o Gerentes de una inmobiliaria a construir una empresa escalable.<\/p>\n<p>Aprender\u00e1s a escalar el negocio mediante la \u201cpalanca\u201d: contratando talento en el orden estrat\u00e9gico correcto (comenzando por la administraci\u00f3n) y delegando responsabilidades.<\/p>\n<p>El objetivo es liberar el tiempo del l\u00edder para construir un negocio previsible y alcanzar el nivel, donde el equipo funciona y crece de manera totalmente aut\u00f3noma.<\/p>","protected":false},"excerpt":{"rendered":"<p>Aquest curs guia els agents immobiliaris en la transici\u00f3 de ser productors individuals o Gerents d\u2019una immobiliaria a construir una empresa escalable. Aprendr\u00e0s a escalar el negoci mitjan\u00e7ant la &#8220;palanca&#8221;: contractant talent en l&#8217;ordre estrat\u00e8gic correcte (comen\u00e7ant per l&#8217;administraci\u00f3) i delegant responsabilitats. L&#8217;objectiu \u00e9s alliberar el temps del l\u00edder per construir un negoci previsible i [&hellip;]<\/p>","protected":false},"featured_media":71354,"template":"","meta":[],"product_cat":[319],"product_tag":[],"oferta-formativa":[274],"tipologia_de_curs":[],"modalitat_de_curs":[],"destacado":[],"class_list":{"0":"post-77066","1":"product","2":"type-product","3":"status-publish","4":"has-post-thumbnail","6":"product_cat-actualitzacio-i-perfeccionament","7":"pa_tipus-de-formacio-online","8":"oferta-formativa-negoci-marqueting-i-vendes","10":"first","11":"instock","12":"sold-individually","13":"purchasable","14":"product-type-variable"},"_links":{"self":[{"href":"https:\/\/www.apiacademy.es\/es\/wp-json\/wp\/v2\/product\/77066"}],"collection":[{"href":"https:\/\/www.apiacademy.es\/es\/wp-json\/wp\/v2\/product"}],"about":[{"href":"https:\/\/www.apiacademy.es\/es\/wp-json\/wp\/v2\/types\/product"}],"version-history":[{"count":1,"href":"https:\/\/www.apiacademy.es\/es\/wp-json\/wp\/v2\/product\/77066\/revisions"}],"predecessor-version":[{"id":77071,"href":"https:\/\/www.apiacademy.es\/es\/wp-json\/wp\/v2\/product\/77066\/revisions\/77071"}],"wp:featuredmedia":[{"embeddable":true,"href":"https:\/\/www.apiacademy.es\/es\/wp-json\/wp\/v2\/media\/71354"}],"wp:attachment":[{"href":"https:\/\/www.apiacademy.es\/es\/wp-json\/wp\/v2\/media?parent=77066"}],"wp:term":[{"taxonomy":"product_cat","embeddable":true,"href":"https:\/\/www.apiacademy.es\/es\/wp-json\/wp\/v2\/product_cat?post=77066"},{"taxonomy":"product_tag","embeddable":true,"href":"https:\/\/www.apiacademy.es\/es\/wp-json\/wp\/v2\/product_tag?post=77066"},{"taxonomy":"oferta-formativa","embeddable":true,"href":"https:\/\/www.apiacademy.es\/es\/wp-json\/wp\/v2\/oferta-formativa?post=77066"},{"taxonomy":"tipologia_de_curs","embeddable":true,"href":"https:\/\/www.apiacademy.es\/es\/wp-json\/wp\/v2\/tipologia_de_curs?post=77066"},{"taxonomy":"modalitat_de_curs","embeddable":true,"href":"https:\/\/www.apiacademy.es\/es\/wp-json\/wp\/v2\/modalitat_de_curs?post=77066"},{"taxonomy":"destacado","embeddable":true,"href":"https:\/\/www.apiacademy.es\/es\/wp-json\/wp\/v2\/destacado?post=77066"}],"curies":[{"name":"wp","href":"https:\/\/api.w.org\/{rel}","templated":true}]}}