{"id":77055,"date":"2026-03-05T16:38:41","date_gmt":"2026-03-05T15:38:41","guid":{"rendered":"https:\/\/www.apiacademy.es\/?post_type=product&#038;p=77055"},"modified":"2026-04-16T16:52:42","modified_gmt":"2026-04-16T14:52:42","slug":"captar-de-forma-consistent","status":"publish","type":"product","link":"https:\/\/www.apiacademy.es\/es\/producto\/captar-de-forma-consistent\/","title":{"rendered":"Captar de forma consistente"},"content":{"rendered":"<p>El secreto para romper los ciclos de \u201cmonta\u00f1a rusa\u201d de ingresos no es trabajar m\u00e1s horas, sino implementar un sistema de generaci\u00f3n de leads.<\/p>\n<p>Este curso ense\u00f1a a transformar la captaci\u00f3n de una actividad espor\u00e1dica en un proceso industrial y predecible. Aprender\u00e1s a diferenciar entre prospectar y hacer marketing, a construir y alimentar una base de datos que genere retornos constantes y a aplicar sistemas de seguimiento para convertir desconocidos en clientes fieles.<\/p>","protected":false},"excerpt":{"rendered":"<p>El secret per trencar els cicles &#8220;muntanya russa&#8221; d&#8217;ingressos no \u00e9s treballar m\u00e9s hores, sin\u00f3 implementar un\u00a0sistema de generaci\u00f3 de leads. Aquest curs ensenya a transformar la captaci\u00f3 d&#8217;una activitat espor\u00e0dica en un proc\u00e9s industrial i predictible. Aprendr\u00e0s a diferenciar entre prospectar i fer m\u00e0rqueting, a construir i alimentar una base de dades que generi [&hellip;]<\/p>","protected":false},"featured_media":77060,"template":"","meta":[],"product_cat":[319],"product_tag":[],"oferta-formativa":[274],"tipologia_de_curs":[],"modalitat_de_curs":[],"destacado":[],"class_list":{"0":"post-77055","1":"product","2":"type-product","3":"status-publish","4":"has-post-thumbnail","6":"product_cat-actualitzacio-i-perfeccionament","7":"pa_tipus-de-formacio-online-es","8":"oferta-formativa-negoci-marqueting-i-vendes","10":"first","11":"instock","12":"sold-individually","13":"purchasable","14":"product-type-variable","15":"has-default-attributes"},"_links":{"self":[{"href":"https:\/\/www.apiacademy.es\/es\/wp-json\/wp\/v2\/product\/77055"}],"collection":[{"href":"https:\/\/www.apiacademy.es\/es\/wp-json\/wp\/v2\/product"}],"about":[{"href":"https:\/\/www.apiacademy.es\/es\/wp-json\/wp\/v2\/types\/product"}],"version-history":[{"count":1,"href":"https:\/\/www.apiacademy.es\/es\/wp-json\/wp\/v2\/product\/77055\/revisions"}],"predecessor-version":[{"id":77059,"href":"https:\/\/www.apiacademy.es\/es\/wp-json\/wp\/v2\/product\/77055\/revisions\/77059"}],"wp:featuredmedia":[{"embeddable":true,"href":"https:\/\/www.apiacademy.es\/es\/wp-json\/wp\/v2\/media\/77060"}],"wp:attachment":[{"href":"https:\/\/www.apiacademy.es\/es\/wp-json\/wp\/v2\/media?parent=77055"}],"wp:term":[{"taxonomy":"product_cat","embeddable":true,"href":"https:\/\/www.apiacademy.es\/es\/wp-json\/wp\/v2\/product_cat?post=77055"},{"taxonomy":"product_tag","embeddable":true,"href":"https:\/\/www.apiacademy.es\/es\/wp-json\/wp\/v2\/product_tag?post=77055"},{"taxonomy":"oferta-formativa","embeddable":true,"href":"https:\/\/www.apiacademy.es\/es\/wp-json\/wp\/v2\/oferta-formativa?post=77055"},{"taxonomy":"tipologia_de_curs","embeddable":true,"href":"https:\/\/www.apiacademy.es\/es\/wp-json\/wp\/v2\/tipologia_de_curs?post=77055"},{"taxonomy":"modalitat_de_curs","embeddable":true,"href":"https:\/\/www.apiacademy.es\/es\/wp-json\/wp\/v2\/modalitat_de_curs?post=77055"},{"taxonomy":"destacado","embeddable":true,"href":"https:\/\/www.apiacademy.es\/es\/wp-json\/wp\/v2\/destacado?post=77055"}],"curies":[{"name":"wp","href":"https:\/\/api.w.org\/{rel}","templated":true}]}}