{"id":77043,"date":"2026-03-05T15:45:14","date_gmt":"2026-03-05T14:45:14","guid":{"rendered":"https:\/\/www.apiacademy.es\/?post_type=product&#038;p=77043"},"modified":"2026-04-16T16:53:35","modified_gmt":"2026-04-16T14:53:35","slug":"dagent-ocupat-a-assessor-imparable","status":"publish","type":"product","link":"https:\/\/www.apiacademy.es\/es\/producto\/dagent-ocupat-a-assessor-imparable\/","title":{"rendered":"De agente ocupado a asesor imparable"},"content":{"rendered":"<p>El sector inmobiliario vive en un entorno de alta presi\u00f3n comercial, m\u00faltiples interrupciones, sensaci\u00f3n constante de urgencia y agenda llena, pero con un enfoque difuso.<br \/>\nMuchos agentes trabajan intensamente\u2026 pero no siempre trabajan estrat\u00e9gicamente. Esta formaci\u00f3n nace para transformar esta realidad.<\/p>\n<p>El objetivo de esta formaci\u00f3n es dotar a los agentes inmobiliarios de un sistema pr\u00e1ctico de priorizaci\u00f3n y organizaci\u00f3n personal que les permita:<br \/>\n\u2022 Incrementar los resultados comerciales<br \/>\n\u2022 Reducir la sensaci\u00f3n de caos<br \/>\n\u2022 Enfocarse en lo que genera resultados<br \/>\n\u2022 Trabajar con m\u00e1s claridad y control<\/p>\n<p>No se trata de hacer m\u00e1s. Se trata de hacer aquello que importa.<\/p>\n<p>La sesi\u00f3n es eminentemente pr\u00e1ctica y participativa donde se trabajan h\u00e1bitos improductivos del sector, se realizan simulaciones de escenarios de presi\u00f3n comercial y se analizan formas de trabajar para identificar \u00e1reas de mejora en la priorizaci\u00f3n de tareas y gesti\u00f3n del tiempo.<\/p>\n<p>&nbsp;<\/p>","protected":false},"excerpt":{"rendered":"<p>El sector immobiliari viu en un entorn d&#8217; alta pressi\u00f3 comercial, m\u00faltiples interrupcions, sensaci\u00f3 constant d&#8217;urg\u00e8ncia i agenda plena, per\u00f2 focus dif\u00fas. Molts agents treballen intensament\u2026per\u00f2 no sempre treballen estrat\u00e8gicament. Aquesta formaci\u00f3 neix per transformar aquesta realitat. L&#8217;objectiu d&#8217;aquesta formaci\u00f3 \u00e9s dotar els agents immobiliaris d\u2019un sistema pr\u00e0ctic de prioritzaci\u00f3 i organitzaci\u00f3 personal que els [&hellip;]<\/p>","protected":false},"featured_media":77049,"template":"","meta":[],"product_cat":[319],"product_tag":[],"oferta-formativa":[274],"tipologia_de_curs":[],"modalitat_de_curs":[],"destacado":[],"class_list":{"0":"post-77043","1":"product","2":"type-product","3":"status-publish","4":"has-post-thumbnail","6":"product_cat-actualitzacio-i-perfeccionament","7":"pa_tipus-de-formacio-online-es","8":"oferta-formativa-negoci-marqueting-i-vendes","10":"first","11":"instock","12":"sold-individually","13":"purchasable","14":"product-type-variable","15":"has-default-attributes"},"_links":{"self":[{"href":"https:\/\/www.apiacademy.es\/es\/wp-json\/wp\/v2\/product\/77043"}],"collection":[{"href":"https:\/\/www.apiacademy.es\/es\/wp-json\/wp\/v2\/product"}],"about":[{"href":"https:\/\/www.apiacademy.es\/es\/wp-json\/wp\/v2\/types\/product"}],"version-history":[{"count":6,"href":"https:\/\/www.apiacademy.es\/es\/wp-json\/wp\/v2\/product\/77043\/revisions"}],"predecessor-version":[{"id":77053,"href":"https:\/\/www.apiacademy.es\/es\/wp-json\/wp\/v2\/product\/77043\/revisions\/77053"}],"wp:featuredmedia":[{"embeddable":true,"href":"https:\/\/www.apiacademy.es\/es\/wp-json\/wp\/v2\/media\/77049"}],"wp:attachment":[{"href":"https:\/\/www.apiacademy.es\/es\/wp-json\/wp\/v2\/media?parent=77043"}],"wp:term":[{"taxonomy":"product_cat","embeddable":true,"href":"https:\/\/www.apiacademy.es\/es\/wp-json\/wp\/v2\/product_cat?post=77043"},{"taxonomy":"product_tag","embeddable":true,"href":"https:\/\/www.apiacademy.es\/es\/wp-json\/wp\/v2\/product_tag?post=77043"},{"taxonomy":"oferta-formativa","embeddable":true,"href":"https:\/\/www.apiacademy.es\/es\/wp-json\/wp\/v2\/oferta-formativa?post=77043"},{"taxonomy":"tipologia_de_curs","embeddable":true,"href":"https:\/\/www.apiacademy.es\/es\/wp-json\/wp\/v2\/tipologia_de_curs?post=77043"},{"taxonomy":"modalitat_de_curs","embeddable":true,"href":"https:\/\/www.apiacademy.es\/es\/wp-json\/wp\/v2\/modalitat_de_curs?post=77043"},{"taxonomy":"destacado","embeddable":true,"href":"https:\/\/www.apiacademy.es\/es\/wp-json\/wp\/v2\/destacado?post=77043"}],"curies":[{"name":"wp","href":"https:\/\/api.w.org\/{rel}","templated":true}]}}