{"id":76565,"date":"2026-02-13T12:29:46","date_gmt":"2026-02-13T11:29:46","guid":{"rendered":"https:\/\/www.apiacademy.es\/?post_type=product&#038;p=76565"},"modified":"2026-03-31T18:02:32","modified_gmt":"2026-03-31T16:02:32","slug":"curs-basic-de-valoracio-immobiliaria-per-a-apis","status":"publish","type":"product","link":"https:\/\/www.apiacademy.es\/es\/producto\/curs-basic-de-valoracio-immobiliaria-per-a-apis\/","title":{"rendered":"Curso b\u00e1sico de valoraci\u00f3n inmobiliaria para APIs"},"content":{"rendered":"<p>Este curso intensivo de 2 horas est\u00e1 dise\u00f1ado para Agentes de la Propiedad Inmobiliaria que se inician en el sector y necesitan adquirir, en un corto per\u00edodo de tiempo, criterio, m\u00e9todo y seguridad para realizar valoraciones orientativas de mercado, especialmente en contextos de captaci\u00f3n de inmuebles.<\/p>\n<p>La formaci\u00f3n no tiene como finalidad convertir al alumno en tasador ni perito, sino dotarle de una base s\u00f3lida y estructurada que le permita entender c\u00f3mo se forma el valor, identificar qu\u00e9 m\u00e9todo es el m\u00e1s adecuado seg\u00fan el tipo de inmueble y su finalidad, y defender un intervalo de precio con argumentos profesionales ante el propietario.<\/p>\n<p>&nbsp;<\/p>\n<p>Al finalizar el curso, el alumno ser\u00e1 capaz de:<\/p>\n<p>\u2022 Entender c\u00f3mo se construye el valor de un inmueble en el mercado.<br \/>\n\u2022 Identificar el m\u00e9todo de valoraci\u00f3n m\u00e1s adecuado seg\u00fan el caso.<br \/>\n\u2022 Realizar una valoraci\u00f3n orientativa coherente y defendible para la captaci\u00f3n.<br \/>\n\u2022 Explicar con seguridad al propietario por qu\u00e9 este precio y no otro.<br \/>\n\u2022 Saber cu\u00e1ndo hay que parar y derivar la valoraci\u00f3n a un profesional especializado.<\/p>","protected":false},"excerpt":{"rendered":"<p>Aquest curs intensiu de 2 hores est\u00e0 dissenyat per a Agents de la Propietat Immobili\u00e0ria que s&#8217;inicien en el sector i necessiten adquirir, en un curt per\u00edode de temps, criteri, m\u00e8tode i seguretat per realitzar valoracions orientatives de mercat, especialment en contextos de captaci\u00f3 d&#8217;immobles. La formaci\u00f3 no t\u00e9 com a finalitat convertir l&#8217;alumne en [&hellip;]<\/p>","protected":false},"featured_media":76572,"template":"","meta":[],"product_cat":[319,345],"product_tag":[],"oferta-formativa":[274],"tipologia_de_curs":[],"modalitat_de_curs":[],"destacado":[],"class_list":{"0":"post-76565","1":"product","2":"type-product","3":"status-publish","4":"has-post-thumbnail","6":"product_cat-actualitzacio-i-perfeccionament","7":"product_cat-fonaments-api","8":"pa_tipus-de-formacio-online-es","9":"oferta-formativa-negoci-marqueting-i-vendes","11":"first","12":"outofstock","13":"sold-individually","14":"purchasable","15":"product-type-variable"},"_links":{"self":[{"href":"https:\/\/www.apiacademy.es\/es\/wp-json\/wp\/v2\/product\/76565"}],"collection":[{"href":"https:\/\/www.apiacademy.es\/es\/wp-json\/wp\/v2\/product"}],"about":[{"href":"https:\/\/www.apiacademy.es\/es\/wp-json\/wp\/v2\/types\/product"}],"version-history":[{"count":6,"href":"https:\/\/www.apiacademy.es\/es\/wp-json\/wp\/v2\/product\/76565\/revisions"}],"predecessor-version":[{"id":76576,"href":"https:\/\/www.apiacademy.es\/es\/wp-json\/wp\/v2\/product\/76565\/revisions\/76576"}],"wp:featuredmedia":[{"embeddable":true,"href":"https:\/\/www.apiacademy.es\/es\/wp-json\/wp\/v2\/media\/76572"}],"wp:attachment":[{"href":"https:\/\/www.apiacademy.es\/es\/wp-json\/wp\/v2\/media?parent=76565"}],"wp:term":[{"taxonomy":"product_cat","embeddable":true,"href":"https:\/\/www.apiacademy.es\/es\/wp-json\/wp\/v2\/product_cat?post=76565"},{"taxonomy":"product_tag","embeddable":true,"href":"https:\/\/www.apiacademy.es\/es\/wp-json\/wp\/v2\/product_tag?post=76565"},{"taxonomy":"oferta-formativa","embeddable":true,"href":"https:\/\/www.apiacademy.es\/es\/wp-json\/wp\/v2\/oferta-formativa?post=76565"},{"taxonomy":"tipologia_de_curs","embeddable":true,"href":"https:\/\/www.apiacademy.es\/es\/wp-json\/wp\/v2\/tipologia_de_curs?post=76565"},{"taxonomy":"modalitat_de_curs","embeddable":true,"href":"https:\/\/www.apiacademy.es\/es\/wp-json\/wp\/v2\/modalitat_de_curs?post=76565"},{"taxonomy":"destacado","embeddable":true,"href":"https:\/\/www.apiacademy.es\/es\/wp-json\/wp\/v2\/destacado?post=76565"}],"curies":[{"name":"wp","href":"https:\/\/api.w.org\/{rel}","templated":true}]}}