{"id":76541,"date":"2026-02-11T16:32:06","date_gmt":"2026-02-11T15:32:06","guid":{"rendered":"https:\/\/www.apiacademy.es\/?post_type=product&#038;p=76541"},"modified":"2026-04-28T17:39:20","modified_gmt":"2026-04-28T15:39:20","slug":"problemes-reals-en-compres-immobiliaries-casos-reals-i-solucions-juridiques","status":"publish","type":"product","link":"https:\/\/www.apiacademy.es\/es\/producto\/problemes-reals-en-compres-immobiliaries-casos-reals-i-solucions-juridiques\/","title":{"rendered":"Problemes reals en compres immobili\u00e0ries: casos reals i solucions jur\u00eddiques"},"content":{"rendered":"<p data-path-to-node=\"3\">En el dia a dia del sector immobiliari, la difer\u00e8ncia entre una operaci\u00f3 d&#8217;\u00e8xit i una venda fallida rau, sovint, en la capacitat de preveure i resoldre conflictes jur\u00eddics. Aquest curs ofereix una visi\u00f3 eminentment pr\u00e0ctica de l&#8217;exercici professional.<\/p>\n<p data-path-to-node=\"3\">L&#8217;objectiu d&#8217;aquesta formaci\u00f3 \u00e9s compartir amb els alumnes els problemes reals i recurrents detectats en operacions de compravenda immobili\u00e0ria durant l&#8217;exercici professional, analitzant com es van identificar, com es van gestionar i quines solucions jur\u00eddiques o estrat\u00e8giques es van adoptar, fomentant la reflexi\u00f3 conjunta i l&#8217;aprenentatge pr\u00e0ctic.<\/p>\n<p data-path-to-node=\"4\">","protected":false},"excerpt":{"rendered":"<p>En el dia a dia del sector immobiliari, la difer\u00e8ncia entre una operaci\u00f3 d&#8217;\u00e8xit i una venda fallida rau, sovint, en la capacitat de preveure i resoldre conflictes jur\u00eddics. Aquest curs ofereix una visi\u00f3 eminentment pr\u00e0ctica de l&#8217;exercici professional. L&#8217;objectiu d&#8217;aquesta formaci\u00f3 \u00e9s compartir amb els alumnes els problemes reals i recurrents detectats en operacions [&hellip;]<\/p>","protected":false},"featured_media":76546,"template":"","meta":[],"product_cat":[319],"product_tag":[],"oferta-formativa":[273],"tipologia_de_curs":[],"modalitat_de_curs":[],"destacado":[],"class_list":{"0":"post-76541","1":"product","2":"type-product","3":"status-publish","4":"has-post-thumbnail","6":"product_cat-actualitzacio-i-perfeccionament","7":"pa_tipus-de-formacio-online","8":"oferta-formativa-juridic-i-fiscal","10":"first","11":"instock","12":"sold-individually","13":"purchasable","14":"product-type-variable"},"_links":{"self":[{"href":"https:\/\/www.apiacademy.es\/es\/wp-json\/wp\/v2\/product\/76541"}],"collection":[{"href":"https:\/\/www.apiacademy.es\/es\/wp-json\/wp\/v2\/product"}],"about":[{"href":"https:\/\/www.apiacademy.es\/es\/wp-json\/wp\/v2\/types\/product"}],"version-history":[{"count":5,"href":"https:\/\/www.apiacademy.es\/es\/wp-json\/wp\/v2\/product\/76541\/revisions"}],"predecessor-version":[{"id":78041,"href":"https:\/\/www.apiacademy.es\/es\/wp-json\/wp\/v2\/product\/76541\/revisions\/78041"}],"wp:featuredmedia":[{"embeddable":true,"href":"https:\/\/www.apiacademy.es\/es\/wp-json\/wp\/v2\/media\/76546"}],"wp:attachment":[{"href":"https:\/\/www.apiacademy.es\/es\/wp-json\/wp\/v2\/media?parent=76541"}],"wp:term":[{"taxonomy":"product_cat","embeddable":true,"href":"https:\/\/www.apiacademy.es\/es\/wp-json\/wp\/v2\/product_cat?post=76541"},{"taxonomy":"product_tag","embeddable":true,"href":"https:\/\/www.apiacademy.es\/es\/wp-json\/wp\/v2\/product_tag?post=76541"},{"taxonomy":"oferta-formativa","embeddable":true,"href":"https:\/\/www.apiacademy.es\/es\/wp-json\/wp\/v2\/oferta-formativa?post=76541"},{"taxonomy":"tipologia_de_curs","embeddable":true,"href":"https:\/\/www.apiacademy.es\/es\/wp-json\/wp\/v2\/tipologia_de_curs?post=76541"},{"taxonomy":"modalitat_de_curs","embeddable":true,"href":"https:\/\/www.apiacademy.es\/es\/wp-json\/wp\/v2\/modalitat_de_curs?post=76541"},{"taxonomy":"destacado","embeddable":true,"href":"https:\/\/www.apiacademy.es\/es\/wp-json\/wp\/v2\/destacado?post=76541"}],"curies":[{"name":"wp","href":"https:\/\/api.w.org\/{rel}","templated":true}]}}