{"id":76240,"date":"2026-01-27T10:23:31","date_gmt":"2026-01-27T09:23:31","guid":{"rendered":"https:\/\/www.apiacademy.es\/?post_type=product&#038;p=76240"},"modified":"2026-04-29T11:51:17","modified_gmt":"2026-04-29T09:51:17","slug":"agent-immobiliari-del-comprador-2","status":"publish","type":"product","link":"https:\/\/www.apiacademy.es\/es\/producto\/agent-immobiliari-del-comprador-2\/","title":{"rendered":"Agente inmobiliario del comprador"},"content":{"rendered":"<p>Este curso est\u00e1 dise\u00f1ado para formar agentes inmobiliarios del comprador (AIC), proporcionando una visi\u00f3n integral de sus funciones y responsabilidades. Se explorar\u00e1 la evoluci\u00f3n del rol, las formas de representaci\u00f3n y los pilares fundamentales del servicio que ofrecen. Adem\u00e1s, se detallan los servicios clave que un AIC proporciona, que abarcan desde el asesoramiento inmobiliario y financiero hasta la asistencia t\u00e9cnica y legal, incluyendo servicios posventa.<\/p>\n<p>El curso tambi\u00e9n propone estrategias de captaci\u00f3n de clientes mediante t\u00e9cnicas de marketing, SEO\/SEM y redes sociales, as\u00ed como en la gesti\u00f3n de la relaci\u00f3n con el comprador, desde la primera reuni\u00f3n hasta la firma del contrato. Finalmente, se trata la negociaci\u00f3n, el cierre de operaciones y las herramientas necesarias para optimizar el trabajo de la AIC, asegurando una representaci\u00f3n efectiva y satisfactoria del comprador en todo el proceso de adquisici\u00f3n de una vivienda.<\/p>\n<p>&nbsp;<\/p>","protected":false},"excerpt":{"rendered":"<p>Aquest curs est\u00e0 dissenyat per formar agents immobiliaris del comprador (AIC), proporcionant una visi\u00f3 integral de les seves funcions i responsabilitats. S\u2019explorar\u00e0 l\u2019evoluci\u00f3 del rol, les formes de representaci\u00f3 i els pilars fonamentals del servei que ofereixen. A m\u00e9s, es detallen els serveis clau que un AIC proporciona, que abasten des de l\u2019assessorament immobiliari i [&hellip;]<\/p>","protected":false},"featured_media":29101,"template":"","meta":[],"product_cat":[319],"product_tag":[],"oferta-formativa":[273],"tipologia_de_curs":[],"modalitat_de_curs":[],"destacado":[],"class_list":{"0":"post-76240","1":"product","2":"type-product","3":"status-publish","4":"has-post-thumbnail","6":"product_cat-actualitzacio-i-perfeccionament","7":"pa_tipus-de-formacio-presencial","8":"oferta-formativa-juridic-i-fiscal","10":"first","11":"instock","12":"sold-individually","13":"purchasable","14":"product-type-variable"},"_links":{"self":[{"href":"https:\/\/www.apiacademy.es\/es\/wp-json\/wp\/v2\/product\/76240"}],"collection":[{"href":"https:\/\/www.apiacademy.es\/es\/wp-json\/wp\/v2\/product"}],"about":[{"href":"https:\/\/www.apiacademy.es\/es\/wp-json\/wp\/v2\/types\/product"}],"version-history":[{"count":3,"href":"https:\/\/www.apiacademy.es\/es\/wp-json\/wp\/v2\/product\/76240\/revisions"}],"predecessor-version":[{"id":77038,"href":"https:\/\/www.apiacademy.es\/es\/wp-json\/wp\/v2\/product\/76240\/revisions\/77038"}],"wp:featuredmedia":[{"embeddable":true,"href":"https:\/\/www.apiacademy.es\/es\/wp-json\/wp\/v2\/media\/29101"}],"wp:attachment":[{"href":"https:\/\/www.apiacademy.es\/es\/wp-json\/wp\/v2\/media?parent=76240"}],"wp:term":[{"taxonomy":"product_cat","embeddable":true,"href":"https:\/\/www.apiacademy.es\/es\/wp-json\/wp\/v2\/product_cat?post=76240"},{"taxonomy":"product_tag","embeddable":true,"href":"https:\/\/www.apiacademy.es\/es\/wp-json\/wp\/v2\/product_tag?post=76240"},{"taxonomy":"oferta-formativa","embeddable":true,"href":"https:\/\/www.apiacademy.es\/es\/wp-json\/wp\/v2\/oferta-formativa?post=76240"},{"taxonomy":"tipologia_de_curs","embeddable":true,"href":"https:\/\/www.apiacademy.es\/es\/wp-json\/wp\/v2\/tipologia_de_curs?post=76240"},{"taxonomy":"modalitat_de_curs","embeddable":true,"href":"https:\/\/www.apiacademy.es\/es\/wp-json\/wp\/v2\/modalitat_de_curs?post=76240"},{"taxonomy":"destacado","embeddable":true,"href":"https:\/\/www.apiacademy.es\/es\/wp-json\/wp\/v2\/destacado?post=76240"}],"curies":[{"name":"wp","href":"https:\/\/api.w.org\/{rel}","templated":true}]}}