{"id":76224,"date":"2026-01-26T15:57:57","date_gmt":"2026-01-26T14:57:57","guid":{"rendered":"https:\/\/www.apiacademy.es\/?post_type=product&#038;p=76224"},"modified":"2026-05-07T18:58:06","modified_gmt":"2026-05-07T16:58:06","slug":"autolideratge-per-a-agents-immobiliaris","status":"publish","type":"product","link":"https:\/\/www.apiacademy.es\/es\/producto\/autolideratge-per-a-agents-immobiliaris\/","title":{"rendered":"Autoliderazgo para agentes inmobiliarios"},"content":{"rendered":"<p>Este curso de autoliderazgo para agentes inmobiliarios ofrece una transformaci\u00f3n profunda en la forma de gestionar la actividad comercial, alej\u00e1ndose de las recetas de motivaci\u00f3n pasajera para centrarse en un cambio de comportamiento real y tangible. El programa proporciona las herramientas necesarias para que el profesional aprenda a liderarse a s\u00ed mismo antes de intentar liderar al cliente, estableciendo la responsabilidad radical y la gesti\u00f3n emocional como ejes para afrontar con \u00e9xito la presi\u00f3n, el rechazo y la incertidumbre propios del sector.<\/p>\n<p>Mediante din\u00e1micas pr\u00e1cticas y el an\u00e1lisis de situaciones reales, el curso garantiza que el participante salga con una estructura mental m\u00e1s s\u00f3lida, una agenda m\u00e1s controlada y la capacidad de proyectar la seguridad que el cliente necesita para tomar decisiones, lo que se traduce directamente en una reducci\u00f3n del desgaste emocional y un aumento sostenible de los resultados comerciales.<\/p>","protected":false},"excerpt":{"rendered":"<p>Aquest curs d&#8217;autolideratge per a agents immobiliaris ofereix una transformaci\u00f3 profunda en la manera de gestionar l&#8217;activitat comercial, allunyant-se de les receptes de motivaci\u00f3 passatgera per centrar-se en un canvi de comportament real i tangible. El programa proporciona les eines necess\u00e0ries perqu\u00e8 el professional aprengui a liderar-se a si mateix abans d&#8217;intentar liderar el client, [&hellip;]<\/p>","protected":false},"featured_media":76228,"template":"","meta":[],"product_cat":[319],"product_tag":[],"oferta-formativa":[274],"tipologia_de_curs":[],"modalitat_de_curs":[],"destacado":[],"class_list":{"0":"post-76224","1":"product","2":"type-product","3":"status-publish","4":"has-post-thumbnail","6":"product_cat-actualitzacio-i-perfeccionament","7":"pa_tipus-de-formacio-online-es","8":"oferta-formativa-negoci-marqueting-i-vendes","10":"first","11":"instock","12":"sold-individually","13":"purchasable","14":"product-type-variable","15":"has-default-attributes"},"_links":{"self":[{"href":"https:\/\/www.apiacademy.es\/es\/wp-json\/wp\/v2\/product\/76224"}],"collection":[{"href":"https:\/\/www.apiacademy.es\/es\/wp-json\/wp\/v2\/product"}],"about":[{"href":"https:\/\/www.apiacademy.es\/es\/wp-json\/wp\/v2\/types\/product"}],"version-history":[{"count":4,"href":"https:\/\/www.apiacademy.es\/es\/wp-json\/wp\/v2\/product\/76224\/revisions"}],"predecessor-version":[{"id":77978,"href":"https:\/\/www.apiacademy.es\/es\/wp-json\/wp\/v2\/product\/76224\/revisions\/77978"}],"wp:featuredmedia":[{"embeddable":true,"href":"https:\/\/www.apiacademy.es\/es\/wp-json\/wp\/v2\/media\/76228"}],"wp:attachment":[{"href":"https:\/\/www.apiacademy.es\/es\/wp-json\/wp\/v2\/media?parent=76224"}],"wp:term":[{"taxonomy":"product_cat","embeddable":true,"href":"https:\/\/www.apiacademy.es\/es\/wp-json\/wp\/v2\/product_cat?post=76224"},{"taxonomy":"product_tag","embeddable":true,"href":"https:\/\/www.apiacademy.es\/es\/wp-json\/wp\/v2\/product_tag?post=76224"},{"taxonomy":"oferta-formativa","embeddable":true,"href":"https:\/\/www.apiacademy.es\/es\/wp-json\/wp\/v2\/oferta-formativa?post=76224"},{"taxonomy":"tipologia_de_curs","embeddable":true,"href":"https:\/\/www.apiacademy.es\/es\/wp-json\/wp\/v2\/tipologia_de_curs?post=76224"},{"taxonomy":"modalitat_de_curs","embeddable":true,"href":"https:\/\/www.apiacademy.es\/es\/wp-json\/wp\/v2\/modalitat_de_curs?post=76224"},{"taxonomy":"destacado","embeddable":true,"href":"https:\/\/www.apiacademy.es\/es\/wp-json\/wp\/v2\/destacado?post=76224"}],"curies":[{"name":"wp","href":"https:\/\/api.w.org\/{rel}","templated":true}]}}