{"id":75774,"date":"2026-01-19T12:00:27","date_gmt":"2026-01-19T11:00:27","guid":{"rendered":"https:\/\/www.apiacademy.es\/?post_type=product&#038;p=75774"},"modified":"2026-04-21T10:56:45","modified_gmt":"2026-04-21T08:56:45","slug":"formacio-dagents-immobiliaris-acces-al-registre-aicat-full-time-curso-en-idioma-espanol","status":"publish","type":"product","link":"https:\/\/www.apiacademy.es\/es\/producto\/formacio-dagents-immobiliaris-acces-al-registre-aicat-full-time-curso-en-idioma-espanol\/","title":{"rendered":"Formaci\u00f3n de agentes inmobiliarios. Acceso al registro AICAT Full Time (curso en idioma espa\u00f1ol)"},"content":{"rendered":"<p>El ejercicio de la profesi\u00f3n inmobiliaria est\u00e1 regulado en Catalu\u00f1a por la Generalitat. Este curso, que permite acceder al Registro AICAT, consta de 12 m\u00f3dulos que responden a las competencias b\u00e1sicas homologadas y reconocidas por la Generalitat de Catalu\u00f1a. Con una metodolog\u00eda en l\u00ednea, innovadora, din\u00e1mica y actualizada, donde prevalece la flexibilidad de estudio. El participante accede a los 12 m\u00f3dulos  que su auto-gestionables.<\/p>\n<p>El alumno dispone de la libertad de adaptar las 200 horas lectivas de este curso a sus necesidades de agenda gracias a ser un curso auto-gestionable que incluye:<\/p>\n<ul>\n<li>Materiales actualizados realizados por docentes con amplia experiencia en el sector inmobiliario.<\/li>\n<li>Tests de autoevaluaci\u00f3n por cada m\u00f3dulo que le permitir\u00e1n conocer si est\u00e1 asimilando los conocimientos de forma eficiente.<\/li>\n<li>Tutor\u00edas online con los tutores de cada m\u00f3dulo donde se podr\u00e1n resolver aquellas dudas que la materia hubiera podido originar.<\/li>\n<li>Foro de dudas, con el que mantener contacto directo con los tutores de cada m\u00f3dulo y resolver dudas de forma \u00e1gil y eficiente.<\/li>\n<\/ul>\n<p>Una vez superados la totalidad de m\u00f3dulos de los que se compone este curso, el alumno tendr\u00e1 acceso al examen final.<\/p>\n<p>En el momento que el alumno supere el examen final, dispondr\u00e1 de su diploma homologado que le facultar\u00e1 poder acceder al registro AICAT, para ejercer como profesional inmobiliario en Catalu\u00f1a.<\/p>\n<p><strong>Destinatarios<\/strong><\/p>\n<p>Cualquier persona interesada en ejercer como profesional de la gesti\u00f3n de la intermediaci\u00f3n inmobiliaria.<\/p>\n<p>&nbsp;<\/p>\n<p dir=\"ltr\" data-placeholder=\"Traducci\u00f3n\"><img decoding=\"async\" class=\"wp-image-481 alignleft\" src=\"https:\/\/www.apiacademy.es\/wp-content\/uploads\/2017\/03\/CAT\u00c0LEG-FORMACI\u00d3-2017-PDF.bmp\" alt=\"\" width=\"197\" height=\"72\" \/><\/p>","protected":false},"excerpt":{"rendered":"<p>L\u2019exercici de la professi\u00f3 immobili\u00e0ria est\u00e0 regulat a Catalunya per la Generalitat. Aquest curs, que permet accedir al Registre AICAT, consta de 12 m\u00f2duls que responen a les compet\u00e8ncies b\u00e0siques homologades i reconegudes per la Generalitat de Catalunya. Amb una metodologia online, innovadora, din\u00e0mica i actualitzada, on preval la flexibilitat d\u2019estudi. El participant accedeix als [&hellip;]<\/p>","protected":false},"featured_media":29167,"template":"","meta":[],"product_cat":[323],"product_tag":[],"oferta-formativa":[276],"tipologia_de_curs":[],"modalitat_de_curs":[],"destacado":[309],"class_list":{"0":"post-75774","1":"product","2":"type-product","3":"status-publish","4":"has-post-thumbnail","6":"product_cat-certificacions","7":"pa_tipus-de-formacio-online","8":"oferta-formativa-transversal","9":"destacado-destacado-home","11":"first","12":"instock","13":"sold-individually","14":"purchasable","15":"product-type-variable"},"_links":{"self":[{"href":"https:\/\/www.apiacademy.es\/es\/wp-json\/wp\/v2\/product\/75774"}],"collection":[{"href":"https:\/\/www.apiacademy.es\/es\/wp-json\/wp\/v2\/product"}],"about":[{"href":"https:\/\/www.apiacademy.es\/es\/wp-json\/wp\/v2\/types\/product"}],"version-history":[{"count":2,"href":"https:\/\/www.apiacademy.es\/es\/wp-json\/wp\/v2\/product\/75774\/revisions"}],"predecessor-version":[{"id":76515,"href":"https:\/\/www.apiacademy.es\/es\/wp-json\/wp\/v2\/product\/75774\/revisions\/76515"}],"wp:featuredmedia":[{"embeddable":true,"href":"https:\/\/www.apiacademy.es\/es\/wp-json\/wp\/v2\/media\/29167"}],"wp:attachment":[{"href":"https:\/\/www.apiacademy.es\/es\/wp-json\/wp\/v2\/media?parent=75774"}],"wp:term":[{"taxonomy":"product_cat","embeddable":true,"href":"https:\/\/www.apiacademy.es\/es\/wp-json\/wp\/v2\/product_cat?post=75774"},{"taxonomy":"product_tag","embeddable":true,"href":"https:\/\/www.apiacademy.es\/es\/wp-json\/wp\/v2\/product_tag?post=75774"},{"taxonomy":"oferta-formativa","embeddable":true,"href":"https:\/\/www.apiacademy.es\/es\/wp-json\/wp\/v2\/oferta-formativa?post=75774"},{"taxonomy":"tipologia_de_curs","embeddable":true,"href":"https:\/\/www.apiacademy.es\/es\/wp-json\/wp\/v2\/tipologia_de_curs?post=75774"},{"taxonomy":"modalitat_de_curs","embeddable":true,"href":"https:\/\/www.apiacademy.es\/es\/wp-json\/wp\/v2\/modalitat_de_curs?post=75774"},{"taxonomy":"destacado","embeddable":true,"href":"https:\/\/www.apiacademy.es\/es\/wp-json\/wp\/v2\/destacado?post=75774"}],"curies":[{"name":"wp","href":"https:\/\/api.w.org\/{rel}","templated":true}]}}