{"id":75208,"date":"2026-01-07T14:51:53","date_gmt":"2026-01-07T13:51:53","guid":{"rendered":"https:\/\/www.apiacademy.es\/?post_type=product&#038;p=75208"},"modified":"2026-03-04T18:32:35","modified_gmt":"2026-03-04T17:32:35","slug":"la-compra-venda-immobiliaria-com-a-proces-emocional","status":"publish","type":"product","link":"https:\/\/www.apiacademy.es\/es\/producto\/la-compra-venda-immobiliaria-com-a-proces-emocional\/","title":{"rendered":"La compra-venta inmobiliaria como proceso emocional"},"content":{"rendered":"<p>La compra-venta inmobiliaria es un proceso profundamente emocional. En este curso aprender\u00e1s c\u00f3mo funciona el cerebro del comprador y por qu\u00e9 las emociones tienen un peso clave en la toma de decisiones. Descubrir\u00e1s c\u00f3mo identificar y gestionar las emociones de los clientes, aplicando principios de neurociencia y empat\u00eda. Tambi\u00e9n trabajar\u00e1s la comunicaci\u00f3n efectiva para generar confianza y seguridad durante todo el proceso de compra-venta.<\/p>","protected":false},"excerpt":{"rendered":"<p>La compra-venda immobili\u00e0ria \u00e9s un proc\u00e9s profundament emocional. En aquest curs aprendr\u00e0s com funciona el cervell del comprador i per qu\u00e8 les emocions tenen un pes clau en la presa de decisions. Descobrir\u00e0s com identificar i gestionar les emocions dels clients, aplicant principis de neuroci\u00e8ncia i empatia. Tamb\u00e9 treballar\u00e0s la comunicaci\u00f3 efectiva per generar confian\u00e7a [&hellip;]<\/p>","protected":false},"featured_media":75323,"template":"","meta":[],"product_cat":[319],"product_tag":[],"oferta-formativa":[274],"tipologia_de_curs":[],"modalitat_de_curs":[],"destacado":[],"class_list":{"0":"post-75208","1":"product","2":"type-product","3":"status-publish","4":"has-post-thumbnail","6":"product_cat-actualitzacio-i-perfeccionament","7":"pa_tipus-de-formacio-online-es","8":"oferta-formativa-negoci-marqueting-i-vendes","10":"first","11":"outofstock","12":"sold-individually","13":"purchasable","14":"product-type-variable"},"_links":{"self":[{"href":"https:\/\/www.apiacademy.es\/es\/wp-json\/wp\/v2\/product\/75208"}],"collection":[{"href":"https:\/\/www.apiacademy.es\/es\/wp-json\/wp\/v2\/product"}],"about":[{"href":"https:\/\/www.apiacademy.es\/es\/wp-json\/wp\/v2\/types\/product"}],"version-history":[{"count":5,"href":"https:\/\/www.apiacademy.es\/es\/wp-json\/wp\/v2\/product\/75208\/revisions"}],"predecessor-version":[{"id":75264,"href":"https:\/\/www.apiacademy.es\/es\/wp-json\/wp\/v2\/product\/75208\/revisions\/75264"}],"wp:featuredmedia":[{"embeddable":true,"href":"https:\/\/www.apiacademy.es\/es\/wp-json\/wp\/v2\/media\/75323"}],"wp:attachment":[{"href":"https:\/\/www.apiacademy.es\/es\/wp-json\/wp\/v2\/media?parent=75208"}],"wp:term":[{"taxonomy":"product_cat","embeddable":true,"href":"https:\/\/www.apiacademy.es\/es\/wp-json\/wp\/v2\/product_cat?post=75208"},{"taxonomy":"product_tag","embeddable":true,"href":"https:\/\/www.apiacademy.es\/es\/wp-json\/wp\/v2\/product_tag?post=75208"},{"taxonomy":"oferta-formativa","embeddable":true,"href":"https:\/\/www.apiacademy.es\/es\/wp-json\/wp\/v2\/oferta-formativa?post=75208"},{"taxonomy":"tipologia_de_curs","embeddable":true,"href":"https:\/\/www.apiacademy.es\/es\/wp-json\/wp\/v2\/tipologia_de_curs?post=75208"},{"taxonomy":"modalitat_de_curs","embeddable":true,"href":"https:\/\/www.apiacademy.es\/es\/wp-json\/wp\/v2\/modalitat_de_curs?post=75208"},{"taxonomy":"destacado","embeddable":true,"href":"https:\/\/www.apiacademy.es\/es\/wp-json\/wp\/v2\/destacado?post=75208"}],"curies":[{"name":"wp","href":"https:\/\/api.w.org\/{rel}","templated":true}]}}