{"id":75153,"date":"2025-12-31T09:32:01","date_gmt":"2025-12-31T08:32:01","guid":{"rendered":"https:\/\/www.apiacademy.es\/?post_type=product&#038;p=75153"},"modified":"2026-04-02T11:35:03","modified_gmt":"2026-04-02T09:35:03","slug":"arrendaments-urbans-conceptes-basics-i-aproximacio-a-la-problematica-actual","status":"publish","type":"product","link":"https:\/\/www.apiacademy.es\/es\/producto\/arrendaments-urbans-conceptes-basics-i-aproximacio-a-la-problematica-actual\/","title":{"rendered":"Arrendamientos urbanos: conceptos b\u00e1sicos y aproximaci\u00f3n a la problem\u00e1tica actual"},"content":{"rendered":"<p class=\"translation-block\">El curso se divide en dos partes: una primera parte pr\u00e1ctica sobre la redacci\u00f3n de un contrato de arrendamiento de vivienda y una segunda parte te\u00f3rica sobre las modificaciones introducidas por la<br data-start=\"314\" data-end=\"317\"><strong data-start=\"317\" data-end=\"358\"><span class=\"hover:entity-accent entity-underline inline cursor-pointer align-baseline\"><span class=\"whitespace-normal\"> Ley 12\/2023 en materia de derecho a la vivienda en la normativa de arrendamientos.<\/p>\n<p data-section-id=\"zo3v14\" data-start=\"397\" data-end=\"443\"><strong>PARTE I. Conceptos b\u00e1sicos de los arrendamientos<\/strong><\/p>\n<p>En esta parte se estudia la <strong data-start=\"474\" data-end=\"521\"><span class=\"hover:entity-accent entity-underline inline cursor-pointer align-baseline\"><span class=\"whitespace-normal\">Ley 29\/1994 de Arrendamientos Urbanos<\/span><\/span> (LAU)<\/strong> y los conceptos fundamentales de los arrendamientos urbanos.<br data-start=\"575\" data-end=\"578\" \/>Se analizan los contratos incluidos y excluidos de la ley, el arrendamiento de vivienda, el arrendamiento para un uso distinto al de vivienda y el arrendamiento de temporada.<br data-start=\"741\" data-end=\"744\" \/>La parte pr\u00e1ctica consiste en la redacci\u00f3n de un contrato de arrendamiento de vivienda aplicando estos conceptos.<\/p>\n<p data-section-id=\"1njd3cp\" data-start=\"862\" data-end=\"929\"><strong>PARTE II. Modificaciones de la Ley 12\/2023 y problem\u00e1tica actual<\/strong><\/p>\n<p>Se estudian las novedades introducidas por la <strong data-start=\"974\" data-end=\"1015\"><span class=\"hover:entity-accent entity-underline inline cursor-pointer align-baseline\"><span class=\"whitespace-normal\">Ley 12\/2023 del derecho a la vivienda<\/span><\/span><\/strong>, especialmente el r\u00e9gimen de limitaci\u00f3n de rentas en zonas tensionadas, el concepto de gran tenedor, la determinaci\u00f3n de la renta inicial y la distribuci\u00f3n de gastos del contrato.<br data-start=\"1192\" data-end=\"1195\" \/>Tambi\u00e9n se analiza el r\u00e9gimen de los contratos anteriores a la reforma y las pr\u00f3rrogas de los contratos, as\u00ed como los problemas actuales en su aplicaci\u00f3n<\/p>","protected":false},"excerpt":{"rendered":"<p>El curs es divideix en dues parts: una primera part pr\u00e0ctica sobre la redacci\u00f3 d\u2019un contracte d\u2019arrendament d\u2019habitatge i una segona part te\u00f2rica sobre les modificacions introdu\u00efdes per laLlei 12\/2023 pel dret a l\u2019habitatge en la normativa d\u2019arrendaments. PART I. Conceptes b\u00e0sics dels arrendaments En aquesta part s\u2019estudia la Llei 29\/1994 d\u2019Arrendaments Urbans (LAU) i [&hellip;]<\/p>","protected":false},"featured_media":75158,"template":"","meta":[],"product_cat":[319],"product_tag":[],"oferta-formativa":[273],"tipologia_de_curs":[],"modalitat_de_curs":[],"destacado":[],"class_list":{"0":"post-75153","1":"product","2":"type-product","3":"status-publish","4":"has-post-thumbnail","6":"product_cat-actualitzacio-i-perfeccionament","7":"pa_tipus-de-formacio-presencial-es","8":"oferta-formativa-juridic-i-fiscal","10":"first","11":"instock","12":"sold-individually","13":"purchasable","14":"product-type-variable"},"_links":{"self":[{"href":"https:\/\/www.apiacademy.es\/es\/wp-json\/wp\/v2\/product\/75153"}],"collection":[{"href":"https:\/\/www.apiacademy.es\/es\/wp-json\/wp\/v2\/product"}],"about":[{"href":"https:\/\/www.apiacademy.es\/es\/wp-json\/wp\/v2\/types\/product"}],"version-history":[{"count":11,"href":"https:\/\/www.apiacademy.es\/es\/wp-json\/wp\/v2\/product\/75153\/revisions"}],"predecessor-version":[{"id":77585,"href":"https:\/\/www.apiacademy.es\/es\/wp-json\/wp\/v2\/product\/75153\/revisions\/77585"}],"wp:featuredmedia":[{"embeddable":true,"href":"https:\/\/www.apiacademy.es\/es\/wp-json\/wp\/v2\/media\/75158"}],"wp:attachment":[{"href":"https:\/\/www.apiacademy.es\/es\/wp-json\/wp\/v2\/media?parent=75153"}],"wp:term":[{"taxonomy":"product_cat","embeddable":true,"href":"https:\/\/www.apiacademy.es\/es\/wp-json\/wp\/v2\/product_cat?post=75153"},{"taxonomy":"product_tag","embeddable":true,"href":"https:\/\/www.apiacademy.es\/es\/wp-json\/wp\/v2\/product_tag?post=75153"},{"taxonomy":"oferta-formativa","embeddable":true,"href":"https:\/\/www.apiacademy.es\/es\/wp-json\/wp\/v2\/oferta-formativa?post=75153"},{"taxonomy":"tipologia_de_curs","embeddable":true,"href":"https:\/\/www.apiacademy.es\/es\/wp-json\/wp\/v2\/tipologia_de_curs?post=75153"},{"taxonomy":"modalitat_de_curs","embeddable":true,"href":"https:\/\/www.apiacademy.es\/es\/wp-json\/wp\/v2\/modalitat_de_curs?post=75153"},{"taxonomy":"destacado","embeddable":true,"href":"https:\/\/www.apiacademy.es\/es\/wp-json\/wp\/v2\/destacado?post=75153"}],"curies":[{"name":"wp","href":"https:\/\/api.w.org\/{rel}","templated":true}]}}