{"id":74376,"date":"2025-11-20T17:39:10","date_gmt":"2025-11-20T16:39:10","guid":{"rendered":"https:\/\/www.apiacademy.es\/?post_type=product&#038;p=74376"},"modified":"2026-04-29T11:51:17","modified_gmt":"2026-04-29T09:51:17","slug":"kit-de-marca-com-construir-una-marca-solida-com-a-agent-api","status":"publish","type":"product","link":"https:\/\/www.apiacademy.es\/es\/producto\/kit-de-marca-com-construir-una-marca-solida-com-a-agent-api\/","title":{"rendered":"Kit de marca: C\u00f3mo construir una marca s\u00f3lida como agente API (ed. junio)"},"content":{"rendered":"<p><span style=\"font-size: 16px;\">En esta sesi\u00f3n revisaremos los elementos esenciales para que tu marca como agente inmobiliario sea clara, coherente y profesional.<\/span><\/p>\n<p>Veremos buenas pr\u00e1cticas en redes sociales, pautas para tu web, imagen corporativa y recursos que tienes a tu alcance como miembro de API.<\/p>\n<p>El objetivo es que puedas transmitir confianza y diferenciaci\u00f3n a tu p\u00fablico desde el primer momento.<\/p>","protected":false},"excerpt":{"rendered":"<p>En aquesta sessi\u00f3 revisarem els elements essencials perqu\u00e8 la teva marca com a agent immobiliari sigui clara, coherent i professional. Veurem bones pr\u00e0ctiques a xarxes socials, pautes per a la teva web, imatge corporativa i recursos que tens a l\u2019abast com a membre d\u2019API. L\u2019objectiu \u00e9s que puguis transmetre confian\u00e7a i diferenciaci\u00f3 al teu p\u00fablic [&hellip;]<\/p>","protected":false},"featured_media":73815,"template":"","meta":[],"product_cat":[319,345],"product_tag":[],"oferta-formativa":[274],"tipologia_de_curs":[],"modalitat_de_curs":[],"destacado":[],"class_list":{"0":"post-74376","1":"product","2":"type-product","3":"status-publish","4":"has-post-thumbnail","6":"product_cat-actualitzacio-i-perfeccionament","7":"product_cat-fonaments-api","8":"oferta-formativa-negoci-marqueting-i-vendes","10":"first","11":"instock","12":"sold-individually","13":"purchasable","14":"product-type-variable"},"_links":{"self":[{"href":"https:\/\/www.apiacademy.es\/es\/wp-json\/wp\/v2\/product\/74376"}],"collection":[{"href":"https:\/\/www.apiacademy.es\/es\/wp-json\/wp\/v2\/product"}],"about":[{"href":"https:\/\/www.apiacademy.es\/es\/wp-json\/wp\/v2\/types\/product"}],"version-history":[{"count":6,"href":"https:\/\/www.apiacademy.es\/es\/wp-json\/wp\/v2\/product\/74376\/revisions"}],"predecessor-version":[{"id":77833,"href":"https:\/\/www.apiacademy.es\/es\/wp-json\/wp\/v2\/product\/74376\/revisions\/77833"}],"wp:featuredmedia":[{"embeddable":true,"href":"https:\/\/www.apiacademy.es\/es\/wp-json\/wp\/v2\/media\/73815"}],"wp:attachment":[{"href":"https:\/\/www.apiacademy.es\/es\/wp-json\/wp\/v2\/media?parent=74376"}],"wp:term":[{"taxonomy":"product_cat","embeddable":true,"href":"https:\/\/www.apiacademy.es\/es\/wp-json\/wp\/v2\/product_cat?post=74376"},{"taxonomy":"product_tag","embeddable":true,"href":"https:\/\/www.apiacademy.es\/es\/wp-json\/wp\/v2\/product_tag?post=74376"},{"taxonomy":"oferta-formativa","embeddable":true,"href":"https:\/\/www.apiacademy.es\/es\/wp-json\/wp\/v2\/oferta-formativa?post=74376"},{"taxonomy":"tipologia_de_curs","embeddable":true,"href":"https:\/\/www.apiacademy.es\/es\/wp-json\/wp\/v2\/tipologia_de_curs?post=74376"},{"taxonomy":"modalitat_de_curs","embeddable":true,"href":"https:\/\/www.apiacademy.es\/es\/wp-json\/wp\/v2\/modalitat_de_curs?post=74376"},{"taxonomy":"destacado","embeddable":true,"href":"https:\/\/www.apiacademy.es\/es\/wp-json\/wp\/v2\/destacado?post=74376"}],"curies":[{"name":"wp","href":"https:\/\/api.w.org\/{rel}","templated":true}]}}