{"id":73833,"date":"2025-11-05T13:47:11","date_gmt":"2025-11-05T12:47:11","guid":{"rendered":"https:\/\/www.apiacademy.es\/?post_type=product&#038;p=73833"},"modified":"2026-04-01T10:43:02","modified_gmt":"2026-04-01T08:43:02","slug":"gestiona-el-teu-negoci-immobiliari-amb-ghestia-primeres-passes","status":"publish","type":"product","link":"https:\/\/www.apiacademy.es\/es\/producto\/gestiona-el-teu-negoci-immobiliari-amb-ghestia-primeres-passes\/","title":{"rendered":"Gestiona tu negocio inmobiliario con Ghestia: primeros pasos. (ed. mayo)"},"content":{"rendered":"<p>Aprender\u00e1s c\u00f3mo iniciarte en Ghestia y aprovechar sus funciones b\u00e1sicas: gesti\u00f3n de clientes, inmuebles, tareas, calendarios y documentos.<\/p>\n<p>Una herramienta incluida en la cuota para organizar tu d\u00eda a d\u00eda y centralizar la informaci\u00f3n de tu negocio.<\/p>\n<p>En una hora saldr\u00e1s con todo lo necesario para empezar a utilizarla de forma aut\u00f3noma.<\/p>\n<p>&nbsp;<\/p>","protected":false},"excerpt":{"rendered":"<p>Aprender\u00e1s c\u00f3mo iniciarte en Ghestia y aprovechar sus funciones b\u00e1sicas: gesti\u00f3n de clientes, inmuebles, tareas, calendarios y documentos. Una herramienta incluida en la cuota para organizar tu d\u00eda a d\u00eda y centralizar la informaci\u00f3n de tu negocio. En una hora saldr\u00e1s con todo lo necesario para comenzar a utilizarla de forma aut\u00f3noma. &nbsp;<\/p>","protected":false},"featured_media":73837,"template":"","meta":[],"product_cat":[319,345],"product_tag":[],"oferta-formativa":[274],"tipologia_de_curs":[],"modalitat_de_curs":[],"destacado":[],"class_list":{"0":"post-73833","1":"product","2":"type-product","3":"status-publish","4":"has-post-thumbnail","6":"product_cat-actualitzacio-i-perfeccionament","7":"product_cat-fonaments-api","8":"oferta-formativa-negoci-marqueting-i-vendes","10":"first","11":"instock","12":"sold-individually","13":"purchasable","14":"product-type-variable"},"_links":{"self":[{"href":"https:\/\/www.apiacademy.es\/es\/wp-json\/wp\/v2\/product\/73833"}],"collection":[{"href":"https:\/\/www.apiacademy.es\/es\/wp-json\/wp\/v2\/product"}],"about":[{"href":"https:\/\/www.apiacademy.es\/es\/wp-json\/wp\/v2\/types\/product"}],"version-history":[{"count":10,"href":"https:\/\/www.apiacademy.es\/es\/wp-json\/wp\/v2\/product\/73833\/revisions"}],"predecessor-version":[{"id":76190,"href":"https:\/\/www.apiacademy.es\/es\/wp-json\/wp\/v2\/product\/73833\/revisions\/76190"}],"wp:featuredmedia":[{"embeddable":true,"href":"https:\/\/www.apiacademy.es\/es\/wp-json\/wp\/v2\/media\/73837"}],"wp:attachment":[{"href":"https:\/\/www.apiacademy.es\/es\/wp-json\/wp\/v2\/media?parent=73833"}],"wp:term":[{"taxonomy":"product_cat","embeddable":true,"href":"https:\/\/www.apiacademy.es\/es\/wp-json\/wp\/v2\/product_cat?post=73833"},{"taxonomy":"product_tag","embeddable":true,"href":"https:\/\/www.apiacademy.es\/es\/wp-json\/wp\/v2\/product_tag?post=73833"},{"taxonomy":"oferta-formativa","embeddable":true,"href":"https:\/\/www.apiacademy.es\/es\/wp-json\/wp\/v2\/oferta-formativa?post=73833"},{"taxonomy":"tipologia_de_curs","embeddable":true,"href":"https:\/\/www.apiacademy.es\/es\/wp-json\/wp\/v2\/tipologia_de_curs?post=73833"},{"taxonomy":"modalitat_de_curs","embeddable":true,"href":"https:\/\/www.apiacademy.es\/es\/wp-json\/wp\/v2\/modalitat_de_curs?post=73833"},{"taxonomy":"destacado","embeddable":true,"href":"https:\/\/www.apiacademy.es\/es\/wp-json\/wp\/v2\/destacado?post=73833"}],"curies":[{"name":"wp","href":"https:\/\/api.w.org\/{rel}","templated":true}]}}