{"id":73823,"date":"2025-11-05T13:46:54","date_gmt":"2025-11-05T12:46:54","guid":{"rendered":"https:\/\/www.apiacademy.es\/?post_type=product&#038;p=73823"},"modified":"2026-04-02T07:56:26","modified_gmt":"2026-04-02T05:56:26","slug":"com-fer-valoracions-professionals-amb-lystos-i-mvi","status":"publish","type":"product","link":"https:\/\/www.apiacademy.es\/es\/producto\/com-fer-valoracions-professionals-amb-lystos-i-mvi\/","title":{"rendered":"C\u00f3mo realizar valoraciones profesionales con Lystos y MVI (ed. mayo)"},"content":{"rendered":"<p>Te explicaremos las principales funciones de Lystos y MVI y c\u00f3mo utilizarlas para elaborar informes de valoraci\u00f3n claros y fiables.<\/p>\n<p>Veremos ejemplos pr\u00e1cticos, c\u00f3mo interpretar datos y c\u00f3mo presentar resultados a tus clientes.<\/p>\n<p>Una sesi\u00f3n pensada para ganar seguridad a la hora de defender una valoraci\u00f3n y aportar un servicio de calidad.<\/p>\n<p>&nbsp;<\/p>","protected":false},"excerpt":{"rendered":"<p>Te explicaremos las funciones principales de Lystos y MVI y c\u00f3mo utilizarlas para elaborar informes de valoraci\u00f3n claros y fiables. Veremos ejemplos pr\u00e1cticos, c\u00f3mo interpretar datos y c\u00f3mo presentar resultados a tus clientes. Una sesi\u00f3n pensada para ganar seguridad a la hora de defender una valoraci\u00f3n y ofrecer un servicio de calidad. &nbsp;<\/p>","protected":false},"featured_media":73825,"template":"","meta":[],"product_cat":[319,345],"product_tag":[],"oferta-formativa":[274],"tipologia_de_curs":[],"modalitat_de_curs":[],"destacado":[],"class_list":{"0":"post-73823","1":"product","2":"type-product","3":"status-publish","4":"has-post-thumbnail","6":"product_cat-actualitzacio-i-perfeccionament","7":"product_cat-fonaments-api","8":"oferta-formativa-negoci-marqueting-i-vendes","10":"first","11":"instock","12":"sold-individually","13":"purchasable","14":"product-type-variable"},"_links":{"self":[{"href":"https:\/\/www.apiacademy.es\/es\/wp-json\/wp\/v2\/product\/73823"}],"collection":[{"href":"https:\/\/www.apiacademy.es\/es\/wp-json\/wp\/v2\/product"}],"about":[{"href":"https:\/\/www.apiacademy.es\/es\/wp-json\/wp\/v2\/types\/product"}],"version-history":[{"count":8,"href":"https:\/\/www.apiacademy.es\/es\/wp-json\/wp\/v2\/product\/73823\/revisions"}],"predecessor-version":[{"id":77325,"href":"https:\/\/www.apiacademy.es\/es\/wp-json\/wp\/v2\/product\/73823\/revisions\/77325"}],"wp:featuredmedia":[{"embeddable":true,"href":"https:\/\/www.apiacademy.es\/es\/wp-json\/wp\/v2\/media\/73825"}],"wp:attachment":[{"href":"https:\/\/www.apiacademy.es\/es\/wp-json\/wp\/v2\/media?parent=73823"}],"wp:term":[{"taxonomy":"product_cat","embeddable":true,"href":"https:\/\/www.apiacademy.es\/es\/wp-json\/wp\/v2\/product_cat?post=73823"},{"taxonomy":"product_tag","embeddable":true,"href":"https:\/\/www.apiacademy.es\/es\/wp-json\/wp\/v2\/product_tag?post=73823"},{"taxonomy":"oferta-formativa","embeddable":true,"href":"https:\/\/www.apiacademy.es\/es\/wp-json\/wp\/v2\/oferta-formativa?post=73823"},{"taxonomy":"tipologia_de_curs","embeddable":true,"href":"https:\/\/www.apiacademy.es\/es\/wp-json\/wp\/v2\/tipologia_de_curs?post=73823"},{"taxonomy":"modalitat_de_curs","embeddable":true,"href":"https:\/\/www.apiacademy.es\/es\/wp-json\/wp\/v2\/modalitat_de_curs?post=73823"},{"taxonomy":"destacado","embeddable":true,"href":"https:\/\/www.apiacademy.es\/es\/wp-json\/wp\/v2\/destacado?post=73823"}],"curies":[{"name":"wp","href":"https:\/\/api.w.org\/{rel}","templated":true}]}}