{"id":72161,"date":"2025-09-16T11:00:10","date_gmt":"2025-09-16T09:00:10","guid":{"rendered":"https:\/\/www.apiacademy.es\/?post_type=product&#038;p=72161"},"modified":"2026-02-02T16:56:46","modified_gmt":"2026-02-02T15:56:46","slug":"programa-superior-en-gerencia-immobiliaria-apialia","status":"publish","type":"product","link":"https:\/\/www.apiacademy.es\/es\/producto\/programa-superior-en-gerencia-immobiliaria-apialia\/","title":{"rendered":"Programa Superior en Gesti\u00f3n Inmobiliaria (Apialia). Edici\u00f3n Girona."},"content":{"rendered":"<p class=\"translation-block\">El <strong>Programa Superior en Gerencia Inmobiliaria<\/strong> est\u00e1 dise\u00f1ado para ayudarte a profesionalizar tu gesti\u00f3n, escalar tu negocio y liderar con m\u00e9todo, estrategia y claridad.<\/p>\n<p>Con esta formaci\u00f3n conseguir\u00e1s:<\/p>\n<ul>\n<li>Una <em>transformaci\u00f3n real:<\/em>pasar\u00e1s de gestionar por intuici\u00f3n a liderar con visi\u00f3n y estrategia.<\/li>\n<li>Herramientas para profesionalizar tu agencia desde la base: procesos, equipo, n\u00fameros y marca.<\/li>\n<li>Networking y aprendizaje con otros gerentes que comparten tus mismos retos.<\/li>\n<\/ul>\n<p>&nbsp;<\/p>\n<p>El programa trabaja los cuatro puntos cardinales que afectan a cualquier empresa:<\/p>\n<ul>\n<li>Consta de 7 m\u00f3dulos de 4 horas cada uno en modalidad presencial.<\/li>\n<li>El plan financiero<\/li>\n<li>Los procesos<\/li>\n<li>Los recursos humanos<\/li>\n<\/ul>\n<p>&nbsp;<\/p>\n<p>Consta de <strong>7 m\u00f3dulos de 4 horas cada uno en modalidad presencial.<\/strong><\/p>\n<p>&nbsp;<\/p>\n<p><strong><em>Api Academy ofrece este curso de forma gratuita a la persona titular de la agencia de APIALIA que desee realizarlo. Se requiere un pago inicial de 150 \u20ac que ser\u00e1 reembolsado al finalizar el curso, una vez se haya comprobado una asistencia m\u00ednima del 75% del alumno\/a. En caso de no alcanzar dicho 75% de asistencia, el importe abonado no ser\u00e1 reembolsado en ning\u00fan caso.<\/em><\/strong><\/p>\n<p><strong><em>El resto de trabajadores de esta agencia que deseen realizarlo deber\u00e1n abonar el curso a precio \u201cAPI\u201d.<\/em><\/strong><\/p>\n<p><strong>Horario: de 10 a 14h<\/strong><\/p>","protected":false},"excerpt":{"rendered":"<p>El Programa superior en Ger\u00e8ncia Immobili\u00e0ria est\u00e0 dissenyat per ajudar-te a professionalitzar la teva gesti\u00f3, escalar el teu negoci i liderar amb m\u00e8tode, estrat\u00e8gia i claredat. Amb aquesta formaci\u00f3 aconseguiras: Una transformaci\u00f3 real: passaras de gestionar per intu\u00efci\u00f3 a liderar amb visi\u00f3 i estrat\u00e8gia. Eines per professionalitzar la teva ag\u00e8ncia des de la base: processos, [&hellip;]<\/p>","protected":false},"featured_media":72183,"template":"","meta":[],"product_cat":[343],"product_tag":[],"oferta-formativa":[274],"tipologia_de_curs":[],"modalitat_de_curs":[],"destacado":[],"class_list":{"0":"post-72161","1":"product","2":"type-product","3":"status-publish","4":"has-post-thumbnail","6":"product_cat-programa-superior","7":"pa_tipus-de-formacio-presencial-es","8":"oferta-formativa-negoci-marqueting-i-vendes","10":"first","11":"instock","12":"sold-individually","13":"purchasable","14":"product-type-variable","15":"has-default-attributes"},"_links":{"self":[{"href":"https:\/\/www.apiacademy.es\/es\/wp-json\/wp\/v2\/product\/72161"}],"collection":[{"href":"https:\/\/www.apiacademy.es\/es\/wp-json\/wp\/v2\/product"}],"about":[{"href":"https:\/\/www.apiacademy.es\/es\/wp-json\/wp\/v2\/types\/product"}],"version-history":[{"count":9,"href":"https:\/\/www.apiacademy.es\/es\/wp-json\/wp\/v2\/product\/72161\/revisions"}],"predecessor-version":[{"id":76317,"href":"https:\/\/www.apiacademy.es\/es\/wp-json\/wp\/v2\/product\/72161\/revisions\/76317"}],"wp:featuredmedia":[{"embeddable":true,"href":"https:\/\/www.apiacademy.es\/es\/wp-json\/wp\/v2\/media\/72183"}],"wp:attachment":[{"href":"https:\/\/www.apiacademy.es\/es\/wp-json\/wp\/v2\/media?parent=72161"}],"wp:term":[{"taxonomy":"product_cat","embeddable":true,"href":"https:\/\/www.apiacademy.es\/es\/wp-json\/wp\/v2\/product_cat?post=72161"},{"taxonomy":"product_tag","embeddable":true,"href":"https:\/\/www.apiacademy.es\/es\/wp-json\/wp\/v2\/product_tag?post=72161"},{"taxonomy":"oferta-formativa","embeddable":true,"href":"https:\/\/www.apiacademy.es\/es\/wp-json\/wp\/v2\/oferta-formativa?post=72161"},{"taxonomy":"tipologia_de_curs","embeddable":true,"href":"https:\/\/www.apiacademy.es\/es\/wp-json\/wp\/v2\/tipologia_de_curs?post=72161"},{"taxonomy":"modalitat_de_curs","embeddable":true,"href":"https:\/\/www.apiacademy.es\/es\/wp-json\/wp\/v2\/modalitat_de_curs?post=72161"},{"taxonomy":"destacado","embeddable":true,"href":"https:\/\/www.apiacademy.es\/es\/wp-json\/wp\/v2\/destacado?post=72161"}],"curies":[{"name":"wp","href":"https:\/\/api.w.org\/{rel}","templated":true}]}}