{"id":69442,"date":"2025-05-21T17:02:13","date_gmt":"2025-05-21T15:02:13","guid":{"rendered":"https:\/\/www.apiacademy.es\/?post_type=product&#038;p=69442"},"modified":"2026-05-13T19:40:29","modified_gmt":"2026-05-13T17:40:29","slug":"com-optimitzar-el-teu-treball-amb-la-ia","status":"publish","type":"product","link":"https:\/\/www.apiacademy.es\/es\/producto\/com-optimitzar-el-teu-treball-amb-la-ia\/","title":{"rendered":"C\u00f3mo optimizar tu trabajo con la IA: Crea prompts eficientes y GPTs personalizados"},"content":{"rendered":"<p>Este curso pr\u00e1ctico est\u00e1 dise\u00f1ado para que los agentes inmobiliarios descubran el verdadero potencial de la inteligencia artificial en su d\u00eda a d\u00eda. Aprender\u00e1s a crear prompts efectivos que te permitir\u00e1n generar contenido optimizado (textos, im\u00e1genes y v\u00eddeos) de forma profesional y eficiente.<\/p>\n<p>Adem\u00e1s, dar\u00e1s un paso m\u00e1s all\u00e1 al crear a tus propios asistentes GPT personalizados, adaptados a las tareas espec\u00edficas de cada fase de tu flujo de trabajo: desde la captaci\u00f3n de propiedades hasta la gesti\u00f3n de clientes, visitas y contratos.<br \/>\nUna formaci\u00f3n enfocada a soluciones pr\u00e1cticas y reales que ahorra tiempo, automatiza labores y potencia tus resultados como agente inmobiliario.<\/p>","protected":false},"excerpt":{"rendered":"<p>Aquest curs pr\u00e0ctic est\u00e0 dissenyat perqu\u00e8 els agents immobiliaris descobreixin el veritable potencial de la intel\u00b7lig\u00e8ncia artificial al seu dia a dia. Aprendr\u00e0s a crear prompts efectius que et permetran generar contingut optimitzat (textos, imatges i v\u00eddeos) de forma professional i eficient. A m\u00e9s, far\u00e0s un pas m\u00e9s enll\u00e0 en crear els teus propis assistents [&hellip;]<\/p>","protected":false},"featured_media":63826,"template":"","meta":[],"product_cat":[319],"product_tag":[],"oferta-formativa":[275],"tipologia_de_curs":[],"modalitat_de_curs":[],"destacado":[],"class_list":{"0":"post-69442","1":"product","2":"type-product","3":"status-publish","4":"has-post-thumbnail","6":"product_cat-actualitzacio-i-perfeccionament","7":"pa_tipus-de-formacio-online-es","8":"oferta-formativa-proptech","10":"first","11":"instock","12":"sold-individually","13":"purchasable","14":"product-type-variable"},"_links":{"self":[{"href":"https:\/\/www.apiacademy.es\/es\/wp-json\/wp\/v2\/product\/69442"}],"collection":[{"href":"https:\/\/www.apiacademy.es\/es\/wp-json\/wp\/v2\/product"}],"about":[{"href":"https:\/\/www.apiacademy.es\/es\/wp-json\/wp\/v2\/types\/product"}],"version-history":[{"count":3,"href":"https:\/\/www.apiacademy.es\/es\/wp-json\/wp\/v2\/product\/69442\/revisions"}],"predecessor-version":[{"id":75801,"href":"https:\/\/www.apiacademy.es\/es\/wp-json\/wp\/v2\/product\/69442\/revisions\/75801"}],"wp:featuredmedia":[{"embeddable":true,"href":"https:\/\/www.apiacademy.es\/es\/wp-json\/wp\/v2\/media\/63826"}],"wp:attachment":[{"href":"https:\/\/www.apiacademy.es\/es\/wp-json\/wp\/v2\/media?parent=69442"}],"wp:term":[{"taxonomy":"product_cat","embeddable":true,"href":"https:\/\/www.apiacademy.es\/es\/wp-json\/wp\/v2\/product_cat?post=69442"},{"taxonomy":"product_tag","embeddable":true,"href":"https:\/\/www.apiacademy.es\/es\/wp-json\/wp\/v2\/product_tag?post=69442"},{"taxonomy":"oferta-formativa","embeddable":true,"href":"https:\/\/www.apiacademy.es\/es\/wp-json\/wp\/v2\/oferta-formativa?post=69442"},{"taxonomy":"tipologia_de_curs","embeddable":true,"href":"https:\/\/www.apiacademy.es\/es\/wp-json\/wp\/v2\/tipologia_de_curs?post=69442"},{"taxonomy":"modalitat_de_curs","embeddable":true,"href":"https:\/\/www.apiacademy.es\/es\/wp-json\/wp\/v2\/modalitat_de_curs?post=69442"},{"taxonomy":"destacado","embeddable":true,"href":"https:\/\/www.apiacademy.es\/es\/wp-json\/wp\/v2\/destacado?post=69442"}],"curies":[{"name":"wp","href":"https:\/\/api.w.org\/{rel}","templated":true}]}}