{"id":66308,"date":"2025-03-03T12:40:22","date_gmt":"2025-03-03T11:40:22","guid":{"rendered":"https:\/\/www.apiacademy.es\/?post_type=product&#038;p=66308"},"modified":"2026-04-21T14:11:50","modified_gmt":"2026-04-21T12:11:50","slug":"dret-immobiliari-per-a-principiants","status":"publish","type":"product","link":"https:\/\/www.apiacademy.es\/es\/producto\/dret-immobiliari-per-a-principiants\/","title":{"rendered":"Derecho Inmobiliario para Principiantes (Exclusivamente legislaci\u00f3n catalana)"},"content":{"rendered":"<p>Descubre el ABC del Derecho Inmobiliario y evita sustos legales. Si eres Agente, y empiezas en el mundo inmobiliario, este es tu curso\u2026<\/p>\n<p>\u00bfAlguna vez has firmado un contrato sin leerlo todo? \u00bfO te has preguntado qu\u00e9 derechos tienes como Agente, o qu\u00e9 son los derechos de un propietario, de un comprador, o inquilino?<\/p>\n<p>Comprar, vender o alquilar un inmueble no es tan simple como parece. \u00bfQu\u00e9 pasa si hay cl\u00e1usulas abusivas? \u00bfQu\u00e9 ocurre si no pagas la hipoteca o te niegan la licencia de obra?<\/p>\n<p>Por qu\u00e9 no te lo puedes perder<\/p>\n<ol>\n<li>Evitar\u00e0s sorpreses desagradables: Saber les regles pot estalviar-te temps, diners i maldecaps, o cometre algun error, que et condueixi a la mala praxi professional.<\/li>\n<li>\u00c9s curt, pr\u00e0ctic i directe al gra.<\/li>\n<li>\u00c9s per a tots: No necessites ser advocat per a entendre-ho. Si et dediques al m\u00f3n immobiliari, i realitzes compravendes, lloguers, permutes\u2026<\/li>\n<\/ol>\n<p>&nbsp;<\/p>\n<p><strong>Este curso est\u00e1 dirigido espec\u00edficamente a profesionales que operan dentro del marco normativo de Catalu\u00f1a.<\/strong><\/p>\n<p>&nbsp;<\/p>","protected":false},"excerpt":{"rendered":"<p>Descobreix l&#8217;ABC del Dret Immobiliari i evita esglais legals. Si ets Agent, i comences en el m\u00f3n immobiliari, aquest \u00e9s el teu curs\u2026 Alguna vegada has signat un contracte sense llegir-lo tot? O t&#8217;has preguntat quins drets tens com a Agent, o quins s\u00f3n els drets d&#8217;un propietari, d&#8217;un comprador, o inquil\u00ed? Comprar, vendre o [&hellip;]<\/p>","protected":false},"featured_media":66313,"template":"","meta":[],"product_cat":[319,345],"product_tag":[],"oferta-formativa":[273],"tipologia_de_curs":[],"modalitat_de_curs":[],"destacado":[],"class_list":{"0":"post-66308","1":"product","2":"type-product","3":"status-publish","4":"has-post-thumbnail","6":"product_cat-actualitzacio-i-perfeccionament","7":"product_cat-fonaments-api","8":"pa_tipus-de-formacio-online","9":"oferta-formativa-juridic-i-fiscal","11":"first","12":"instock","13":"sold-individually","14":"purchasable","15":"product-type-variable"},"_links":{"self":[{"href":"https:\/\/www.apiacademy.es\/es\/wp-json\/wp\/v2\/product\/66308"}],"collection":[{"href":"https:\/\/www.apiacademy.es\/es\/wp-json\/wp\/v2\/product"}],"about":[{"href":"https:\/\/www.apiacademy.es\/es\/wp-json\/wp\/v2\/types\/product"}],"version-history":[{"count":16,"href":"https:\/\/www.apiacademy.es\/es\/wp-json\/wp\/v2\/product\/66308\/revisions"}],"predecessor-version":[{"id":77064,"href":"https:\/\/www.apiacademy.es\/es\/wp-json\/wp\/v2\/product\/66308\/revisions\/77064"}],"wp:featuredmedia":[{"embeddable":true,"href":"https:\/\/www.apiacademy.es\/es\/wp-json\/wp\/v2\/media\/66313"}],"wp:attachment":[{"href":"https:\/\/www.apiacademy.es\/es\/wp-json\/wp\/v2\/media?parent=66308"}],"wp:term":[{"taxonomy":"product_cat","embeddable":true,"href":"https:\/\/www.apiacademy.es\/es\/wp-json\/wp\/v2\/product_cat?post=66308"},{"taxonomy":"product_tag","embeddable":true,"href":"https:\/\/www.apiacademy.es\/es\/wp-json\/wp\/v2\/product_tag?post=66308"},{"taxonomy":"oferta-formativa","embeddable":true,"href":"https:\/\/www.apiacademy.es\/es\/wp-json\/wp\/v2\/oferta-formativa?post=66308"},{"taxonomy":"tipologia_de_curs","embeddable":true,"href":"https:\/\/www.apiacademy.es\/es\/wp-json\/wp\/v2\/tipologia_de_curs?post=66308"},{"taxonomy":"modalitat_de_curs","embeddable":true,"href":"https:\/\/www.apiacademy.es\/es\/wp-json\/wp\/v2\/modalitat_de_curs?post=66308"},{"taxonomy":"destacado","embeddable":true,"href":"https:\/\/www.apiacademy.es\/es\/wp-json\/wp\/v2\/destacado?post=66308"}],"curies":[{"name":"wp","href":"https:\/\/api.w.org\/{rel}","templated":true}]}}