{"id":66095,"date":"2025-02-24T14:40:14","date_gmt":"2025-02-24T13:40:14","guid":{"rendered":"https:\/\/www.apiacademy.es\/?post_type=product&#038;p=66095"},"modified":"2025-10-14T12:25:37","modified_gmt":"2025-10-14T10:25:37","slug":"codi-tecnic-de-ledificacio-cte","status":"publish","type":"product","link":"https:\/\/www.apiacademy.es\/es\/producto\/codi-tecnic-de-ledificacio-cte\/","title":{"rendered":"C\u00f3digo T\u00e9cnico de la Edificaci\u00f3n (CTE)"},"content":{"rendered":"<p style=\"text-align: left;\">Este curso proporciona a los asesores inmobiliarios una comprensi\u00f3n esencial del C\u00f3digo T\u00e9cnico de la Edificaci\u00f3n (CTE) y su impacto en el sector. Explica su normativa, evoluci\u00f3n y relaci\u00f3n con otras regulaciones. Detalla las exigencias clave en seguridad, salubridad, ruido y eficiencia energ\u00e9tica. Tambi\u00e9n ense\u00f1a a identificar el cumplimiento del CTE en inmuebles, diferenciando entre obra nueva y segunda mano. Por \u00faltimo, se refuerza el aprendizaje con casos pr\u00e1cticos, resoluci\u00f3n de dudas y recursos adicionales.<\/p>\n<p>&nbsp;<\/p>","protected":false},"excerpt":{"rendered":"<p>Aquest curs proporciona als assessors immobiliaris una comprensi\u00f3 essencial del Codi T\u00e8cnic de l\u2019Edificaci\u00f3 (CTE) i el seu impacte en el sector. Explica la seva normativa, evoluci\u00f3 i relaci\u00f3 amb altres regulacions. Detalla les exig\u00e8ncies clau en seguretat, salubritat, soroll i efici\u00e8ncia energ\u00e8tica. Tamb\u00e9 ensenya a identificar el compliment del CTE en immobles, diferenciant entre [&hellip;]<\/p>","protected":false},"featured_media":66092,"template":"","meta":[],"product_cat":[319],"product_tag":[],"oferta-formativa":[274],"tipologia_de_curs":[],"modalitat_de_curs":[],"destacado":[],"class_list":{"0":"post-66095","1":"product","2":"type-product","3":"status-publish","4":"has-post-thumbnail","6":"product_cat-actualitzacio-i-perfeccionament","7":"pa_tipus-de-formacio-online","8":"oferta-formativa-negoci-marqueting-i-vendes","10":"first","11":"outofstock","12":"sold-individually","13":"purchasable","14":"product-type-variable"},"_links":{"self":[{"href":"https:\/\/www.apiacademy.es\/es\/wp-json\/wp\/v2\/product\/66095"}],"collection":[{"href":"https:\/\/www.apiacademy.es\/es\/wp-json\/wp\/v2\/product"}],"about":[{"href":"https:\/\/www.apiacademy.es\/es\/wp-json\/wp\/v2\/types\/product"}],"version-history":[{"count":4,"href":"https:\/\/www.apiacademy.es\/es\/wp-json\/wp\/v2\/product\/66095\/revisions"}],"predecessor-version":[{"id":69754,"href":"https:\/\/www.apiacademy.es\/es\/wp-json\/wp\/v2\/product\/66095\/revisions\/69754"}],"wp:featuredmedia":[{"embeddable":true,"href":"https:\/\/www.apiacademy.es\/es\/wp-json\/wp\/v2\/media\/66092"}],"wp:attachment":[{"href":"https:\/\/www.apiacademy.es\/es\/wp-json\/wp\/v2\/media?parent=66095"}],"wp:term":[{"taxonomy":"product_cat","embeddable":true,"href":"https:\/\/www.apiacademy.es\/es\/wp-json\/wp\/v2\/product_cat?post=66095"},{"taxonomy":"product_tag","embeddable":true,"href":"https:\/\/www.apiacademy.es\/es\/wp-json\/wp\/v2\/product_tag?post=66095"},{"taxonomy":"oferta-formativa","embeddable":true,"href":"https:\/\/www.apiacademy.es\/es\/wp-json\/wp\/v2\/oferta-formativa?post=66095"},{"taxonomy":"tipologia_de_curs","embeddable":true,"href":"https:\/\/www.apiacademy.es\/es\/wp-json\/wp\/v2\/tipologia_de_curs?post=66095"},{"taxonomy":"modalitat_de_curs","embeddable":true,"href":"https:\/\/www.apiacademy.es\/es\/wp-json\/wp\/v2\/modalitat_de_curs?post=66095"},{"taxonomy":"destacado","embeddable":true,"href":"https:\/\/www.apiacademy.es\/es\/wp-json\/wp\/v2\/destacado?post=66095"}],"curies":[{"name":"wp","href":"https:\/\/api.w.org\/{rel}","templated":true}]}}