{"id":64835,"date":"2025-01-28T13:35:25","date_gmt":"2025-01-28T12:35:25","guid":{"rendered":"https:\/\/www.apiacademy.es\/?post_type=product&#038;p=64835"},"modified":"2026-03-21T13:57:37","modified_gmt":"2026-03-21T12:57:37","slug":"labc-per-iniciar-el-teu-negoci-immobiliari","status":"publish","type":"product","link":"https:\/\/www.apiacademy.es\/es\/producto\/labc-per-iniciar-el-teu-negoci-immobiliari\/","title":{"rendered":"El ABC para iniciar tu negocio inmobiliario"},"content":{"rendered":"<p>En este curso conocer\u00e1s los pasos necesarios, a nivel administrativo, fiscal, mercantil y laboral, para iniciar tu negocio inmobiliario con todas las garant\u00edas legales, tanto por tu tranquilidad como para la de tus clientes, que ver\u00e1n garantizada su confianza en tus servicios.<\/p>\n<p>Veremos los tr\u00e1mites obligatorios para iniciar la profesi\u00f3n por cuenta propia, tanto bajo el modelo de trabajador aut\u00f3nomo, o freelance, como bajo el modelo de sociedad mercantil, u otros modelos poco empleados como las sociedades civiles. Todos los modelos tienen ventajas e inconvenientes respecto a los otros, pero encontrar\u00e1s el m\u00e1s adecuado en tus circunstancias y a tu tipo de negocio.<\/p>","protected":false},"excerpt":{"rendered":"<p>En aquest curs coneixer\u00e0s els passos necessaris, a nivell administratiu, fiscal, mercantil i laboral, per iniciar el teu negoci immobiliari amb totes les garanties legals, tant per la teva tranquil\u00b7litat com per a la dels teus clients, que veuran garantida la seva confian\u00e7a en els teus serveis. Veurem els tr\u00e0mits obligatoris per iniciar la professi\u00f3 [&hellip;]<\/p>","protected":false},"featured_media":64842,"template":"","meta":[],"product_cat":[319,345],"product_tag":[],"oferta-formativa":[273],"tipologia_de_curs":[],"modalitat_de_curs":[],"destacado":[],"class_list":{"0":"post-64835","1":"product","2":"type-product","3":"status-publish","4":"has-post-thumbnail","6":"product_cat-actualitzacio-i-perfeccionament","7":"product_cat-fonaments-api","8":"pa_tipus-de-formacio-online","9":"oferta-formativa-juridic-i-fiscal","11":"first","12":"instock","13":"sold-individually","14":"purchasable","15":"product-type-variable"},"_links":{"self":[{"href":"https:\/\/www.apiacademy.es\/es\/wp-json\/wp\/v2\/product\/64835"}],"collection":[{"href":"https:\/\/www.apiacademy.es\/es\/wp-json\/wp\/v2\/product"}],"about":[{"href":"https:\/\/www.apiacademy.es\/es\/wp-json\/wp\/v2\/types\/product"}],"version-history":[{"count":4,"href":"https:\/\/www.apiacademy.es\/es\/wp-json\/wp\/v2\/product\/64835\/revisions"}],"predecessor-version":[{"id":76393,"href":"https:\/\/www.apiacademy.es\/es\/wp-json\/wp\/v2\/product\/64835\/revisions\/76393"}],"wp:featuredmedia":[{"embeddable":true,"href":"https:\/\/www.apiacademy.es\/es\/wp-json\/wp\/v2\/media\/64842"}],"wp:attachment":[{"href":"https:\/\/www.apiacademy.es\/es\/wp-json\/wp\/v2\/media?parent=64835"}],"wp:term":[{"taxonomy":"product_cat","embeddable":true,"href":"https:\/\/www.apiacademy.es\/es\/wp-json\/wp\/v2\/product_cat?post=64835"},{"taxonomy":"product_tag","embeddable":true,"href":"https:\/\/www.apiacademy.es\/es\/wp-json\/wp\/v2\/product_tag?post=64835"},{"taxonomy":"oferta-formativa","embeddable":true,"href":"https:\/\/www.apiacademy.es\/es\/wp-json\/wp\/v2\/oferta-formativa?post=64835"},{"taxonomy":"tipologia_de_curs","embeddable":true,"href":"https:\/\/www.apiacademy.es\/es\/wp-json\/wp\/v2\/tipologia_de_curs?post=64835"},{"taxonomy":"modalitat_de_curs","embeddable":true,"href":"https:\/\/www.apiacademy.es\/es\/wp-json\/wp\/v2\/modalitat_de_curs?post=64835"},{"taxonomy":"destacado","embeddable":true,"href":"https:\/\/www.apiacademy.es\/es\/wp-json\/wp\/v2\/destacado?post=64835"}],"curies":[{"name":"wp","href":"https:\/\/api.w.org\/{rel}","templated":true}]}}