{"id":64755,"date":"2025-01-27T15:01:30","date_gmt":"2025-01-27T14:01:30","guid":{"rendered":"https:\/\/www.apiacademy.es\/?post_type=product&#038;p=64755"},"modified":"2025-11-28T13:37:20","modified_gmt":"2025-11-28T12:37:20","slug":"arrendaments-urbans-sense-secrets-domina-les-claus-del-lloguer","status":"publish","type":"product","link":"https:\/\/www.apiacademy.es\/es\/producto\/arrendaments-urbans-sense-secrets-domina-les-claus-del-lloguer\/","title":{"rendered":"Arrendamientos urbanos sin secretos \u2013 Domina las claves del alquiler (LAU)"},"content":{"rendered":"<p>En este curso, aprenderemos, las diferencias principales entre los arrendamientos, de vivienda, y los de uso diferente de vivienda.<\/p>\n<p>Veremos las caracter\u00edsticas esenciales de un contrato de arrendamiento de vivienda y estudiaremos a fondo los art\u00edculos m\u00e1s complicados y complejos de la norma que regula los arrendamientos, sin perder de vista, las \u00faltimas modificaciones que en materia de vivienda, han afectado la regulaci\u00f3n de alquileres, tal como la Ley 12\/2023, del 24 de mayo, del derecho a la vivienda.<\/p>\n<p>Por supuesto, descubriremos consejos pr\u00e1cticos sobre como establecer los plazos de duraci\u00f3n, notificaci\u00f3n, preaviso, etc\u2026 en funci\u00f3n de la fecha de r\u00fabrica del contrato, y veremos tipo que te facilitar\u00e1n la vida, a nivel personal, y profesional.<\/p>\n<p>Si tienes dudas, como se aplica una revisi\u00f3n de renta, como saber el plazo de preaviso, sin memorizar las leyes vigentes, o como funciona la cl\u00e1usula de recuperaci\u00f3n de vivienda de un propietario\u2026 Este es tu curso, no te lo pierdas!<\/p>","protected":false},"excerpt":{"rendered":"<p>En aquest curs, aprendrem, les difer\u00e8ncies principals entre els arrendaments, d&#8217;habitatge, i els d&#8217;\u00fas diferent d&#8217;habitatge. Veurem les caracter\u00edstiques essencials d&#8217;un contracte d&#8217;arrendament d&#8217;habitatge i estudiarem a fons els articles m\u00e9s complicats i complexos de la norma que regula els arrendaments, sense perdre de vista, les darreres modificacions que en mat\u00e8ria d&#8217;habitatge, han afectat la [&hellip;]<\/p>","protected":false},"featured_media":64822,"template":"","meta":[],"product_cat":[319],"product_tag":[],"oferta-formativa":[273],"tipologia_de_curs":[],"modalitat_de_curs":[],"destacado":[],"class_list":{"0":"post-64755","1":"product","2":"type-product","3":"status-publish","4":"has-post-thumbnail","6":"product_cat-actualitzacio-i-perfeccionament","7":"pa_tipus-de-formacio-presencial-es","8":"oferta-formativa-juridic-i-fiscal","10":"first","11":"outofstock","12":"sold-individually","13":"purchasable","14":"product-type-variable"},"_links":{"self":[{"href":"https:\/\/www.apiacademy.es\/es\/wp-json\/wp\/v2\/product\/64755"}],"collection":[{"href":"https:\/\/www.apiacademy.es\/es\/wp-json\/wp\/v2\/product"}],"about":[{"href":"https:\/\/www.apiacademy.es\/es\/wp-json\/wp\/v2\/types\/product"}],"version-history":[{"count":18,"href":"https:\/\/www.apiacademy.es\/es\/wp-json\/wp\/v2\/product\/64755\/revisions"}],"predecessor-version":[{"id":74433,"href":"https:\/\/www.apiacademy.es\/es\/wp-json\/wp\/v2\/product\/64755\/revisions\/74433"}],"wp:featuredmedia":[{"embeddable":true,"href":"https:\/\/www.apiacademy.es\/es\/wp-json\/wp\/v2\/media\/64822"}],"wp:attachment":[{"href":"https:\/\/www.apiacademy.es\/es\/wp-json\/wp\/v2\/media?parent=64755"}],"wp:term":[{"taxonomy":"product_cat","embeddable":true,"href":"https:\/\/www.apiacademy.es\/es\/wp-json\/wp\/v2\/product_cat?post=64755"},{"taxonomy":"product_tag","embeddable":true,"href":"https:\/\/www.apiacademy.es\/es\/wp-json\/wp\/v2\/product_tag?post=64755"},{"taxonomy":"oferta-formativa","embeddable":true,"href":"https:\/\/www.apiacademy.es\/es\/wp-json\/wp\/v2\/oferta-formativa?post=64755"},{"taxonomy":"tipologia_de_curs","embeddable":true,"href":"https:\/\/www.apiacademy.es\/es\/wp-json\/wp\/v2\/tipologia_de_curs?post=64755"},{"taxonomy":"modalitat_de_curs","embeddable":true,"href":"https:\/\/www.apiacademy.es\/es\/wp-json\/wp\/v2\/modalitat_de_curs?post=64755"},{"taxonomy":"destacado","embeddable":true,"href":"https:\/\/www.apiacademy.es\/es\/wp-json\/wp\/v2\/destacado?post=64755"}],"curies":[{"name":"wp","href":"https:\/\/api.w.org\/{rel}","templated":true}]}}