{"id":64096,"date":"2025-01-21T13:11:20","date_gmt":"2025-01-21T12:11:20","guid":{"rendered":"https:\/\/www.apiacademy.es\/?post_type=product&#038;p=64096"},"modified":"2026-04-30T06:27:00","modified_gmt":"2026-04-30T04:27:00","slug":"la-fiscalitat-indirecta-de-les-operacions-immobiliaries","status":"publish","type":"product","link":"https:\/\/www.apiacademy.es\/es\/producto\/la-fiscalitat-indirecta-de-les-operacions-immobiliaries\/","title":{"rendered":"La fiscalidad indirecta de las operaciones inmobiliarias"},"content":{"rendered":"<p>En este curso se explica c\u00f3mo funciona la tributaci\u00f3n de las operaciones inmobiliarias a nivel de imposici\u00f3n indirecta (primera transmisi\u00f3n, segunda o ulteriores, afectaci\u00f3n a una actividad econ\u00f3mica, etc.), es decir, si las operaciones se tienen que grabar por el IVA o bien por el ITP -AJD. Todo esto poniendo \u00e9nfasis en las \u00faltimas resoluciones econ\u00f3mico-administrativas y de Tribunales y de la casu\u00edstica m\u00e1s com\u00fan.<\/p>","protected":false},"excerpt":{"rendered":"<p>A aquest curs s&#8217;explica com funciona la tributaci\u00f3 de les operacions immobili\u00e0ries a nivell d&#8217;imposici\u00f3 indirecta (primera transmissi\u00f3, segona o ulteriors, afectaci\u00f3 a una activitat econ\u00f2mica, etc.), \u00e9s a dir, si les operacions s&#8217;han d&#8217;enregistrar per l&#8217;IVA o b\u00e9 per l&#8217;ITP -AJD. Tot aix\u00f2 posant \u00e8mfasi en les darreres resolucions economicoadministratives i de Tribunals i [&hellip;]<\/p>","protected":false},"featured_media":64912,"template":"","meta":[],"product_cat":[319],"product_tag":[],"oferta-formativa":[273],"tipologia_de_curs":[],"modalitat_de_curs":[],"destacado":[],"class_list":{"0":"post-64096","1":"product","2":"type-product","3":"status-publish","4":"has-post-thumbnail","6":"product_cat-actualitzacio-i-perfeccionament","7":"pa_tipus-de-formacio-online-es","8":"oferta-formativa-juridic-i-fiscal","10":"first","11":"instock","12":"sold-individually","13":"purchasable","14":"product-type-variable"},"_links":{"self":[{"href":"https:\/\/www.apiacademy.es\/es\/wp-json\/wp\/v2\/product\/64096"}],"collection":[{"href":"https:\/\/www.apiacademy.es\/es\/wp-json\/wp\/v2\/product"}],"about":[{"href":"https:\/\/www.apiacademy.es\/es\/wp-json\/wp\/v2\/types\/product"}],"version-history":[{"count":10,"href":"https:\/\/www.apiacademy.es\/es\/wp-json\/wp\/v2\/product\/64096\/revisions"}],"predecessor-version":[{"id":77083,"href":"https:\/\/www.apiacademy.es\/es\/wp-json\/wp\/v2\/product\/64096\/revisions\/77083"}],"wp:featuredmedia":[{"embeddable":true,"href":"https:\/\/www.apiacademy.es\/es\/wp-json\/wp\/v2\/media\/64912"}],"wp:attachment":[{"href":"https:\/\/www.apiacademy.es\/es\/wp-json\/wp\/v2\/media?parent=64096"}],"wp:term":[{"taxonomy":"product_cat","embeddable":true,"href":"https:\/\/www.apiacademy.es\/es\/wp-json\/wp\/v2\/product_cat?post=64096"},{"taxonomy":"product_tag","embeddable":true,"href":"https:\/\/www.apiacademy.es\/es\/wp-json\/wp\/v2\/product_tag?post=64096"},{"taxonomy":"oferta-formativa","embeddable":true,"href":"https:\/\/www.apiacademy.es\/es\/wp-json\/wp\/v2\/oferta-formativa?post=64096"},{"taxonomy":"tipologia_de_curs","embeddable":true,"href":"https:\/\/www.apiacademy.es\/es\/wp-json\/wp\/v2\/tipologia_de_curs?post=64096"},{"taxonomy":"modalitat_de_curs","embeddable":true,"href":"https:\/\/www.apiacademy.es\/es\/wp-json\/wp\/v2\/modalitat_de_curs?post=64096"},{"taxonomy":"destacado","embeddable":true,"href":"https:\/\/www.apiacademy.es\/es\/wp-json\/wp\/v2\/destacado?post=64096"}],"curies":[{"name":"wp","href":"https:\/\/api.w.org\/{rel}","templated":true}]}}