{"id":63955,"date":"2025-01-16T13:30:34","date_gmt":"2025-01-16T12:30:34","guid":{"rendered":"https:\/\/www.apiacademy.es\/?post_type=product&#038;p=63955"},"modified":"2026-05-06T12:27:42","modified_gmt":"2026-05-06T10:27:42","slug":"api-profesional-balears-century21","status":"publish","type":"product","link":"https:\/\/www.apiacademy.es\/es\/producto\/api-profesional-balears-century21\/","title":{"rendered":"Curso de agente inmobiliario - Islas Baleares (Century 21)"},"content":{"rendered":"<p><strong>Formaci\u00f3n exclusiva para trabajadores de Century 21.<\/strong><\/p>\n<p>La profesi\u00f3n inmobiliaria debe regirse bajo los valores de la profesionalidad, la \u00e9tica y la responsabilidad hacia la sociedad en general y su p\u00fablico objetivo en particular.<\/p>\n<p>Este rigor, como es l\u00f3gico, tiene que sustentarse sobre unos cimientos s\u00f3lidos y f\u00e9rreos que solo una formaci\u00f3n de calidad puede aportar al profesional inmobiliario para el correcto desempe\u00f1o de su actividad.<\/p>\n<p>A fin de acreditar tal capacitaci\u00f3n profesional para el ejercicio de la actividad, a la asociaci\u00f3n ANAI, invitamos a nuestros asociados a superar con \u00e9xito una formaci\u00f3n expresamente creada para tales efectos.<\/p>\n<p class=\"translation-block\">Superar con \u00e9xito esta formaci\u00f3n permitir\u00e1 al solicitante ser miembro asociado de pleno derecho de <strong>ANAI<\/strong><\/p>\n<p><strong>*Curso para el acceso al registro de Agentes Inmobiliarios de las Islas Baleares.<\/strong><\/p>\n<p><strong>Formaci\u00f3n 100 % financiable sin intereses.\u00a0<\/strong><\/p>\n<p>&nbsp;<\/p>","protected":false},"excerpt":{"rendered":"<p>Formaci\u00f3 exclusiva per treballadors de Century 21. La professi\u00f3 immobili\u00e0ria ha de regir-se sota els valors de la professionalitat, l&#8217;\u00e8tica i la responsabilitat envers la societat en general i el seu p\u00fablic objectiu en particular. Aquest rigor, com \u00e9s l\u00f2gic, ha de sustentar-se sobre uns fonaments s\u00f2lids i ferris que nom\u00e9s una formaci\u00f3 de qualitat [&hellip;]<\/p>","protected":false},"featured_media":29464,"template":"","meta":[],"product_cat":[344],"product_tag":[],"oferta-formativa":[276],"tipologia_de_curs":[],"modalitat_de_curs":[],"destacado":[],"class_list":{"0":"post-63955","1":"product","2":"type-product","3":"status-publish","4":"has-post-thumbnail","6":"product_cat-acreditacio-api","7":"pa_tipus-de-formacio-online-es","8":"oferta-formativa-transversal","10":"first","11":"instock","12":"virtual","13":"sold-individually","14":"purchasable","15":"product-type-simple"},"_links":{"self":[{"href":"https:\/\/www.apiacademy.es\/es\/wp-json\/wp\/v2\/product\/63955"}],"collection":[{"href":"https:\/\/www.apiacademy.es\/es\/wp-json\/wp\/v2\/product"}],"about":[{"href":"https:\/\/www.apiacademy.es\/es\/wp-json\/wp\/v2\/types\/product"}],"version-history":[{"count":13,"href":"https:\/\/www.apiacademy.es\/es\/wp-json\/wp\/v2\/product\/63955\/revisions"}],"predecessor-version":[{"id":78236,"href":"https:\/\/www.apiacademy.es\/es\/wp-json\/wp\/v2\/product\/63955\/revisions\/78236"}],"wp:featuredmedia":[{"embeddable":true,"href":"https:\/\/www.apiacademy.es\/es\/wp-json\/wp\/v2\/media\/29464"}],"wp:attachment":[{"href":"https:\/\/www.apiacademy.es\/es\/wp-json\/wp\/v2\/media?parent=63955"}],"wp:term":[{"taxonomy":"product_cat","embeddable":true,"href":"https:\/\/www.apiacademy.es\/es\/wp-json\/wp\/v2\/product_cat?post=63955"},{"taxonomy":"product_tag","embeddable":true,"href":"https:\/\/www.apiacademy.es\/es\/wp-json\/wp\/v2\/product_tag?post=63955"},{"taxonomy":"oferta-formativa","embeddable":true,"href":"https:\/\/www.apiacademy.es\/es\/wp-json\/wp\/v2\/oferta-formativa?post=63955"},{"taxonomy":"tipologia_de_curs","embeddable":true,"href":"https:\/\/www.apiacademy.es\/es\/wp-json\/wp\/v2\/tipologia_de_curs?post=63955"},{"taxonomy":"modalitat_de_curs","embeddable":true,"href":"https:\/\/www.apiacademy.es\/es\/wp-json\/wp\/v2\/modalitat_de_curs?post=63955"},{"taxonomy":"destacado","embeddable":true,"href":"https:\/\/www.apiacademy.es\/es\/wp-json\/wp\/v2\/destacado?post=63955"}],"curies":[{"name":"wp","href":"https:\/\/api.w.org\/{rel}","templated":true}]}}