{"id":63741,"date":"2025-01-13T11:40:57","date_gmt":"2025-01-13T10:40:57","guid":{"rendered":"https:\/\/www.apiacademy.es\/?post_type=product&#038;p=63741"},"modified":"2025-02-11T10:14:09","modified_gmt":"2025-02-11T09:14:09","slug":"employee-branding-i-com-motivar-el-talent-de-la-teva-agencia-immobiliaria","status":"publish","type":"product","link":"https:\/\/www.apiacademy.es\/es\/producto\/employee-branding-i-com-motivar-el-talent-de-la-teva-agencia-immobiliaria\/","title":{"rendered":"Employee Branding y como motivar el talento de tu agencia inmobiliaria"},"content":{"rendered":"<p>Cada vez son m\u00e1s las agencias inmobiliarias interesadas en involucrar a sus empleados en una estrategia de employee branding: transmitir al empleado la propuesta de valor de la marca, y de potenciar el sentimiento de pertenencia a la empresa, para que sea el trabajador el que promocione, inspire y motive como l\u00edder digital.<\/p>\n<p>No todos los trabajadores est\u00e1n motivados por lo mismo ni todos quieren conseguir lo mismo. Algunos est\u00e1n bien en su posici\u00f3n, otros quieren aprender m\u00e1s y ascender. Algunos valoran la interacci\u00f3n humana, otros el liderazgo, las habilidades interpersonales\u2026\nEn esta formaci\u00f3n veremos sugerencias para inspirar a cada uno de ellos. El \u00e9xito de tu agencia inmobiliaria no solo se mide en las ganancias.<\/p>\n<p>Dependiendo de lo que motive a tus empleados, haz que se centren en aquello que les suponga un reto, que les haga sentir satisfechos y valorados, y aseg\u00farate de que velan por el bienestar del resto de compa\u00f1eros y de tu agencia.<\/p>\n<p>Convierte a tus empleados en\nembajadores orgullosos de tu inmobiliaria.<\/p>","protected":false},"excerpt":{"rendered":"<p>Cada cop s\u00f3n m\u00e9s les ag\u00e8ncies immobili\u00e0ries interessades a involucrar els seus empleats en una estrat\u00e8gia d&#8217;employee branding: transmetre a l&#8217;empleat la proposta de valor de la marca, i de potenciar el sentiment de pertinen\u00e7a a l&#8217;empresa, perqu\u00e8 sigui el treballador qui promocioni, inspiri i motivi com a l\u00edder digital. No tots els treballadors estan [&hellip;]<\/p>","protected":false},"featured_media":63751,"template":"","meta":[],"product_cat":[319],"product_tag":[],"oferta-formativa":[274],"tipologia_de_curs":[],"modalitat_de_curs":[],"destacado":[],"class_list":{"0":"post-63741","1":"product","2":"type-product","3":"status-publish","4":"has-post-thumbnail","6":"product_cat-actualitzacio-i-perfeccionament","7":"pa_tipus-de-formacio-online","8":"oferta-formativa-negoci-marqueting-i-vendes","10":"first","11":"outofstock","12":"sold-individually","13":"purchasable","14":"product-type-variable"},"_links":{"self":[{"href":"https:\/\/www.apiacademy.es\/es\/wp-json\/wp\/v2\/product\/63741"}],"collection":[{"href":"https:\/\/www.apiacademy.es\/es\/wp-json\/wp\/v2\/product"}],"about":[{"href":"https:\/\/www.apiacademy.es\/es\/wp-json\/wp\/v2\/types\/product"}],"version-history":[{"count":7,"href":"https:\/\/www.apiacademy.es\/es\/wp-json\/wp\/v2\/product\/63741\/revisions"}],"predecessor-version":[{"id":64140,"href":"https:\/\/www.apiacademy.es\/es\/wp-json\/wp\/v2\/product\/63741\/revisions\/64140"}],"wp:featuredmedia":[{"embeddable":true,"href":"https:\/\/www.apiacademy.es\/es\/wp-json\/wp\/v2\/media\/63751"}],"wp:attachment":[{"href":"https:\/\/www.apiacademy.es\/es\/wp-json\/wp\/v2\/media?parent=63741"}],"wp:term":[{"taxonomy":"product_cat","embeddable":true,"href":"https:\/\/www.apiacademy.es\/es\/wp-json\/wp\/v2\/product_cat?post=63741"},{"taxonomy":"product_tag","embeddable":true,"href":"https:\/\/www.apiacademy.es\/es\/wp-json\/wp\/v2\/product_tag?post=63741"},{"taxonomy":"oferta-formativa","embeddable":true,"href":"https:\/\/www.apiacademy.es\/es\/wp-json\/wp\/v2\/oferta-formativa?post=63741"},{"taxonomy":"tipologia_de_curs","embeddable":true,"href":"https:\/\/www.apiacademy.es\/es\/wp-json\/wp\/v2\/tipologia_de_curs?post=63741"},{"taxonomy":"modalitat_de_curs","embeddable":true,"href":"https:\/\/www.apiacademy.es\/es\/wp-json\/wp\/v2\/modalitat_de_curs?post=63741"},{"taxonomy":"destacado","embeddable":true,"href":"https:\/\/www.apiacademy.es\/es\/wp-json\/wp\/v2\/destacado?post=63741"}],"curies":[{"name":"wp","href":"https:\/\/api.w.org\/{rel}","templated":true}]}}