{"id":63673,"date":"2025-01-10T10:53:09","date_gmt":"2025-01-10T09:53:09","guid":{"rendered":"https:\/\/www.apiacademy.es\/?post_type=product&#038;p=63673"},"modified":"2026-03-02T11:40:11","modified_gmt":"2026-03-02T10:40:11","slug":"negociacio-immobiliaria-com-tancar-acords-sense-morir-en-lintent","status":"publish","type":"product","link":"https:\/\/www.apiacademy.es\/es\/producto\/negociacio-immobiliaria-com-tancar-acords-sense-morir-en-lintent\/","title":{"rendered":"Negociaci\u00f3n inmobiliaria: Como cerrar acuerdos"},"content":{"rendered":"<p>En el mundo inmobiliario, negociar no es una opci\u00f3n, es una habilidad de supervivencia. Los agentes que dominan el arte de la negociaci\u00f3n cierran m\u00e1s operaciones, gestionan mejor los conflictos y maximizan su rentabilidad. Este curso intensivo te ense\u00f1ar\u00e1 a identificar estilos de negociaci\u00f3n, manejar objeciones dif\u00edciles y aplicar t\u00e9cnicas probadas que transformar\u00e1n tus conversaciones en acuerdos exitosos.<\/p>\n<p>Prep\u00e1rate para un taller pr\u00e1ctico y directo, dise\u00f1ado para agentes que quieren dejar de perder tiempo y empezar a ganar m\u00e1s cierres, aplicando estrategias de negociaci\u00f3n profesional que funcionan en el sector inmobiliario.<\/p>","protected":false},"excerpt":{"rendered":"<p>Al m\u00f3n immobiliari, negociar no \u00e9s una opci\u00f3, \u00e9s una habilitat de superviv\u00e8ncia. Els agents que dominen l&#8217;art de la negociaci\u00f3 tanquen m\u00e9s operacions, gestionen millor els conflictes i maximitzen la rendibilitat. Aquest curs intensiu us ensenyar\u00e0 a identificar estils de negociaci\u00f3, manejar objeccions dif\u00edcils i aplicar t\u00e8cniques provades que transformaran les vostres converses en [&hellip;]<\/p>","protected":false},"featured_media":63684,"template":"","meta":[],"product_cat":[319],"product_tag":[],"oferta-formativa":[274],"tipologia_de_curs":[],"modalitat_de_curs":[],"destacado":[],"class_list":{"0":"post-63673","1":"product","2":"type-product","3":"status-publish","4":"has-post-thumbnail","6":"product_cat-actualitzacio-i-perfeccionament","7":"pa_tipus-de-formacio-presencial-es","8":"oferta-formativa-negoci-marqueting-i-vendes","10":"first","11":"outofstock","12":"sold-individually","13":"purchasable","14":"product-type-variable"},"_links":{"self":[{"href":"https:\/\/www.apiacademy.es\/es\/wp-json\/wp\/v2\/product\/63673"}],"collection":[{"href":"https:\/\/www.apiacademy.es\/es\/wp-json\/wp\/v2\/product"}],"about":[{"href":"https:\/\/www.apiacademy.es\/es\/wp-json\/wp\/v2\/types\/product"}],"version-history":[{"count":12,"href":"https:\/\/www.apiacademy.es\/es\/wp-json\/wp\/v2\/product\/63673\/revisions"}],"predecessor-version":[{"id":65282,"href":"https:\/\/www.apiacademy.es\/es\/wp-json\/wp\/v2\/product\/63673\/revisions\/65282"}],"wp:featuredmedia":[{"embeddable":true,"href":"https:\/\/www.apiacademy.es\/es\/wp-json\/wp\/v2\/media\/63684"}],"wp:attachment":[{"href":"https:\/\/www.apiacademy.es\/es\/wp-json\/wp\/v2\/media?parent=63673"}],"wp:term":[{"taxonomy":"product_cat","embeddable":true,"href":"https:\/\/www.apiacademy.es\/es\/wp-json\/wp\/v2\/product_cat?post=63673"},{"taxonomy":"product_tag","embeddable":true,"href":"https:\/\/www.apiacademy.es\/es\/wp-json\/wp\/v2\/product_tag?post=63673"},{"taxonomy":"oferta-formativa","embeddable":true,"href":"https:\/\/www.apiacademy.es\/es\/wp-json\/wp\/v2\/oferta-formativa?post=63673"},{"taxonomy":"tipologia_de_curs","embeddable":true,"href":"https:\/\/www.apiacademy.es\/es\/wp-json\/wp\/v2\/tipologia_de_curs?post=63673"},{"taxonomy":"modalitat_de_curs","embeddable":true,"href":"https:\/\/www.apiacademy.es\/es\/wp-json\/wp\/v2\/modalitat_de_curs?post=63673"},{"taxonomy":"destacado","embeddable":true,"href":"https:\/\/www.apiacademy.es\/es\/wp-json\/wp\/v2\/destacado?post=63673"}],"curies":[{"name":"wp","href":"https:\/\/api.w.org\/{rel}","templated":true}]}}