{"id":62926,"date":"2024-12-30T14:25:29","date_gmt":"2024-12-30T13:25:29","guid":{"rendered":"https:\/\/www.apiacademy.es\/?post_type=product&#038;p=62926"},"modified":"2026-04-15T10:07:42","modified_gmt":"2026-04-15T08:07:42","slug":"gestio-immobiliaria-eficient-domina-documents-checklists-i-plantilles-professionals","status":"publish","type":"product","link":"https:\/\/www.apiacademy.es\/es\/producto\/gestio-immobiliaria-eficient-domina-documents-checklists-i-plantilles-professionals\/","title":{"rendered":"Gesti\u00f3n Inmobiliaria Eficiente: Domina Documentos, Checklists y Plantillas Profesionales"},"content":{"rendered":"<p>En este curso, aprender\u00e1s a gestionar tu trabajo diario como agente inmobiliario de manera organizada, eficiente y profesional, utilizando herramientas clave como documentos estandarizados, checklists y plantillas. A trav\u00e9s de una metodolog\u00eda pr\u00e1ctica y casos reales, descubrir\u00e1s como optimizar procesos, minimizar errores y ofrecer un servicio de calidad que destaque en el mercado. Te ense\u00f1aremos a personalizar estas herramientas para adaptarlas a tu estilo de trabajo y necesidades espec\u00edficas. Al finalizar, tendr\u00e1s una gran base para crear documentos y plantillas listas para utilizar, que transformar\u00e1n tu manera de trabajar y aumentar\u00e1n tu productividad y profesionalismo.<\/p>","protected":false},"excerpt":{"rendered":"<p>En aquest curs, aprendr\u00e0s a gestionar el teu treball diari com a agent immobiliari de manera organitzada, eficient i professional, utilitzant eines clau com a documents estandarditzats, checklists i plantilles. A trav\u00e9s d&#8217;una metodologia pr\u00e0ctica i casos reals, descobrir\u00e0s com optimitzar processos, minimitzar errors i oferir un servei de qualitat que destaqui en el mercat. [&hellip;]<\/p>","protected":false},"featured_media":62933,"template":"","meta":[],"product_cat":[319],"product_tag":[],"oferta-formativa":[274],"tipologia_de_curs":[],"modalitat_de_curs":[],"destacado":[],"class_list":{"0":"post-62926","1":"product","2":"type-product","3":"status-publish","4":"has-post-thumbnail","6":"product_cat-actualitzacio-i-perfeccionament","7":"pa_tipus-de-formacio-online-es","8":"oferta-formativa-negoci-marqueting-i-vendes","10":"first","11":"outofstock","12":"sold-individually","13":"purchasable","14":"product-type-variable"},"_links":{"self":[{"href":"https:\/\/www.apiacademy.es\/es\/wp-json\/wp\/v2\/product\/62926"}],"collection":[{"href":"https:\/\/www.apiacademy.es\/es\/wp-json\/wp\/v2\/product"}],"about":[{"href":"https:\/\/www.apiacademy.es\/es\/wp-json\/wp\/v2\/types\/product"}],"version-history":[{"count":13,"href":"https:\/\/www.apiacademy.es\/es\/wp-json\/wp\/v2\/product\/62926\/revisions"}],"predecessor-version":[{"id":75757,"href":"https:\/\/www.apiacademy.es\/es\/wp-json\/wp\/v2\/product\/62926\/revisions\/75757"}],"wp:featuredmedia":[{"embeddable":true,"href":"https:\/\/www.apiacademy.es\/es\/wp-json\/wp\/v2\/media\/62933"}],"wp:attachment":[{"href":"https:\/\/www.apiacademy.es\/es\/wp-json\/wp\/v2\/media?parent=62926"}],"wp:term":[{"taxonomy":"product_cat","embeddable":true,"href":"https:\/\/www.apiacademy.es\/es\/wp-json\/wp\/v2\/product_cat?post=62926"},{"taxonomy":"product_tag","embeddable":true,"href":"https:\/\/www.apiacademy.es\/es\/wp-json\/wp\/v2\/product_tag?post=62926"},{"taxonomy":"oferta-formativa","embeddable":true,"href":"https:\/\/www.apiacademy.es\/es\/wp-json\/wp\/v2\/oferta-formativa?post=62926"},{"taxonomy":"tipologia_de_curs","embeddable":true,"href":"https:\/\/www.apiacademy.es\/es\/wp-json\/wp\/v2\/tipologia_de_curs?post=62926"},{"taxonomy":"modalitat_de_curs","embeddable":true,"href":"https:\/\/www.apiacademy.es\/es\/wp-json\/wp\/v2\/modalitat_de_curs?post=62926"},{"taxonomy":"destacado","embeddable":true,"href":"https:\/\/www.apiacademy.es\/es\/wp-json\/wp\/v2\/destacado?post=62926"}],"curies":[{"name":"wp","href":"https:\/\/api.w.org\/{rel}","templated":true}]}}