{"id":33459,"date":"2024-12-12T11:55:01","date_gmt":"2024-12-12T10:55:01","guid":{"rendered":"https:\/\/www.apiacademy.es\/?post_type=product&#038;p=33459"},"modified":"2026-05-12T18:02:24","modified_gmt":"2026-05-12T16:02:24","slug":"curs-de-formacio-api-professional-illes-balears","status":"publish","type":"product","link":"https:\/\/www.apiacademy.es\/es\/producto\/curs-de-formacio-api-professional-illes-balears\/","title":{"rendered":"Curso de agente inmobiliario - Islas Baleares"},"content":{"rendered":"<p><a href=\"https:\/\/www.apiacademy.es\/wp-content\/uploads\/2024\/12\/AFD_GuiaAlumno-FINANCIACION-CURSOS-2026-es.pdf\" target=\"_blank\" rel=\"noopener\"><img decoding=\"async\" class=\"alignnone size-medium wp-image-78370\" style=\"float: right; padding: 0 0 15px 15px;\" src=\"https:\/\/www.apiacademy.es\/wp-content\/uploads\/2026\/05\/Iconos_APIACADEMY_100x100financiable-es.png\" alt=\"\" width=\"300\" height=\"149\" srcset=\"https:\/\/www.apiacademy.es\/wp-content\/uploads\/2026\/05\/Iconos_APIACADEMY_100x100financiable-es.png 329w, https:\/\/www.apiacademy.es\/wp-content\/uploads\/2026\/05\/Iconos_APIACADEMY_100x100financiable-es-300x149.png 300w, https:\/\/www.apiacademy.es\/wp-content\/uploads\/2026\/05\/Iconos_APIACADEMY_100x100financiable-es-18x9.png 18w\" sizes=\"(max-width: 300px) 100vw, 300px\" \/><\/a><\/p>\n<p>La profesi\u00f3n inmobiliaria tiene que regirse bajo los valores de la profesionalidad, la \u00e9tica y la responsabilidad hacia la sociedad en general y su p\u00fablico objetivo en particular.<\/p>\n<p>Este rigor, como es l\u00f3gico, tiene que sustentarse sobre unos cimientos s\u00f3lidos y f\u00e9rreos que solo una formaci\u00f3n de calidad puede aportar al profesional inmobiliario para el correcto desempe\u00f1o de su actividad.<\/p>\n<p>A fin de acreditar tal capacitaci\u00f3n profesional para el ejercicio de la actividad, en la asociaci\u00f3n ANAI invitamos a nuestros asociados a superar con \u00e9xito una formaci\u00f3n expresamente creada para tales efectos.<\/p>\n<p>Superar con \u00e9xito esta formaci\u00f3n permitir\u00e1 al solicitante \u2013si as\u00ed lo desea- ser miembro asociado de pleno derecho de ANAI<\/p>\n<p><strong>*Curso para el acceso al registro de Agentes Inmobiliarios de las Islas Baleares.<\/strong><\/p>\n<p><strong>Formaci\u00f3n 100 % financiable sin intereses.\u00a0<\/strong><\/p>","protected":false},"excerpt":{"rendered":"<p>La professi\u00f3 immobili\u00e0ria ha de regir-se sota els valors de la professionalitat, l\u2019\u00e8tica i la responsabilitat envers la societat en general i el seu p\u00fablic objectiu en particular. Aquest rigor, com \u00e9s l\u00f2gic, ha de sustentar-se sobre uns fonaments s\u00f2lids i ferris que nom\u00e9s una formaci\u00f3 de qualitat pot aportar al professional immobiliari per al [&hellip;]<\/p>","protected":false},"featured_media":30593,"template":"","meta":[],"product_cat":[344],"product_tag":[],"oferta-formativa":[276],"tipologia_de_curs":[],"modalitat_de_curs":[],"destacado":[309],"class_list":{"0":"post-33459","1":"product","2":"type-product","3":"status-publish","4":"has-post-thumbnail","6":"product_cat-acreditacio-api","7":"pa_tipus-de-formacio-online","8":"oferta-formativa-transversal","9":"destacado-destacado-home","11":"first","12":"instock","13":"sold-individually","14":"product-type-variable"},"_links":{"self":[{"href":"https:\/\/www.apiacademy.es\/es\/wp-json\/wp\/v2\/product\/33459"}],"collection":[{"href":"https:\/\/www.apiacademy.es\/es\/wp-json\/wp\/v2\/product"}],"about":[{"href":"https:\/\/www.apiacademy.es\/es\/wp-json\/wp\/v2\/types\/product"}],"version-history":[{"count":35,"href":"https:\/\/www.apiacademy.es\/es\/wp-json\/wp\/v2\/product\/33459\/revisions"}],"predecessor-version":[{"id":78393,"href":"https:\/\/www.apiacademy.es\/es\/wp-json\/wp\/v2\/product\/33459\/revisions\/78393"}],"wp:featuredmedia":[{"embeddable":true,"href":"https:\/\/www.apiacademy.es\/es\/wp-json\/wp\/v2\/media\/30593"}],"wp:attachment":[{"href":"https:\/\/www.apiacademy.es\/es\/wp-json\/wp\/v2\/media?parent=33459"}],"wp:term":[{"taxonomy":"product_cat","embeddable":true,"href":"https:\/\/www.apiacademy.es\/es\/wp-json\/wp\/v2\/product_cat?post=33459"},{"taxonomy":"product_tag","embeddable":true,"href":"https:\/\/www.apiacademy.es\/es\/wp-json\/wp\/v2\/product_tag?post=33459"},{"taxonomy":"oferta-formativa","embeddable":true,"href":"https:\/\/www.apiacademy.es\/es\/wp-json\/wp\/v2\/oferta-formativa?post=33459"},{"taxonomy":"tipologia_de_curs","embeddable":true,"href":"https:\/\/www.apiacademy.es\/es\/wp-json\/wp\/v2\/tipologia_de_curs?post=33459"},{"taxonomy":"modalitat_de_curs","embeddable":true,"href":"https:\/\/www.apiacademy.es\/es\/wp-json\/wp\/v2\/modalitat_de_curs?post=33459"},{"taxonomy":"destacado","embeddable":true,"href":"https:\/\/www.apiacademy.es\/es\/wp-json\/wp\/v2\/destacado?post=33459"}],"curies":[{"name":"wp","href":"https:\/\/api.w.org\/{rel}","templated":true}]}}