{"id":33209,"date":"2024-12-12T11:54:04","date_gmt":"2024-12-12T10:54:04","guid":{"rendered":"https:\/\/www.apiacademy.es\/?post_type=product&#038;p=33209"},"modified":"2026-04-09T12:46:22","modified_gmt":"2026-04-09T10:46:22","slug":"acreditacio-api-tecnic-immobiliari-habilitat-curs-en-idioma-catala","status":"publish","type":"product","link":"https:\/\/www.apiacademy.es\/es\/producto\/acreditacio-api-tecnic-immobiliari-habilitat-curs-en-idioma-catala\/","title":{"rendered":"Acreditaci\u00f3n API: T\u00e9cnico inmobiliario Habilitado (curso en idioma catal\u00e1n)"},"content":{"rendered":"<p>La profesi\u00f3n inmobiliaria debe regirse bajo los valores de la profesionalidad, la \u00e9tica y la responsabilidad hacia la sociedad en general y su p\u00fablico objetivo en particular.<\/p>\n<p>Este rigor, como es l\u00f3gico, tiene que sustentarse sobre unos cimientos s\u00f3lidos y f\u00e9rreos que solo una formaci\u00f3n de calidad puede aportar al profesional inmobiliario para el correcto desempe\u00f1o de su actividad.<\/p>\n<p>Si eres una persona que empieza a trabajar en el sector inmobiliario o llevas un tiempo y quieres terminar de adquirir conocimientos, desde API Academy te ofrecemos la posibilidad de cursar el programa de T\u00e9cnico Inmobiliario Habilitado que te proporcionar\u00e1 las herramientas y la base necesarias para desarrollarte en esta profesi\u00f3n con total solvencia y confianza.<\/p>\n<p>Cursando este programa formativo <strong>podr\u00e1s acceder a un mercado laboral<\/strong> en auge que te permitir\u00e1 tener un futuro profesional  estable en el sector inmobiliario.<\/p>\n<p>Una vez terminado el curso con \u00e9xito tendr\u00e1s <strong>acceso directo a la Bolsa de trabajo API (APIJOBS)<\/strong> y entrar a formar parte de un sector din\u00e1mico y con grandes oportunidades de futuro.<\/p>\n<p>Este curso se compone de dos partes:<\/p>\n<ul>\n<li>Una primera parte troncal en la que cursar\u00e1s asignaturas gen\u00e9ricas e importantes para el eficiente desarrollo de tu labor inmobiliaria.<\/li>\n<li>Una segunda parte de especializaci\u00f3n en la que podr\u00e1s elegir si quieres conocer m\u00e1s a fondo las tareas y responsabilidades que desarrolla un\/a asesor\/a inmobiliario\/a en una agencia inmobiliaria o, por el contrario, quieres especializarte en las funciones de coordinador\/a.<\/li>\n<\/ul>\n<p>Si eliges este curso, realizar\u00e1s las dos especializaciones a un precio proporcionalmente m\u00e1s asequible. Si solo quieres hacer una especializaci\u00f3n, debes elegir o bien el curso de asesor, o bien el de coordinador.<\/p>","protected":false},"excerpt":{"rendered":"<p>La professi\u00f3 immobili\u00e0ria ha de regir-se sota els valors de la professionalitat, l&#8217;\u00e8tica i la responsabilitat envers la societat en general i el seu p\u00fablic objectiu en particular. Aquest rigor, com \u00e9s l\u00f2gic, ha de sustentar-se sobre uns fonaments s\u00f2lids i ferris que nom\u00e9s una formaci\u00f3 de qualitat pot aportar al professional immobiliari per al [&hellip;]<\/p>","protected":false},"featured_media":30280,"template":"","meta":[],"product_cat":[344],"product_tag":[],"oferta-formativa":[276],"tipologia_de_curs":[],"modalitat_de_curs":[],"destacado":[309],"class_list":{"0":"post-33209","1":"product","2":"type-product","3":"status-publish","4":"has-post-thumbnail","6":"product_cat-acreditacio-api","7":"pa_tipus-de-formacio-online","8":"oferta-formativa-transversal","9":"destacado-destacado-home","11":"first","12":"instock","13":"sold-individually","14":"taxable","15":"shipping-taxable","16":"purchasable","17":"product-type-simple"},"_links":{"self":[{"href":"https:\/\/www.apiacademy.es\/es\/wp-json\/wp\/v2\/product\/33209"}],"collection":[{"href":"https:\/\/www.apiacademy.es\/es\/wp-json\/wp\/v2\/product"}],"about":[{"href":"https:\/\/www.apiacademy.es\/es\/wp-json\/wp\/v2\/types\/product"}],"version-history":[{"count":44,"href":"https:\/\/www.apiacademy.es\/es\/wp-json\/wp\/v2\/product\/33209\/revisions"}],"predecessor-version":[{"id":76668,"href":"https:\/\/www.apiacademy.es\/es\/wp-json\/wp\/v2\/product\/33209\/revisions\/76668"}],"wp:featuredmedia":[{"embeddable":true,"href":"https:\/\/www.apiacademy.es\/es\/wp-json\/wp\/v2\/media\/30280"}],"wp:attachment":[{"href":"https:\/\/www.apiacademy.es\/es\/wp-json\/wp\/v2\/media?parent=33209"}],"wp:term":[{"taxonomy":"product_cat","embeddable":true,"href":"https:\/\/www.apiacademy.es\/es\/wp-json\/wp\/v2\/product_cat?post=33209"},{"taxonomy":"product_tag","embeddable":true,"href":"https:\/\/www.apiacademy.es\/es\/wp-json\/wp\/v2\/product_tag?post=33209"},{"taxonomy":"oferta-formativa","embeddable":true,"href":"https:\/\/www.apiacademy.es\/es\/wp-json\/wp\/v2\/oferta-formativa?post=33209"},{"taxonomy":"tipologia_de_curs","embeddable":true,"href":"https:\/\/www.apiacademy.es\/es\/wp-json\/wp\/v2\/tipologia_de_curs?post=33209"},{"taxonomy":"modalitat_de_curs","embeddable":true,"href":"https:\/\/www.apiacademy.es\/es\/wp-json\/wp\/v2\/modalitat_de_curs?post=33209"},{"taxonomy":"destacado","embeddable":true,"href":"https:\/\/www.apiacademy.es\/es\/wp-json\/wp\/v2\/destacado?post=33209"}],"curies":[{"name":"wp","href":"https:\/\/api.w.org\/{rel}","templated":true}]}}