{"id":33203,"date":"2024-12-12T11:54:02","date_gmt":"2024-12-12T10:54:02","guid":{"rendered":"https:\/\/www.apiacademy.es\/?post_type=product&#038;p=33203"},"modified":"2026-05-08T12:54:47","modified_gmt":"2026-05-08T10:54:47","slug":"certificacio-tecnic-immobiliari-habilitat-coordinador-a","status":"publish","type":"product","link":"https:\/\/www.apiacademy.es\/es\/producto\/certificacio-tecnic-immobiliari-habilitat-coordinador-a\/","title":{"rendered":"Acreditaci\u00f3n API: T\u00e9cnico Inmobiliario Habilitado \u2013 Coordinador\/a (curso en idioma catal\u00e1n)"},"content":{"rendered":"<p><a href=\"https:\/\/www.apiacademy.es\/wp-content\/uploads\/2024\/12\/AFD_GuiaAlumno-FINANCIACION-CURSOS-2026-es.pdf\" target=\"_blank\" rel=\"noopener\"><img decoding=\"async\" class=\"alignnone size-medium wp-image-78370\" style=\"float: right; padding: 0 0 15px 15px;\" src=\"https:\/\/www.apiacademy.es\/wp-content\/uploads\/2026\/05\/Iconos_APIACADEMY_100x100financiable-es.png\" alt=\"\" width=\"300\" height=\"149\" srcset=\"https:\/\/www.apiacademy.es\/wp-content\/uploads\/2026\/05\/Iconos_APIACADEMY_100x100financiable-es.png 329w, https:\/\/www.apiacademy.es\/wp-content\/uploads\/2026\/05\/Iconos_APIACADEMY_100x100financiable-es-300x149.png 300w, https:\/\/www.apiacademy.es\/wp-content\/uploads\/2026\/05\/Iconos_APIACADEMY_100x100financiable-es-18x9.png 18w\" sizes=\"(max-width: 300px) 100vw, 300px\" \/><\/a><\/p>\n<p>La profesi\u00f3n inmobiliaria debe regirse bajo los valores de la profesionalidad, la \u00e9tica y la responsabilidad hacia la sociedad en general y su p\u00fablico objetivo en particular.<\/p>\n<p>Este rigor, como es l\u00f3gico, tiene que sustentarse sobre unos cimientos s\u00f3lidos y f\u00e9rreos que solo una formaci\u00f3n de calidad puede aportar al profesional inmobiliario para el correcto desempe\u00f1o de su actividad.<\/p>\n<p>Si eres una persona que empieza a trabajar en el sector inmobiliario o llevas tiempo y quieres acabar de adquirir conocimientos, desde API Academy te ofrecemos la posibilidad de cursar el programa de T\u00e9cnico Inmobiliario Habilitado que te proporcionar\u00e1 las herramientas y la base necesaria para desarrollarte en esta profesi\u00f3n.<\/p>\n<p>Cursando este programa formativo <strong>podr\u00e1s acceder a un mercado laboral<\/strong> en auge que te permitir\u00e1 tener un futuro profesional  estable en el sector inmobiliario.<\/p>\n<p>Una vez terminado el curso con \u00e9xito tendr\u00e1s <strong>acceso directo a la Bolsa de trabajo API (APIJOBS)<\/strong> y entrar a formar parte de un sector din\u00e1mico y con grandes oportunidades de futuro.<\/p>\n<p>Este curso se compone de dos partes:<\/p>\n<ul>\n<li>Una primera parte troncal en la que cursar\u00e1s asignaturas gen\u00e9ricas e importantes para el eficiente desarrollo de tu labor inmobiliaria.<\/li>\n<li>Una segunda parte de especializaci\u00f3n en las tareas y responsabilidades que desarrolla un\/a coordinador\/a inmobiliario\/a en una agencia inmobiliaria.<\/li>\n<\/ul>\n<p>&nbsp;<\/p>\n<p><strong>Formaci\u00f3n 100 % financiable sin intereses.\u00a0<\/strong><\/p>","protected":false},"excerpt":{"rendered":"<p>La professi\u00f3 immobili\u00e0ria ha de regir-se sota els valors de la professionalitat, l&#8217;\u00e8tica i la responsabilitat envers la societat en general i el seu p\u00fablic objectiu en particular. Aquest rigor, com \u00e9s l\u00f2gic, ha de sustentar-se sobre uns fonaments s\u00f2lids i ferris que nom\u00e9s una formaci\u00f3 de qualitat pot aportar al professional immobiliari per al [&hellip;]<\/p>","protected":false},"featured_media":30274,"template":"","meta":[],"product_cat":[344],"product_tag":[],"oferta-formativa":[276],"tipologia_de_curs":[],"modalitat_de_curs":[],"destacado":[309],"class_list":{"0":"post-33203","1":"product","2":"type-product","3":"status-publish","4":"has-post-thumbnail","6":"product_cat-acreditacio-api","7":"pa_tipus-de-formacio-online","8":"oferta-formativa-transversal","9":"destacado-destacado-home","11":"first","12":"instock","13":"sold-individually","14":"taxable","15":"shipping-taxable","16":"purchasable","17":"product-type-simple"},"_links":{"self":[{"href":"https:\/\/www.apiacademy.es\/es\/wp-json\/wp\/v2\/product\/33203"}],"collection":[{"href":"https:\/\/www.apiacademy.es\/es\/wp-json\/wp\/v2\/product"}],"about":[{"href":"https:\/\/www.apiacademy.es\/es\/wp-json\/wp\/v2\/types\/product"}],"version-history":[{"count":25,"href":"https:\/\/www.apiacademy.es\/es\/wp-json\/wp\/v2\/product\/33203\/revisions"}],"predecessor-version":[{"id":78397,"href":"https:\/\/www.apiacademy.es\/es\/wp-json\/wp\/v2\/product\/33203\/revisions\/78397"}],"wp:featuredmedia":[{"embeddable":true,"href":"https:\/\/www.apiacademy.es\/es\/wp-json\/wp\/v2\/media\/30274"}],"wp:attachment":[{"href":"https:\/\/www.apiacademy.es\/es\/wp-json\/wp\/v2\/media?parent=33203"}],"wp:term":[{"taxonomy":"product_cat","embeddable":true,"href":"https:\/\/www.apiacademy.es\/es\/wp-json\/wp\/v2\/product_cat?post=33203"},{"taxonomy":"product_tag","embeddable":true,"href":"https:\/\/www.apiacademy.es\/es\/wp-json\/wp\/v2\/product_tag?post=33203"},{"taxonomy":"oferta-formativa","embeddable":true,"href":"https:\/\/www.apiacademy.es\/es\/wp-json\/wp\/v2\/oferta-formativa?post=33203"},{"taxonomy":"tipologia_de_curs","embeddable":true,"href":"https:\/\/www.apiacademy.es\/es\/wp-json\/wp\/v2\/tipologia_de_curs?post=33203"},{"taxonomy":"modalitat_de_curs","embeddable":true,"href":"https:\/\/www.apiacademy.es\/es\/wp-json\/wp\/v2\/modalitat_de_curs?post=33203"},{"taxonomy":"destacado","embeddable":true,"href":"https:\/\/www.apiacademy.es\/es\/wp-json\/wp\/v2\/destacado?post=33203"}],"curies":[{"name":"wp","href":"https:\/\/api.w.org\/{rel}","templated":true}]}}