{"id":33197,"date":"2024-12-12T11:54:01","date_gmt":"2024-12-12T10:54:01","guid":{"rendered":"https:\/\/www.apiacademy.es\/?post_type=product&#038;p=33197"},"modified":"2026-04-09T12:44:06","modified_gmt":"2026-04-09T10:44:06","slug":"acreditacio-api-tecnic-immobiliari-habilitat-assessor-a-curs-en-idioma-catala","status":"publish","type":"product","link":"https:\/\/www.apiacademy.es\/es\/producto\/acreditacio-api-tecnic-immobiliari-habilitat-assessor-a-curs-en-idioma-catala\/","title":{"rendered":"Acreditaci\u00f3n API: T\u00e9cnico inmobiliario habilitado \u2013 Asesor\/a. (curso en idioma catal\u00e1n)."},"content":{"rendered":"<p>La profesi\u00f3n inmobiliaria debe regirse bajo los valores de la profesionalidad, la \u00e9tica y la responsabilidad hacia la sociedad en general y su p\u00fablico objetivo en particular.<\/p>\n<p>Este rigor, como es l\u00f3gico, tiene que sustentarse sobre unos cimientos s\u00f3lidos y f\u00e9rreos que solo una formaci\u00f3n de calidad puede aportar al profesional inmobiliario para el correcto desempe\u00f1o de su actividad.<\/p>\n<p>Si eres una persona que empieza a trabajar en el sector inmobiliario o llevas tiempo y quieres acabar de adquirir conocimientos, desde API Academy te ofrecemos la posibilidad de cursar el programa de T\u00e9cnico Inmobiliario Habilitado que te proporcionar\u00e1 las herramientas y la base necesaria para desarrollarte en esta profesi\u00f3n.<\/p>\n<p>Cursando este programa formativo <strong>podr\u00e1s acceder a un mercado laboral<\/strong> en auge que te permitir\u00e1 tener un futuro profesional  estable en el sector inmobiliario.<\/p>\n<p>Una vez terminado el curso con \u00e9xito tendr\u00e1s <strong>acceso directo a la Bolsa de trabajo API (APIJOBS)<\/strong> y entrar a formar parte de un sector din\u00e1mico y con grandes oportunidades de futuro.<\/p>\n<p>Este curso se compone de dos partes:<\/p>\n<ul>\n<li>Una primera parte troncal en la que cursar\u00e1s asignaturas gen\u00e9ricas e importantes para el eficiente desarrollo de tu labor inmobiliaria.<\/li>\n<li>Una segunda parte de especializaci\u00f3n en las tareas y responsabilidades que desempe\u00f1a un\/a asesor\/a inmobiliario\/a en una agencia inmobiliaria.<\/li>\n<\/ul>\n<p>&nbsp;<\/p>\n<p>Adem\u00e1s, ahora y por tiempo limitado, este curso <strong>incluye un a\u00f1o gratuito de seguro de responsabilidad civil para el alumno<\/strong> que lo realice. Asegura la responsabilidad civil que se pueda producir como consecuencia de da\u00f1os corporales, materiales y perjuicios econ\u00f3micos causados involuntariamente a terceros con motivo y durante el desarrollo de la actividad asegurada<span class=\"tta_align\" data-bm=\"194\">.<\/span> (<a href=\"https:\/\/eur01.safelinks.protection.outlook.com\/?url=https%3A%2F%2Fczwj304.na1.hubspotlinks.com%2FCtc%2FRI%2B113%2FcZWj304%2FMXfcRkVk7DnN2DsJ5Tgj1ljW8Ny6Rt5vmVhPN2z6H1s5nXHsW50kH_H6lZ3lSW5PHnck8DQ7z9W3Y5ZvT7gj0MrW84jCRs6rsKBCW65w25b8ksCnhW2rRS6f2vjpNQW38xR6-5QV1jcW1Vpwb-1JsZbHW59GYWk7XtbqjW1hysN94sj3vSW3vT6vv8j10KfW2wq64c5m95qQW7PbnBn1HdCzXN1gxDwc7PP6tVhb41h720ltsW55BGFQ372ryLW4y8yKy1Qg93CW269L1q2q99psW2pnqg11yKc4mW434zKN7krh7GW6dQ6hd3_YVr8W17lYjH7WDTSxW6bVrMF5-bQxwW6kgBkw8qx4M9W45g1jv8JJVHJW5L4B2179sShSW4N9Ns23bxq9XW9fM_0p2q8GMpW1yDpF31hYwGgN4MFZwCpZ7cpW4CgZYz7RpcwmW6X0M7Q2RkWJfW5qDWF62LPgp0f6Qrt-R04&amp;data=05%7C02%7Cemartinez%40api.cat%7C7a9ea7dd4aea4faabaa408dd81729b70%7C385f3e5221114720b1385173645de9ad%7C0%7C0%7C638809051418418839%7CUnknown%7CTWFpbGZsb3d8eyJFbXB0eU1hcGkiOnRydWUsIlYiOiIwLjAuMDAwMCIsIlAiOiJXaW4zMiIsIkFOIjoiTWFpbCIsIldUIjoyfQ%3D%3D%7C0%7C%7C%7C&amp;sdata=aDwRQcyum6nU2fLUBPZfqBwKy4%2FjS%2FtwJoYdZLTg0Ms%3D&amp;reserved=0\" target=\"_blank\" rel=\"noopener\">puedes ver todas las ventajas aqu\u00ed<\/a>). Todo por una prima anual de s\u00f3lo 60 \u20ac que ahora regalamos durante el primer a\u00f1o.<\/p>\n<p>&nbsp;<\/p>","protected":false},"excerpt":{"rendered":"<p>La professi\u00f3 immobili\u00e0ria ha de regir-se sota els valors de la professionalitat, l&#8217;\u00e8tica i la responsabilitat envers la societat en general i el seu p\u00fablic objectiu en particular. Aquest rigor, com \u00e9s l\u00f2gic, ha de sustentar-se sobre uns fonaments s\u00f2lids i ferris que nom\u00e9s una formaci\u00f3 de qualitat pot aportar al professional immobiliari per al [&hellip;]<\/p>","protected":false},"featured_media":68815,"template":"","meta":[],"product_cat":[344],"product_tag":[],"oferta-formativa":[276],"tipologia_de_curs":[],"modalitat_de_curs":[],"destacado":[309],"class_list":{"0":"post-33197","1":"product","2":"type-product","3":"status-publish","4":"has-post-thumbnail","6":"product_cat-acreditacio-api","7":"pa_tipus-de-formacio-online","8":"oferta-formativa-transversal","9":"destacado-destacado-home","11":"first","12":"instock","13":"sold-individually","14":"taxable","15":"shipping-taxable","16":"purchasable","17":"product-type-simple"},"_links":{"self":[{"href":"https:\/\/www.apiacademy.es\/es\/wp-json\/wp\/v2\/product\/33197"}],"collection":[{"href":"https:\/\/www.apiacademy.es\/es\/wp-json\/wp\/v2\/product"}],"about":[{"href":"https:\/\/www.apiacademy.es\/es\/wp-json\/wp\/v2\/types\/product"}],"version-history":[{"count":36,"href":"https:\/\/www.apiacademy.es\/es\/wp-json\/wp\/v2\/product\/33197\/revisions"}],"predecessor-version":[{"id":76670,"href":"https:\/\/www.apiacademy.es\/es\/wp-json\/wp\/v2\/product\/33197\/revisions\/76670"}],"wp:featuredmedia":[{"embeddable":true,"href":"https:\/\/www.apiacademy.es\/es\/wp-json\/wp\/v2\/media\/68815"}],"wp:attachment":[{"href":"https:\/\/www.apiacademy.es\/es\/wp-json\/wp\/v2\/media?parent=33197"}],"wp:term":[{"taxonomy":"product_cat","embeddable":true,"href":"https:\/\/www.apiacademy.es\/es\/wp-json\/wp\/v2\/product_cat?post=33197"},{"taxonomy":"product_tag","embeddable":true,"href":"https:\/\/www.apiacademy.es\/es\/wp-json\/wp\/v2\/product_tag?post=33197"},{"taxonomy":"oferta-formativa","embeddable":true,"href":"https:\/\/www.apiacademy.es\/es\/wp-json\/wp\/v2\/oferta-formativa?post=33197"},{"taxonomy":"tipologia_de_curs","embeddable":true,"href":"https:\/\/www.apiacademy.es\/es\/wp-json\/wp\/v2\/tipologia_de_curs?post=33197"},{"taxonomy":"modalitat_de_curs","embeddable":true,"href":"https:\/\/www.apiacademy.es\/es\/wp-json\/wp\/v2\/modalitat_de_curs?post=33197"},{"taxonomy":"destacado","embeddable":true,"href":"https:\/\/www.apiacademy.es\/es\/wp-json\/wp\/v2\/destacado?post=33197"}],"curies":[{"name":"wp","href":"https:\/\/api.w.org\/{rel}","templated":true}]}}