{"id":32921,"date":"2024-12-12T11:52:55","date_gmt":"2024-12-12T10:52:55","guid":{"rendered":"https:\/\/www.apiacademy.es\/?post_type=product&#038;p=32921"},"modified":"2026-05-11T13:32:53","modified_gmt":"2026-05-11T11:32:53","slug":"certificacio-lcci-certificat-per-idd-consulting","status":"publish","type":"product","link":"https:\/\/www.apiacademy.es\/es\/producto\/certificacio-lcci-certificat-per-idd-consulting\/","title":{"rendered":"Acreditaci\u00f3n API: LCCI (Certificado por IDD Consulting)"},"content":{"rendered":"<p>En la nueva Ley Reguladora de los contratos de cr\u00e9ditos inmobiliarios, se determina la necesidad de una formaci\u00f3n adecuada para todas las personas de aquellas entidades que gestionan o asesoran sobre pr\u00e9stamos hipotecarios.<br \/>\nEl Ministerio de Econom\u00eda y Empresa ha emitido una orden ministerial a la cual se especifica el contenido general de la formaci\u00f3n, as\u00ed como los diferentes perfiles que tienen que ajustarse al mismo.<br \/>\nEn este caso, esta orden indica \u2013entre otros- las siguientes condiciones:<\/p>\n<p>(<strong>65 horas lectivas + 130 preguntas de examen<\/strong>)<br \/>\n\u201cEl personal que facilite asesoramiento sobre pr\u00e9stamos inmobiliarios, entienden por tal toda recomendaci\u00f3n personalizada que haga a un prestatario concreto respecto a uno o m\u00e1s pr\u00e9stamos disponibles en el mercado, tendr\u00e1 que acreditar que tiene los conocimientos y competencia sobre la totalidad de las materias previstas en el programa anterior, con una especial incidencia en los m\u00f2dulos 1 y 7, adem\u00e1s de un conocimiento adecuado que permita dise\u00f1ar pr\u00e9stamos inmobiliarios\u201d.(**)<\/p>","protected":false},"excerpt":{"rendered":"<p>A la nova Llei Reguladora dels contractes de cr\u00e8dits immobiliaris, es determina la necessitat d&#8217;una formaci\u00f3 adequada per a totes les persones d&#8217;aquelles entitats que gestionen o assessoren sobre pr\u00e9stecs hipotecaris. El\u00a0Ministerio d&#8217;Economia i Empresa ha em\u00e8s una ordre ministerial a la qual s&#8217;especifica el\u00a0contingut general de la formaci\u00f3, aix\u00ed com els diferents perfils que [&hellip;]<\/p>","protected":false},"featured_media":29544,"template":"","meta":[],"product_cat":[344],"product_tag":[],"oferta-formativa":[273],"tipologia_de_curs":[],"modalitat_de_curs":[],"destacado":[],"class_list":{"0":"post-32921","1":"product","2":"type-product","3":"status-publish","4":"has-post-thumbnail","6":"product_cat-acreditacio-api","7":"pa_tipus-de-formacio-online","8":"oferta-formativa-juridic-i-fiscal","10":"first","11":"instock","12":"sold-individually","13":"product-type-variable"},"_links":{"self":[{"href":"https:\/\/www.apiacademy.es\/es\/wp-json\/wp\/v2\/product\/32921"}],"collection":[{"href":"https:\/\/www.apiacademy.es\/es\/wp-json\/wp\/v2\/product"}],"about":[{"href":"https:\/\/www.apiacademy.es\/es\/wp-json\/wp\/v2\/types\/product"}],"version-history":[{"count":17,"href":"https:\/\/www.apiacademy.es\/es\/wp-json\/wp\/v2\/product\/32921\/revisions"}],"predecessor-version":[{"id":72632,"href":"https:\/\/www.apiacademy.es\/es\/wp-json\/wp\/v2\/product\/32921\/revisions\/72632"}],"wp:featuredmedia":[{"embeddable":true,"href":"https:\/\/www.apiacademy.es\/es\/wp-json\/wp\/v2\/media\/29544"}],"wp:attachment":[{"href":"https:\/\/www.apiacademy.es\/es\/wp-json\/wp\/v2\/media?parent=32921"}],"wp:term":[{"taxonomy":"product_cat","embeddable":true,"href":"https:\/\/www.apiacademy.es\/es\/wp-json\/wp\/v2\/product_cat?post=32921"},{"taxonomy":"product_tag","embeddable":true,"href":"https:\/\/www.apiacademy.es\/es\/wp-json\/wp\/v2\/product_tag?post=32921"},{"taxonomy":"oferta-formativa","embeddable":true,"href":"https:\/\/www.apiacademy.es\/es\/wp-json\/wp\/v2\/oferta-formativa?post=32921"},{"taxonomy":"tipologia_de_curs","embeddable":true,"href":"https:\/\/www.apiacademy.es\/es\/wp-json\/wp\/v2\/tipologia_de_curs?post=32921"},{"taxonomy":"modalitat_de_curs","embeddable":true,"href":"https:\/\/www.apiacademy.es\/es\/wp-json\/wp\/v2\/modalitat_de_curs?post=32921"},{"taxonomy":"destacado","embeddable":true,"href":"https:\/\/www.apiacademy.es\/es\/wp-json\/wp\/v2\/destacado?post=32921"}],"curies":[{"name":"wp","href":"https:\/\/api.w.org\/{rel}","templated":true}]}}