{"id":32891,"date":"2024-12-12T11:52:48","date_gmt":"2024-12-12T10:52:48","guid":{"rendered":"https:\/\/www.apiacademy.es\/?post_type=product&#038;p=32891"},"modified":"2026-05-08T12:43:22","modified_gmt":"2026-05-08T10:43:22","slug":"formacio-dacces-a-api-professional","status":"publish","type":"product","link":"https:\/\/www.apiacademy.es\/es\/producto\/formacio-dacces-a-api-professional\/","title":{"rendered":"Curso de agente inmobiliario"},"content":{"rendered":"<p><a href=\"https:\/\/www.apiacademy.es\/wp-content\/uploads\/2024\/12\/AFD_GuiaAlumno-FINANCIACION-CURSOS-2026-es.pdf\" target=\"_blank\" rel=\"noopener\"><img decoding=\"async\" class=\"alignnone size-medium wp-image-78370\" style=\"float: right; padding: 0 0 15px 15px;\" src=\"https:\/\/www.apiacademy.es\/wp-content\/uploads\/2026\/05\/Iconos_APIACADEMY_100x100financiable-es.png\" alt=\"\" width=\"300\" height=\"149\" srcset=\"https:\/\/www.apiacademy.es\/wp-content\/uploads\/2026\/05\/Iconos_APIACADEMY_100x100financiable-es.png 329w, https:\/\/www.apiacademy.es\/wp-content\/uploads\/2026\/05\/Iconos_APIACADEMY_100x100financiable-es-300x149.png 300w, https:\/\/www.apiacademy.es\/wp-content\/uploads\/2026\/05\/Iconos_APIACADEMY_100x100financiable-es-18x9.png 18w\" sizes=\"(max-width: 300px) 100vw, 300px\" \/><\/a><\/p>\n<p>La profesi\u00f3n inmobiliaria debe regirse bajo los valores de la profesionalidad, la \u00e9tica y la responsabilidad hacia la sociedad en general y su p\u00fablico objetivo en particular.<\/p>\n<p>Este rigor, como es l\u00f3gico, tiene que sustentarse sobre unos cimientos s\u00f3lidos y f\u00e9rreos que solo una formaci\u00f3n de calidad puede aportar al profesional inmobiliario para el correcto desempe\u00f1o de su actividad.<\/p>\n<p class=\"translation-block\">A fin de acreditar tal capacitaci\u00f3n profesional para el ejercicio de la actividad, a <strong>ANAI<\/strong> invitamos a nuestros alumnos a superar con \u00e9xito una formaci\u00f3n expresamente creada para tales efectos.<\/p>\n<p>Superar amb \u00e8xit aquesta formaci\u00f3 permetr\u00e0 al sol\u00b7licitant &#8211; si aix\u00ed ho desitja &#8211; ser membre associat de ple dret d&#8217;<strong>ANAI.<\/strong><\/p>\n<p><strong>Formaci\u00f3n 100 % financiable sin intereses.\u00a0<\/strong><\/p>\n<p>&nbsp;<\/p>\n<p>&nbsp;<\/p>","protected":false},"excerpt":{"rendered":"<p>La professi\u00f3 immobili\u00e0ria ha de regir-se sota els valors de la professionalitat, l&#8217;\u00e8tica i la responsabilitat envers la societat en general i el seu p\u00fablic objectiu en particular. Aquest rigor, com \u00e9s l\u00f2gic, ha de sustentar-se sobre uns fonaments s\u00f2lids i ferris que nom\u00e9s una formaci\u00f3 de qualitat pot aportar al professional immobiliari per al [&hellip;]<\/p>","protected":false},"featured_media":29464,"template":"","meta":[],"product_cat":[344],"product_tag":[],"oferta-formativa":[276],"tipologia_de_curs":[],"modalitat_de_curs":[],"destacado":[309],"class_list":{"0":"post-32891","1":"product","2":"type-product","3":"status-publish","4":"has-post-thumbnail","6":"product_cat-acreditacio-api","7":"pa_tipus-de-formacio-online","8":"oferta-formativa-transversal","9":"destacado-destacado-home","11":"first","12":"instock","13":"sold-individually","14":"product-type-variable"},"_links":{"self":[{"href":"https:\/\/www.apiacademy.es\/es\/wp-json\/wp\/v2\/product\/32891"}],"collection":[{"href":"https:\/\/www.apiacademy.es\/es\/wp-json\/wp\/v2\/product"}],"about":[{"href":"https:\/\/www.apiacademy.es\/es\/wp-json\/wp\/v2\/types\/product"}],"version-history":[{"count":27,"href":"https:\/\/www.apiacademy.es\/es\/wp-json\/wp\/v2\/product\/32891\/revisions"}],"predecessor-version":[{"id":78389,"href":"https:\/\/www.apiacademy.es\/es\/wp-json\/wp\/v2\/product\/32891\/revisions\/78389"}],"wp:featuredmedia":[{"embeddable":true,"href":"https:\/\/www.apiacademy.es\/es\/wp-json\/wp\/v2\/media\/29464"}],"wp:attachment":[{"href":"https:\/\/www.apiacademy.es\/es\/wp-json\/wp\/v2\/media?parent=32891"}],"wp:term":[{"taxonomy":"product_cat","embeddable":true,"href":"https:\/\/www.apiacademy.es\/es\/wp-json\/wp\/v2\/product_cat?post=32891"},{"taxonomy":"product_tag","embeddable":true,"href":"https:\/\/www.apiacademy.es\/es\/wp-json\/wp\/v2\/product_tag?post=32891"},{"taxonomy":"oferta-formativa","embeddable":true,"href":"https:\/\/www.apiacademy.es\/es\/wp-json\/wp\/v2\/oferta-formativa?post=32891"},{"taxonomy":"tipologia_de_curs","embeddable":true,"href":"https:\/\/www.apiacademy.es\/es\/wp-json\/wp\/v2\/tipologia_de_curs?post=32891"},{"taxonomy":"modalitat_de_curs","embeddable":true,"href":"https:\/\/www.apiacademy.es\/es\/wp-json\/wp\/v2\/modalitat_de_curs?post=32891"},{"taxonomy":"destacado","embeddable":true,"href":"https:\/\/www.apiacademy.es\/es\/wp-json\/wp\/v2\/destacado?post=32891"}],"curies":[{"name":"wp","href":"https:\/\/api.w.org\/{rel}","templated":true}]}}