{"id":32796,"date":"2024-12-12T11:52:14","date_gmt":"2024-12-12T10:52:14","guid":{"rendered":"https:\/\/www.apiacademy.es\/?post_type=product&#038;p=32796"},"modified":"2024-12-19T15:16:55","modified_gmt":"2024-12-19T14:16:55","slug":"mes-enlla-de-la-fidelitzacio-converteix-al-teu-client-en-un-fan","status":"publish","type":"product","link":"https:\/\/www.apiacademy.es\/es\/producto\/mes-enlla-de-la-fidelitzacio-converteix-al-teu-client-en-un-fan\/","title":{"rendered":"M\u00e1s all\u00e1 de la fidelizaci\u00f3n, convierte a tu cliente en un fan"},"content":{"rendered":"<p>En aquesta formaci\u00f3 de dues hores aprendrem qu\u00e8 \u00e9s el M\u00e0rqueting Intern i la seva import\u00e0ncia per aconseguir fidelitzar.<br \/>\nDespr\u00e9s de la fidelitzaci\u00f3 hem de ser capa\u00e7os de convertir al nostre client en un fan, per a aix\u00f2 ens fixarem en com ho aconsegueixen les grans companyies. Starbucks, Apple o Netflix seran alguns dels exemples que tractarem.<\/p>\n<p>Per a una efectiva comunicaci\u00f3 de Fidelitzaci\u00f3, \u00e9s important con\u00e8ixer les cinc efes, i els instruments de la comunicaci\u00f3 per poder assolir els nostres objectius.<\/p>\n<p>Coneixerem els nous reptes i programes de fidelitzaci\u00f3 on cada vegada m\u00e9s influeixen tend\u00e8ncies com el Big Data.<br \/>\nSense oblidar que no tindrem fans a la nostra empresa si no som capa\u00e7os d&#8217;aplicar el valor hum\u00e0\u00a0en l&#8217;\u00e8poca digital.<\/p>\n<p>&nbsp;<\/p>\n<p>&nbsp;<\/p>","protected":false},"excerpt":{"rendered":"<p>En aquesta formaci\u00f3 de dues hores aprendrem qu\u00e8 \u00e9s el M\u00e0rqueting Intern i la seva import\u00e0ncia per aconseguir fidelitzar. Despr\u00e9s de la fidelitzaci\u00f3 hem de ser capa\u00e7os de convertir al nostre client en un fan, per a aix\u00f2 ens fixarem en com ho aconsegueixen les grans companyies. Starbucks, Apple o Netflix seran alguns dels exemples [&hellip;]<\/p>","protected":false},"featured_media":29213,"template":"","meta":[],"product_cat":[319],"product_tag":[],"oferta-formativa":[274],"tipologia_de_curs":[],"modalitat_de_curs":[],"destacado":[],"class_list":{"0":"post-32796","1":"product","2":"type-product","3":"status-publish","4":"has-post-thumbnail","6":"product_cat-actualitzacio-i-perfeccionament","7":"pa_tipus-de-formacio-presencial","8":"oferta-formativa-negoci-marqueting-i-vendes","10":"first","11":"outofstock","12":"sold-individually","13":"product-type-variable"},"_links":{"self":[{"href":"https:\/\/www.apiacademy.es\/es\/wp-json\/wp\/v2\/product\/32796"}],"collection":[{"href":"https:\/\/www.apiacademy.es\/es\/wp-json\/wp\/v2\/product"}],"about":[{"href":"https:\/\/www.apiacademy.es\/es\/wp-json\/wp\/v2\/types\/product"}],"version-history":[{"count":7,"href":"https:\/\/www.apiacademy.es\/es\/wp-json\/wp\/v2\/product\/32796\/revisions"}],"predecessor-version":[{"id":62399,"href":"https:\/\/www.apiacademy.es\/es\/wp-json\/wp\/v2\/product\/32796\/revisions\/62399"}],"wp:featuredmedia":[{"embeddable":true,"href":"https:\/\/www.apiacademy.es\/es\/wp-json\/wp\/v2\/media\/29213"}],"wp:attachment":[{"href":"https:\/\/www.apiacademy.es\/es\/wp-json\/wp\/v2\/media?parent=32796"}],"wp:term":[{"taxonomy":"product_cat","embeddable":true,"href":"https:\/\/www.apiacademy.es\/es\/wp-json\/wp\/v2\/product_cat?post=32796"},{"taxonomy":"product_tag","embeddable":true,"href":"https:\/\/www.apiacademy.es\/es\/wp-json\/wp\/v2\/product_tag?post=32796"},{"taxonomy":"oferta-formativa","embeddable":true,"href":"https:\/\/www.apiacademy.es\/es\/wp-json\/wp\/v2\/oferta-formativa?post=32796"},{"taxonomy":"tipologia_de_curs","embeddable":true,"href":"https:\/\/www.apiacademy.es\/es\/wp-json\/wp\/v2\/tipologia_de_curs?post=32796"},{"taxonomy":"modalitat_de_curs","embeddable":true,"href":"https:\/\/www.apiacademy.es\/es\/wp-json\/wp\/v2\/modalitat_de_curs?post=32796"},{"taxonomy":"destacado","embeddable":true,"href":"https:\/\/www.apiacademy.es\/es\/wp-json\/wp\/v2\/destacado?post=32796"}],"curies":[{"name":"wp","href":"https:\/\/api.w.org\/{rel}","templated":true}]}}