{"id":32794,"date":"2024-12-12T11:52:13","date_gmt":"2024-12-12T10:52:13","guid":{"rendered":"https:\/\/www.apiacademy.es\/?post_type=product&#038;p=32794"},"modified":"2024-12-19T11:24:06","modified_gmt":"2024-12-19T10:24:06","slug":"el-postvenda-aquest-gran-desconegut","status":"publish","type":"product","link":"https:\/\/www.apiacademy.es\/es\/producto\/el-postvenda-aquest-gran-desconegut\/","title":{"rendered":"El postvenda, aquest gran desconegut"},"content":{"rendered":"<p>Treballar de forma eficient amb els teus clients un cop finalitzada la tasca que t&#8217;han encarregat multiplicar\u00e0 els teus referits i contactes de qualitat. No deixis perdre doncs l&#8217;oportunitat de fer cr\u00e9ixer el teu negoci utilitzant aquesta\u00a0eina\u00a0que sovint tenim oblidada.<\/p>\n<p>En aquest curs dividit en dues sessions (la primera te\u00f2rica i la segona pr\u00e0ctica) desenvoluparem estrat\u00e8gies per establir una relaci\u00f3 amb els nostres clients, duradora i estable al llarg del temps per tal d&#8217;esdevenir el seu referent en el sector immobiliari. Observarem exemples que podr\u00e0s adaptar a la teva empresa de forma senzilla i comen\u00e7ar a posar en pr\u00e0ctica immediatament.<\/p>","protected":false},"excerpt":{"rendered":"<p>Treballar de forma eficient amb els teus clients un cop finalitzada la tasca que t&#8217;han encarregat multiplicar\u00e0 els teus referits i contactes de qualitat. No deixis perdre doncs l&#8217;oportunitat de fer cr\u00e9ixer el teu negoci utilitzant aquesta\u00a0eina\u00a0que sovint tenim oblidada. En aquest curs dividit en dues sessions (la primera te\u00f2rica i la segona pr\u00e0ctica) desenvoluparem [&hellip;]<\/p>","protected":false},"featured_media":29236,"template":"","meta":[],"product_cat":[319],"product_tag":[],"oferta-formativa":[274],"tipologia_de_curs":[],"modalitat_de_curs":[],"destacado":[],"class_list":{"0":"post-32794","1":"product","2":"type-product","3":"status-publish","4":"has-post-thumbnail","6":"product_cat-actualitzacio-i-perfeccionament","7":"oferta-formativa-negoci-marqueting-i-vendes","9":"first","10":"outofstock","11":"sold-individually","12":"product-type-variable"},"_links":{"self":[{"href":"https:\/\/www.apiacademy.es\/es\/wp-json\/wp\/v2\/product\/32794"}],"collection":[{"href":"https:\/\/www.apiacademy.es\/es\/wp-json\/wp\/v2\/product"}],"about":[{"href":"https:\/\/www.apiacademy.es\/es\/wp-json\/wp\/v2\/types\/product"}],"version-history":[{"count":3,"href":"https:\/\/www.apiacademy.es\/es\/wp-json\/wp\/v2\/product\/32794\/revisions"}],"predecessor-version":[{"id":62355,"href":"https:\/\/www.apiacademy.es\/es\/wp-json\/wp\/v2\/product\/32794\/revisions\/62355"}],"wp:featuredmedia":[{"embeddable":true,"href":"https:\/\/www.apiacademy.es\/es\/wp-json\/wp\/v2\/media\/29236"}],"wp:attachment":[{"href":"https:\/\/www.apiacademy.es\/es\/wp-json\/wp\/v2\/media?parent=32794"}],"wp:term":[{"taxonomy":"product_cat","embeddable":true,"href":"https:\/\/www.apiacademy.es\/es\/wp-json\/wp\/v2\/product_cat?post=32794"},{"taxonomy":"product_tag","embeddable":true,"href":"https:\/\/www.apiacademy.es\/es\/wp-json\/wp\/v2\/product_tag?post=32794"},{"taxonomy":"oferta-formativa","embeddable":true,"href":"https:\/\/www.apiacademy.es\/es\/wp-json\/wp\/v2\/oferta-formativa?post=32794"},{"taxonomy":"tipologia_de_curs","embeddable":true,"href":"https:\/\/www.apiacademy.es\/es\/wp-json\/wp\/v2\/tipologia_de_curs?post=32794"},{"taxonomy":"modalitat_de_curs","embeddable":true,"href":"https:\/\/www.apiacademy.es\/es\/wp-json\/wp\/v2\/modalitat_de_curs?post=32794"},{"taxonomy":"destacado","embeddable":true,"href":"https:\/\/www.apiacademy.es\/es\/wp-json\/wp\/v2\/destacado?post=32794"}],"curies":[{"name":"wp","href":"https:\/\/api.w.org\/{rel}","templated":true}]}}