{"id":32790,"date":"2024-12-12T11:52:12","date_gmt":"2024-12-12T10:52:12","guid":{"rendered":"https:\/\/www.apiacademy.es\/?post_type=product&#038;p=32790"},"modified":"2024-12-19T12:06:21","modified_gmt":"2024-12-19T11:06:21","slug":"contractes-darrendament","status":"publish","type":"product","link":"https:\/\/www.apiacademy.es\/es\/producto\/contractes-darrendament\/","title":{"rendered":"Contractes d&#8217;arrendament"},"content":{"rendered":"<p>Aquest curs dona una visi\u00f3 general sobre el contracte d&#8217;arrendament urb\u00e0 i les principals q\u00fcestions que planteja la normativa aplicable.<\/p>","protected":false},"excerpt":{"rendered":"<p>Aquest curs dona una visi\u00f3 general sobre el contracte d&#8217;arrendament urb\u00e0 i les principals q\u00fcestions que planteja la normativa aplicable.<\/p>","protected":false},"featured_media":29248,"template":"","meta":[],"product_cat":[319],"product_tag":[],"oferta-formativa":[273],"tipologia_de_curs":[],"modalitat_de_curs":[],"destacado":[],"class_list":{"0":"post-32790","1":"product","2":"type-product","3":"status-publish","4":"has-post-thumbnail","6":"product_cat-actualitzacio-i-perfeccionament","7":"pa_tipus-de-formacio-online","8":"oferta-formativa-juridic-i-fiscal","10":"first","11":"outofstock","12":"sold-individually","13":"product-type-variable"},"_links":{"self":[{"href":"https:\/\/www.apiacademy.es\/es\/wp-json\/wp\/v2\/product\/32790"}],"collection":[{"href":"https:\/\/www.apiacademy.es\/es\/wp-json\/wp\/v2\/product"}],"about":[{"href":"https:\/\/www.apiacademy.es\/es\/wp-json\/wp\/v2\/types\/product"}],"version-history":[{"count":5,"href":"https:\/\/www.apiacademy.es\/es\/wp-json\/wp\/v2\/product\/32790\/revisions"}],"predecessor-version":[{"id":62371,"href":"https:\/\/www.apiacademy.es\/es\/wp-json\/wp\/v2\/product\/32790\/revisions\/62371"}],"wp:featuredmedia":[{"embeddable":true,"href":"https:\/\/www.apiacademy.es\/es\/wp-json\/wp\/v2\/media\/29248"}],"wp:attachment":[{"href":"https:\/\/www.apiacademy.es\/es\/wp-json\/wp\/v2\/media?parent=32790"}],"wp:term":[{"taxonomy":"product_cat","embeddable":true,"href":"https:\/\/www.apiacademy.es\/es\/wp-json\/wp\/v2\/product_cat?post=32790"},{"taxonomy":"product_tag","embeddable":true,"href":"https:\/\/www.apiacademy.es\/es\/wp-json\/wp\/v2\/product_tag?post=32790"},{"taxonomy":"oferta-formativa","embeddable":true,"href":"https:\/\/www.apiacademy.es\/es\/wp-json\/wp\/v2\/oferta-formativa?post=32790"},{"taxonomy":"tipologia_de_curs","embeddable":true,"href":"https:\/\/www.apiacademy.es\/es\/wp-json\/wp\/v2\/tipologia_de_curs?post=32790"},{"taxonomy":"modalitat_de_curs","embeddable":true,"href":"https:\/\/www.apiacademy.es\/es\/wp-json\/wp\/v2\/modalitat_de_curs?post=32790"},{"taxonomy":"destacado","embeddable":true,"href":"https:\/\/www.apiacademy.es\/es\/wp-json\/wp\/v2\/destacado?post=32790"}],"curies":[{"name":"wp","href":"https:\/\/api.w.org\/{rel}","templated":true}]}}