{"id":32778,"date":"2024-12-12T11:52:10","date_gmt":"2024-12-12T10:52:10","guid":{"rendered":"https:\/\/www.apiacademy.es\/?post_type=product&#038;p=32778"},"modified":"2024-12-19T11:55:52","modified_gmt":"2024-12-19T10:55:52","slug":"cuida-la-teva-comunitat-online-offline","status":"publish","type":"product","link":"https:\/\/www.apiacademy.es\/es\/producto\/cuida-la-teva-comunitat-online-offline\/","title":{"rendered":"Cuida la teva comunitat online\/offline"},"content":{"rendered":"<p>Si encara no saps quina o com \u00e9s la teva comunitat digital i offline, est\u00e0s perdent l\u2019oportunitat de tenir <strong>Clients<\/strong> per\u00f2 el mes important, est\u00e0s perdent l\u2019oportunitat de tenir <strong>Embaixadors de la teva immobili\u00e0ria<\/strong> que actu\u00efn com els teus comercials.<\/p>\n<p>Confies mes en un anunci d\u2019alg\u00fa que no coneixes o en la recomanaci\u00f3 que et fa la teva amiga de confian\u00e7a?<\/p>\n<p>A nivell digital explicarem com convertir a persones que no ens coneixen en seguidors, despr\u00e9s en clients potencials, i com els enamorem perqu\u00e8 acabin sent comercials de la nostra Inmobiliaria.<\/p>\n<p>A nivell offline, el teu p\u00fablic local \u00e9s clau i es qui mes t\u2019interessa que et coneguin i et recordin. Fas alguna cosa per enamorar-los?<\/p>\n<p>Si ofereixes un bon servei per\u00f2 creus que no arriba a tothom a qui t\u2019agradaria, est\u00e0s al curs ideal. T\u2019expliquem com aconseguir una bona comunitat de \u201clovers\u201d de la teva marca perqu\u00e8 el dia que vulguin vendre o comprar una propietat estigueu posicionats en el seu n\u00ba1.<\/p>\n<p>El m\u00e0rqueting ha canviat, ja no serveixen les formules intrusives d\u2019abans. Volem que les marques ens enamorin i les immobili\u00e0ries com vosaltres no veneu cases, veneu il\u00b7lusions, amor i records. Si toquem el cor, captareu mes propietats que mai.<\/p>\n<p>Us hi atreviu?<\/p>","protected":false},"excerpt":{"rendered":"<p>Si encara no saps quina o com \u00e9s la teva comunitat digital i offline, est\u00e0s perdent l\u2019oportunitat de tenir Clients per\u00f2 el mes important, est\u00e0s perdent l\u2019oportunitat de tenir Embaixadors de la teva immobili\u00e0ria que actu\u00efn com els teus comercials. Confies mes en un anunci d\u2019alg\u00fa que no coneixes o en la recomanaci\u00f3 que et [&hellip;]<\/p>","protected":false},"featured_media":29298,"template":"","meta":[],"product_cat":[319],"product_tag":[],"oferta-formativa":[274],"tipologia_de_curs":[],"modalitat_de_curs":[],"destacado":[],"class_list":{"0":"post-32778","1":"product","2":"type-product","3":"status-publish","4":"has-post-thumbnail","6":"product_cat-actualitzacio-i-perfeccionament","7":"pa_tipus-de-formacio-online","8":"oferta-formativa-negoci-marqueting-i-vendes","10":"first","11":"outofstock","12":"sold-individually","13":"taxable","14":"shipping-taxable","15":"product-type-variable"},"_links":{"self":[{"href":"https:\/\/www.apiacademy.es\/es\/wp-json\/wp\/v2\/product\/32778"}],"collection":[{"href":"https:\/\/www.apiacademy.es\/es\/wp-json\/wp\/v2\/product"}],"about":[{"href":"https:\/\/www.apiacademy.es\/es\/wp-json\/wp\/v2\/types\/product"}],"version-history":[{"count":5,"href":"https:\/\/www.apiacademy.es\/es\/wp-json\/wp\/v2\/product\/32778\/revisions"}],"predecessor-version":[{"id":62366,"href":"https:\/\/www.apiacademy.es\/es\/wp-json\/wp\/v2\/product\/32778\/revisions\/62366"}],"wp:featuredmedia":[{"embeddable":true,"href":"https:\/\/www.apiacademy.es\/es\/wp-json\/wp\/v2\/media\/29298"}],"wp:attachment":[{"href":"https:\/\/www.apiacademy.es\/es\/wp-json\/wp\/v2\/media?parent=32778"}],"wp:term":[{"taxonomy":"product_cat","embeddable":true,"href":"https:\/\/www.apiacademy.es\/es\/wp-json\/wp\/v2\/product_cat?post=32778"},{"taxonomy":"product_tag","embeddable":true,"href":"https:\/\/www.apiacademy.es\/es\/wp-json\/wp\/v2\/product_tag?post=32778"},{"taxonomy":"oferta-formativa","embeddable":true,"href":"https:\/\/www.apiacademy.es\/es\/wp-json\/wp\/v2\/oferta-formativa?post=32778"},{"taxonomy":"tipologia_de_curs","embeddable":true,"href":"https:\/\/www.apiacademy.es\/es\/wp-json\/wp\/v2\/tipologia_de_curs?post=32778"},{"taxonomy":"modalitat_de_curs","embeddable":true,"href":"https:\/\/www.apiacademy.es\/es\/wp-json\/wp\/v2\/modalitat_de_curs?post=32778"},{"taxonomy":"destacado","embeddable":true,"href":"https:\/\/www.apiacademy.es\/es\/wp-json\/wp\/v2\/destacado?post=32778"}],"curies":[{"name":"wp","href":"https:\/\/api.w.org\/{rel}","templated":true}]}}