{"id":32774,"date":"2024-12-12T11:52:09","date_gmt":"2024-12-12T10:52:09","guid":{"rendered":"https:\/\/www.apiacademy.es\/?post_type=product&#038;p=32774"},"modified":"2026-05-12T18:02:24","modified_gmt":"2026-05-12T16:02:24","slug":"examen-de-convalidacio-api-professional","status":"publish","type":"product","link":"https:\/\/www.apiacademy.es\/es\/producto\/examen-de-convalidacio-api-professional\/","title":{"rendered":"Examen de convalidaci\u00f3n de conocimientos (Acceso ANAI)"},"content":{"rendered":"<p>La profesi\u00f3n inmobiliaria tiene que regirse bajo los valores de la profesionalidad, la \u00e9tica y la responsabilidad hacia la sociedad en general y su p\u00fablico objetivo en particular.<\/p>\n<p>Este rigor, como es l\u00f3gico, tiene que sustentarse sobre unos cimientos s\u00f3lidos y f\u00e9rreos que solo una formaci\u00f3n de calidad puede aportar al profesional inmobiliario para el correcto desempe\u00f1o de su actividad.<\/p>\n<p>Con el fin de acreditar la capacitaci\u00f3n profesional, en la asociaci\u00f3n ANAI invitamos a nuestros asociados a superar con \u00e9xito este examen creado expresamente para tales efectos.<\/p>\n<p>Superar con \u00e9xito este examen permitir\u00e1 al solicitante \u2013si as\u00ed lo desea- ser miembro asociado de pleno derecho de ANAI<\/p>","protected":false},"excerpt":{"rendered":"<p>La professi\u00f3 immobili\u00e0ria ha de regir-se sota els valors de la professionalitat, l\u2019\u00e8tica i la responsabilitat envers la societat en general i el seu p\u00fablic objectiu en particular. Aquest rigor, com \u00e9s l\u00f2gic, ha de sustentar-se sobre uns fonaments s\u00f2lids i ferris que nom\u00e9s una formaci\u00f3 de qualitat pot aportar al professional immobiliari per al [&hellip;]<\/p>","protected":false},"featured_media":29293,"template":"","meta":[],"product_cat":[344],"product_tag":[],"oferta-formativa":[276],"tipologia_de_curs":[],"modalitat_de_curs":[],"destacado":[309],"class_list":{"0":"post-32774","1":"product","2":"type-product","3":"status-publish","4":"has-post-thumbnail","6":"product_cat-acreditacio-api","7":"pa_tipus-de-formacio-online","8":"oferta-formativa-transversal","9":"destacado-destacado-home","11":"first","12":"instock","13":"virtual","14":"sold-individually","15":"taxable","16":"purchasable","17":"product-type-simple"},"_links":{"self":[{"href":"https:\/\/www.apiacademy.es\/es\/wp-json\/wp\/v2\/product\/32774"}],"collection":[{"href":"https:\/\/www.apiacademy.es\/es\/wp-json\/wp\/v2\/product"}],"about":[{"href":"https:\/\/www.apiacademy.es\/es\/wp-json\/wp\/v2\/types\/product"}],"version-history":[{"count":18,"href":"https:\/\/www.apiacademy.es\/es\/wp-json\/wp\/v2\/product\/32774\/revisions"}],"predecessor-version":[{"id":77286,"href":"https:\/\/www.apiacademy.es\/es\/wp-json\/wp\/v2\/product\/32774\/revisions\/77286"}],"wp:featuredmedia":[{"embeddable":true,"href":"https:\/\/www.apiacademy.es\/es\/wp-json\/wp\/v2\/media\/29293"}],"wp:attachment":[{"href":"https:\/\/www.apiacademy.es\/es\/wp-json\/wp\/v2\/media?parent=32774"}],"wp:term":[{"taxonomy":"product_cat","embeddable":true,"href":"https:\/\/www.apiacademy.es\/es\/wp-json\/wp\/v2\/product_cat?post=32774"},{"taxonomy":"product_tag","embeddable":true,"href":"https:\/\/www.apiacademy.es\/es\/wp-json\/wp\/v2\/product_tag?post=32774"},{"taxonomy":"oferta-formativa","embeddable":true,"href":"https:\/\/www.apiacademy.es\/es\/wp-json\/wp\/v2\/oferta-formativa?post=32774"},{"taxonomy":"tipologia_de_curs","embeddable":true,"href":"https:\/\/www.apiacademy.es\/es\/wp-json\/wp\/v2\/tipologia_de_curs?post=32774"},{"taxonomy":"modalitat_de_curs","embeddable":true,"href":"https:\/\/www.apiacademy.es\/es\/wp-json\/wp\/v2\/modalitat_de_curs?post=32774"},{"taxonomy":"destacado","embeddable":true,"href":"https:\/\/www.apiacademy.es\/es\/wp-json\/wp\/v2\/destacado?post=32774"}],"curies":[{"name":"wp","href":"https:\/\/api.w.org\/{rel}","templated":true}]}}