{"id":32746,"date":"2024-12-12T11:52:03","date_gmt":"2024-12-12T10:52:03","guid":{"rendered":"https:\/\/www.apiacademy.es\/?post_type=product&#038;p=32746"},"modified":"2025-04-24T10:19:18","modified_gmt":"2025-04-24T08:19:18","slug":"publicitat-de-guerrilla-benvinguts-a-la-publicitat-mes-creativa","status":"publish","type":"product","link":"https:\/\/www.apiacademy.es\/es\/producto\/publicitat-de-guerrilla-benvinguts-a-la-publicitat-mes-creativa\/","title":{"rendered":"Publicidad de guerrilla: bienvenidos a la publicidad m\u00e1s creativa"},"content":{"rendered":"<p style=\"text-align: left;\">La publicidad tradicional se ha convertido en un mar de mediocridad. Puedes escoger ser un pez mas o ser el tibur\u00f3n que lidera tu sector.<\/p>\n<p style=\"text-align: left;\">Como dec\u00eda Einstein, si buscas resultados distintos no hagas siempre lo mismo. En esta formaci\u00f3n buscamos salir de la zona de confort, romper esquemas y ver c\u00f3mo con un presupuesto econ\u00f3mico puedes posicionarte como la inmobiliaria de referencia de tu zona y, lo m\u00e1s importante, penetrar en la mente de tu p\u00fablico objetivo para que te recuerden y conf\u00eden en ti cuando quieran vender o comprar su casa.<\/p>\n<p style=\"text-align: left;\">La publicidad de guerrilla es un conjunto de t\u00e9cnicas de marketing que requieren mucho ingenio. Se basa en una comunicaci\u00f3n, visual, disruptiva y de alto impacto.<\/p>\n<p style=\"text-align: left;\">\u00bfTe conformas siendo un pez mas o quieres ser el\/la tibur\u00f3n que se los come?<\/p>","protected":false},"excerpt":{"rendered":"<p>La publicitat tradicional s\u2019ha convertit en un mar de mediocritat. Pots escollir ser un peix mes o ser el taur\u00f3 que lidera el teu sector. Com deia Einstein, si busques resultats diferents no facis sempre el mateix. En aquesta formaci\u00f3 busquem sortir de la zona de confort, trencar esquemes i veure com amb un pressupost [&hellip;]<\/p>","protected":false},"featured_media":29213,"template":"","meta":[],"product_cat":[319],"product_tag":[],"oferta-formativa":[274],"tipologia_de_curs":[],"modalitat_de_curs":[],"destacado":[],"class_list":{"0":"post-32746","1":"product","2":"type-product","3":"status-publish","4":"has-post-thumbnail","6":"product_cat-actualitzacio-i-perfeccionament","7":"pa_tipus-de-formacio-online","8":"oferta-formativa-negoci-marqueting-i-vendes","10":"first","11":"outofstock","12":"sold-individually","13":"purchasable","14":"product-type-variable"},"_links":{"self":[{"href":"https:\/\/www.apiacademy.es\/es\/wp-json\/wp\/v2\/product\/32746"}],"collection":[{"href":"https:\/\/www.apiacademy.es\/es\/wp-json\/wp\/v2\/product"}],"about":[{"href":"https:\/\/www.apiacademy.es\/es\/wp-json\/wp\/v2\/types\/product"}],"version-history":[{"count":8,"href":"https:\/\/www.apiacademy.es\/es\/wp-json\/wp\/v2\/product\/32746\/revisions"}],"predecessor-version":[{"id":63576,"href":"https:\/\/www.apiacademy.es\/es\/wp-json\/wp\/v2\/product\/32746\/revisions\/63576"}],"wp:featuredmedia":[{"embeddable":true,"href":"https:\/\/www.apiacademy.es\/es\/wp-json\/wp\/v2\/media\/29213"}],"wp:attachment":[{"href":"https:\/\/www.apiacademy.es\/es\/wp-json\/wp\/v2\/media?parent=32746"}],"wp:term":[{"taxonomy":"product_cat","embeddable":true,"href":"https:\/\/www.apiacademy.es\/es\/wp-json\/wp\/v2\/product_cat?post=32746"},{"taxonomy":"product_tag","embeddable":true,"href":"https:\/\/www.apiacademy.es\/es\/wp-json\/wp\/v2\/product_tag?post=32746"},{"taxonomy":"oferta-formativa","embeddable":true,"href":"https:\/\/www.apiacademy.es\/es\/wp-json\/wp\/v2\/oferta-formativa?post=32746"},{"taxonomy":"tipologia_de_curs","embeddable":true,"href":"https:\/\/www.apiacademy.es\/es\/wp-json\/wp\/v2\/tipologia_de_curs?post=32746"},{"taxonomy":"modalitat_de_curs","embeddable":true,"href":"https:\/\/www.apiacademy.es\/es\/wp-json\/wp\/v2\/modalitat_de_curs?post=32746"},{"taxonomy":"destacado","embeddable":true,"href":"https:\/\/www.apiacademy.es\/es\/wp-json\/wp\/v2\/destacado?post=32746"}],"curies":[{"name":"wp","href":"https:\/\/api.w.org\/{rel}","templated":true}]}}