{"id":32718,"date":"2024-12-12T11:51:54","date_gmt":"2024-12-12T10:51:54","guid":{"rendered":"https:\/\/www.apiacademy.es\/?post_type=product&#038;p=32718"},"modified":"2024-12-19T09:20:39","modified_gmt":"2024-12-19T08:20:39","slug":"motivar-el-talent","status":"publish","type":"product","link":"https:\/\/www.apiacademy.es\/es\/producto\/motivar-el-talent\/","title":{"rendered":"Motivar el talent"},"content":{"rendered":"<p>El sector immobiliari \u00e9s un dels sectors amb m\u00e9s rotaci\u00f3 de personal. No adaptar-se al canvi de paradigma actual i no motivar el talent de la teva ag\u00e8ncia pot ser motiu de fugida de persones (i talent) de la teva immobili\u00e0ria.<\/p>\n<p>No tots els treballadors estan motivats pel mateix ni tots volen aconseguir el mateix. Alguns estan b\u00e9 en la seva posici\u00f3, uns altres volen aprendre m\u00e9s i ascendir. Alguns valoren la interacci\u00f3 humana, uns altres el lideratge, les habilitats interpersonals\u2026<br \/>\nEn aquesta formaci\u00f3 veurem suggeriments per a inspirar a cadascun d&#8217;ells. L&#8217;\u00e8xit de la teva ag\u00e8ncia immobili\u00e0ria no sols es mesura en els guanys.<br \/>\nCom a directors \/ responsables d&#8217;equip cal aprendre a deixar de caminar i comen\u00e7ar a volar per a veure, amb perspectiva, que estrat\u00e8gies internes necessita la teva ag\u00e8ncia immobili\u00e0ria.<\/p>\n<p>Depenent del que motivi als teus empleats, fes que se centrin en all\u00f2 que els suposi un repte, que els faci sentir satisfets i valorats, i assegura&#8217;t que vetllen pel benestar de la resta de companys i de la teva ag\u00e8ncia.<\/p>","protected":false},"excerpt":{"rendered":"<p>El sector immobiliari \u00e9s un dels sectors amb m\u00e9s rotaci\u00f3 de personal. No adaptar-se al canvi de paradigma actual i no motivar el talent de la teva ag\u00e8ncia pot ser motiu de fugida de persones (i talent) de la teva immobili\u00e0ria. No tots els treballadors estan motivats pel mateix ni tots volen aconseguir el mateix. [&hellip;]<\/p>","protected":false},"featured_media":29217,"template":"","meta":[],"product_cat":[319],"product_tag":[],"oferta-formativa":[274],"tipologia_de_curs":[],"modalitat_de_curs":[],"destacado":[],"class_list":{"0":"post-32718","1":"product","2":"type-product","3":"status-publish","4":"has-post-thumbnail","6":"product_cat-actualitzacio-i-perfeccionament","7":"pa_tipus-de-formacio-online","8":"oferta-formativa-negoci-marqueting-i-vendes","10":"first","11":"outofstock","12":"sold-individually","13":"taxable","14":"shipping-taxable","15":"product-type-variable"},"_links":{"self":[{"href":"https:\/\/www.apiacademy.es\/es\/wp-json\/wp\/v2\/product\/32718"}],"collection":[{"href":"https:\/\/www.apiacademy.es\/es\/wp-json\/wp\/v2\/product"}],"about":[{"href":"https:\/\/www.apiacademy.es\/es\/wp-json\/wp\/v2\/types\/product"}],"version-history":[{"count":6,"href":"https:\/\/www.apiacademy.es\/es\/wp-json\/wp\/v2\/product\/32718\/revisions"}],"predecessor-version":[{"id":62340,"href":"https:\/\/www.apiacademy.es\/es\/wp-json\/wp\/v2\/product\/32718\/revisions\/62340"}],"wp:featuredmedia":[{"embeddable":true,"href":"https:\/\/www.apiacademy.es\/es\/wp-json\/wp\/v2\/media\/29217"}],"wp:attachment":[{"href":"https:\/\/www.apiacademy.es\/es\/wp-json\/wp\/v2\/media?parent=32718"}],"wp:term":[{"taxonomy":"product_cat","embeddable":true,"href":"https:\/\/www.apiacademy.es\/es\/wp-json\/wp\/v2\/product_cat?post=32718"},{"taxonomy":"product_tag","embeddable":true,"href":"https:\/\/www.apiacademy.es\/es\/wp-json\/wp\/v2\/product_tag?post=32718"},{"taxonomy":"oferta-formativa","embeddable":true,"href":"https:\/\/www.apiacademy.es\/es\/wp-json\/wp\/v2\/oferta-formativa?post=32718"},{"taxonomy":"tipologia_de_curs","embeddable":true,"href":"https:\/\/www.apiacademy.es\/es\/wp-json\/wp\/v2\/tipologia_de_curs?post=32718"},{"taxonomy":"modalitat_de_curs","embeddable":true,"href":"https:\/\/www.apiacademy.es\/es\/wp-json\/wp\/v2\/modalitat_de_curs?post=32718"},{"taxonomy":"destacado","embeddable":true,"href":"https:\/\/www.apiacademy.es\/es\/wp-json\/wp\/v2\/destacado?post=32718"}],"curies":[{"name":"wp","href":"https:\/\/api.w.org\/{rel}","templated":true}]}}