{"id":32694,"date":"2024-12-12T11:51:47","date_gmt":"2024-12-12T10:51:47","guid":{"rendered":"https:\/\/www.apiacademy.es\/?post_type=product&#038;p=32694"},"modified":"2026-04-13T12:47:17","modified_gmt":"2026-04-13T10:47:17","slug":"la-fiscalitat-al-negoci-immobiliari","status":"publish","type":"product","link":"https:\/\/www.apiacademy.es\/es\/producto\/la-fiscalitat-al-negoci-immobiliari\/","title":{"rendered":"La fiscalidad en el negocio inmobiliario"},"content":{"rendered":"<p style=\"text-align: left;\">El objetivo de este curso es conocer cu\u00e1les son los impuestos que afectan a una operaci\u00f3n de compraventa de inmueble, as\u00ed como los que afectan a otras operaciones como el alquiler y la opci\u00f3n de compra, desde una vertiente pr\u00e1ctica.<\/p>\n<p style=\"text-align: left;\">Adquiriremos los conocimientos necesarios para realizar un asesoramiento fiscal preliminar a nuestros clientes, y poderles informar correctamente de los gastos impositivos relacionados con la operaci\u00f3n inmobiliaria.<\/p>","protected":false},"excerpt":{"rendered":"<p>L&#8217;objectiu d&#8217;aquest curs \u00e9s con\u00e8ixer quins s\u00f3n els impostos que afecten una operaci\u00f3 de compravenda d&#8217;immoble, aix\u00ed com els que afecten d&#8217;altres operacions com el lloguer i l&#8217;opci\u00f3 de compra, des d&#8217;un vessant pr\u00e0ctic. Adquirirem els coneixements necessaris per fer un assessorament fiscal preliminar als nostres clients, i poder-los informar correctament de les despeses impositives [&hellip;]<\/p>","protected":false},"featured_media":29135,"template":"","meta":[],"product_cat":[319],"product_tag":[],"oferta-formativa":[273],"tipologia_de_curs":[],"modalitat_de_curs":[],"destacado":[],"class_list":{"0":"post-32694","1":"product","2":"type-product","3":"status-publish","4":"has-post-thumbnail","6":"product_cat-actualitzacio-i-perfeccionament","7":"pa_tipus-de-formacio-online","8":"oferta-formativa-juridic-i-fiscal","10":"first","11":"outofstock","12":"sold-individually","13":"purchasable","14":"product-type-variable"},"_links":{"self":[{"href":"https:\/\/www.apiacademy.es\/es\/wp-json\/wp\/v2\/product\/32694"}],"collection":[{"href":"https:\/\/www.apiacademy.es\/es\/wp-json\/wp\/v2\/product"}],"about":[{"href":"https:\/\/www.apiacademy.es\/es\/wp-json\/wp\/v2\/types\/product"}],"version-history":[{"count":13,"href":"https:\/\/www.apiacademy.es\/es\/wp-json\/wp\/v2\/product\/32694\/revisions"}],"predecessor-version":[{"id":77692,"href":"https:\/\/www.apiacademy.es\/es\/wp-json\/wp\/v2\/product\/32694\/revisions\/77692"}],"wp:featuredmedia":[{"embeddable":true,"href":"https:\/\/www.apiacademy.es\/es\/wp-json\/wp\/v2\/media\/29135"}],"wp:attachment":[{"href":"https:\/\/www.apiacademy.es\/es\/wp-json\/wp\/v2\/media?parent=32694"}],"wp:term":[{"taxonomy":"product_cat","embeddable":true,"href":"https:\/\/www.apiacademy.es\/es\/wp-json\/wp\/v2\/product_cat?post=32694"},{"taxonomy":"product_tag","embeddable":true,"href":"https:\/\/www.apiacademy.es\/es\/wp-json\/wp\/v2\/product_tag?post=32694"},{"taxonomy":"oferta-formativa","embeddable":true,"href":"https:\/\/www.apiacademy.es\/es\/wp-json\/wp\/v2\/oferta-formativa?post=32694"},{"taxonomy":"tipologia_de_curs","embeddable":true,"href":"https:\/\/www.apiacademy.es\/es\/wp-json\/wp\/v2\/tipologia_de_curs?post=32694"},{"taxonomy":"modalitat_de_curs","embeddable":true,"href":"https:\/\/www.apiacademy.es\/es\/wp-json\/wp\/v2\/modalitat_de_curs?post=32694"},{"taxonomy":"destacado","embeddable":true,"href":"https:\/\/www.apiacademy.es\/es\/wp-json\/wp\/v2\/destacado?post=32694"}],"curies":[{"name":"wp","href":"https:\/\/api.w.org\/{rel}","templated":true}]}}