{"id":32690,"date":"2024-12-12T11:51:47","date_gmt":"2024-12-12T10:51:47","guid":{"rendered":"https:\/\/www.apiacademy.es\/?post_type=product&#038;p=32690"},"modified":"2025-01-27T23:44:46","modified_gmt":"2025-01-27T22:44:46","slug":"intelligencia-artificial-al-sector-immobiliari-eines-i-tecniques-per-a-millorar-el-teu-treball-diari","status":"publish","type":"product","link":"https:\/\/www.apiacademy.es\/es\/producto\/intelligencia-artificial-al-sector-immobiliari-eines-i-tecniques-per-a-millorar-el-teu-treball-diari\/","title":{"rendered":"Inteligencia Artificial al sector inmobiliario: Herramientas y t\u00e9cnicas para mejorar tu trabajo diario"},"content":{"rendered":"<p>Este curso est\u00e1 dise\u00f1ado para que los profesionales del sector inmobiliario conozcan las \u00faltimas novedades en el mundo de la Inteligencia Artificial y aprendan a utilizar las herramientas m\u00e1s \u00fatiles para su trabajo diario. Aprender\u00e1s como la IA puede ayudarte a mejorar tus procesos de trabajo, aumentar la eficiencia y reducir los costes.<\/p>\n<p>Adem\u00e1s, te ense\u00f1aremos como aplicar estas herramientas en tu d\u00eda a d\u00eda. Est\u00e1 dirigido a profesionales del sector inmobiliario que quieran estar en el d\u00eda en las \u00faltimas novedades en el mundo de la Inteligencia Artificial y aprender a utilizar las nuevas herramientas que nos aporta el mercado.<\/p>\n<p>Tambi\u00e9n es adecuado para aquellos que quieran mejorar sus procesos de trabajo, aumentar la eficiencia y reducir los costes.<\/p>","protected":false},"excerpt":{"rendered":"<p>Aquest curs est\u00e0 dissenyat perqu\u00e8 els professionals del sector immobiliari coneguin les \u00faltimes novetats en el m\u00f3n de la Intel\u00b7lig\u00e8ncia Artificial i aprenguin a utilitzar les eines m\u00e9s \u00fatils per al seu treball diari. Aprendr\u00e0s com la IA pot ajudar-te a millorar els teus processos de treball, augmentar l&#8217;efici\u00e8ncia i reduir els costos. A m\u00e9s, [&hellip;]<\/p>","protected":false},"featured_media":29167,"template":"","meta":[],"product_cat":[319],"product_tag":[],"oferta-formativa":[275],"tipologia_de_curs":[],"modalitat_de_curs":[],"destacado":[],"class_list":{"0":"post-32690","1":"product","2":"type-product","3":"status-publish","4":"has-post-thumbnail","6":"product_cat-actualitzacio-i-perfeccionament","7":"pa_tipus-de-formacio-online","8":"oferta-formativa-proptech","10":"first","11":"outofstock","12":"sold-individually","13":"product-type-variable"},"_links":{"self":[{"href":"https:\/\/www.apiacademy.es\/es\/wp-json\/wp\/v2\/product\/32690"}],"collection":[{"href":"https:\/\/www.apiacademy.es\/es\/wp-json\/wp\/v2\/product"}],"about":[{"href":"https:\/\/www.apiacademy.es\/es\/wp-json\/wp\/v2\/types\/product"}],"version-history":[{"count":9,"href":"https:\/\/www.apiacademy.es\/es\/wp-json\/wp\/v2\/product\/32690\/revisions"}],"predecessor-version":[{"id":63390,"href":"https:\/\/www.apiacademy.es\/es\/wp-json\/wp\/v2\/product\/32690\/revisions\/63390"}],"wp:featuredmedia":[{"embeddable":true,"href":"https:\/\/www.apiacademy.es\/es\/wp-json\/wp\/v2\/media\/29167"}],"wp:attachment":[{"href":"https:\/\/www.apiacademy.es\/es\/wp-json\/wp\/v2\/media?parent=32690"}],"wp:term":[{"taxonomy":"product_cat","embeddable":true,"href":"https:\/\/www.apiacademy.es\/es\/wp-json\/wp\/v2\/product_cat?post=32690"},{"taxonomy":"product_tag","embeddable":true,"href":"https:\/\/www.apiacademy.es\/es\/wp-json\/wp\/v2\/product_tag?post=32690"},{"taxonomy":"oferta-formativa","embeddable":true,"href":"https:\/\/www.apiacademy.es\/es\/wp-json\/wp\/v2\/oferta-formativa?post=32690"},{"taxonomy":"tipologia_de_curs","embeddable":true,"href":"https:\/\/www.apiacademy.es\/es\/wp-json\/wp\/v2\/tipologia_de_curs?post=32690"},{"taxonomy":"modalitat_de_curs","embeddable":true,"href":"https:\/\/www.apiacademy.es\/es\/wp-json\/wp\/v2\/modalitat_de_curs?post=32690"},{"taxonomy":"destacado","embeddable":true,"href":"https:\/\/www.apiacademy.es\/es\/wp-json\/wp\/v2\/destacado?post=32690"}],"curies":[{"name":"wp","href":"https:\/\/api.w.org\/{rel}","templated":true}]}}