{"id":32680,"date":"2024-12-12T11:51:44","date_gmt":"2024-12-12T10:51:44","guid":{"rendered":"https:\/\/www.apiacademy.es\/?post_type=product&#038;p=32680"},"modified":"2026-04-22T16:35:18","modified_gmt":"2026-04-22T14:35:18","slug":"blanqueig-de-capitals","status":"publish","type":"product","link":"https:\/\/www.apiacademy.es\/es\/producto\/blanqueig-de-capitals\/","title":{"rendered":"Prevenci\u00f3n del Blanqueo de Capitales en el Sector Inmobiliario: obligaciones, riesgos y pr\u00e1ctica profesional"},"content":{"rendered":"<p>El sector inmobiliario es uno de los canales m\u00e1s utilizados para introducir dinero il\u00edcito en la econom\u00eda legal. Y no hablamos s\u00f3lo de grandes operaciones: cualquier compra-venta, alquiler o intermediaci\u00f3n puede acarrear riesgos si no se aplican los controles adecuados.<\/p>\n<p>En este curso aprender\u00e1s a detectar se\u00f1ales de alerta reales, a cumplir con la normativa vigente sin complicarte la operativa diaria y, sobre todo, a proteger tu negocio frente a sanciones que pueden ser muy graves.<\/p>","protected":false},"excerpt":{"rendered":"<p>El sector immobiliari \u00e9s un dels canals m\u00e9s utilitzats per introduir diners il\u00b7l\u00edcits a l&#8217;economia legal. I no parlem nom\u00e9s de grans operacions: qualsevol compra-venda, lloguer o intermediaci\u00f3 pot implicar riscos si no s&#8217;apliquen els controls adequats. En aquest curs aprendr\u00e0s a detectar senyals d&#8217;alerta reals, a complir amb la normativa vigent sense complicar-te l&#8217;operativa [&hellip;]<\/p>","protected":false},"featured_media":29152,"template":"","meta":[],"product_cat":[319],"product_tag":[],"oferta-formativa":[273],"tipologia_de_curs":[],"modalitat_de_curs":[],"destacado":[],"class_list":{"0":"post-32680","1":"product","2":"type-product","3":"status-publish","4":"has-post-thumbnail","6":"product_cat-actualitzacio-i-perfeccionament","7":"pa_tipus-de-formacio-online","8":"oferta-formativa-juridic-i-fiscal","10":"first","11":"instock","12":"sold-individually","13":"purchasable","14":"product-type-variable"},"_links":{"self":[{"href":"https:\/\/www.apiacademy.es\/es\/wp-json\/wp\/v2\/product\/32680"}],"collection":[{"href":"https:\/\/www.apiacademy.es\/es\/wp-json\/wp\/v2\/product"}],"about":[{"href":"https:\/\/www.apiacademy.es\/es\/wp-json\/wp\/v2\/types\/product"}],"version-history":[{"count":29,"href":"https:\/\/www.apiacademy.es\/es\/wp-json\/wp\/v2\/product\/32680\/revisions"}],"predecessor-version":[{"id":77942,"href":"https:\/\/www.apiacademy.es\/es\/wp-json\/wp\/v2\/product\/32680\/revisions\/77942"}],"wp:featuredmedia":[{"embeddable":true,"href":"https:\/\/www.apiacademy.es\/es\/wp-json\/wp\/v2\/media\/29152"}],"wp:attachment":[{"href":"https:\/\/www.apiacademy.es\/es\/wp-json\/wp\/v2\/media?parent=32680"}],"wp:term":[{"taxonomy":"product_cat","embeddable":true,"href":"https:\/\/www.apiacademy.es\/es\/wp-json\/wp\/v2\/product_cat?post=32680"},{"taxonomy":"product_tag","embeddable":true,"href":"https:\/\/www.apiacademy.es\/es\/wp-json\/wp\/v2\/product_tag?post=32680"},{"taxonomy":"oferta-formativa","embeddable":true,"href":"https:\/\/www.apiacademy.es\/es\/wp-json\/wp\/v2\/oferta-formativa?post=32680"},{"taxonomy":"tipologia_de_curs","embeddable":true,"href":"https:\/\/www.apiacademy.es\/es\/wp-json\/wp\/v2\/tipologia_de_curs?post=32680"},{"taxonomy":"modalitat_de_curs","embeddable":true,"href":"https:\/\/www.apiacademy.es\/es\/wp-json\/wp\/v2\/modalitat_de_curs?post=32680"},{"taxonomy":"destacado","embeddable":true,"href":"https:\/\/www.apiacademy.es\/es\/wp-json\/wp\/v2\/destacado?post=32680"}],"curies":[{"name":"wp","href":"https:\/\/api.w.org\/{rel}","templated":true}]}}