{"id":32658,"date":"2024-12-12T11:51:40","date_gmt":"2024-12-12T10:51:40","guid":{"rendered":"https:\/\/www.apiacademy.es\/?post_type=product&#038;p=32658"},"modified":"2024-12-19T10:29:39","modified_gmt":"2024-12-19T09:29:39","slug":"qualificacio-de-clients-compradors","status":"publish","type":"product","link":"https:\/\/www.apiacademy.es\/es\/producto\/qualificacio-de-clients-compradors\/","title":{"rendered":"Qualificaci\u00f3 de clients compradors"},"content":{"rendered":"<p>Una de les dificultats de qualsevol agent immobiliari \u00e9s qualificar als compradors. Saber determinar els clients adequats per a cada propietat no far\u00e0 vendre abans i millor.<\/p>\n<p>L&#8217;objectiu del curs \u00e9s aprendre algunes t\u00e8cniques de qualificaci\u00f3 i d&#8217;an\u00e0lisi de clients compradors, per a ser m\u00e9s eficients en el tracte amb compradors.<\/p>\n<p>Saber qualificar ens far\u00e0 vendre m\u00e9s, abans i millor!<\/p>\n<p>&nbsp;<\/p>","protected":false},"excerpt":{"rendered":"<p>Una de les dificultats de qualsevol agent immobiliari \u00e9s qualificar als compradors. Saber determinar els clients adequats per a cada propietat no far\u00e0 vendre abans i millor. L&#8217;objectiu del curs \u00e9s aprendre algunes t\u00e8cniques de qualificaci\u00f3 i d&#8217;an\u00e0lisi de clients compradors, per a ser m\u00e9s eficients en el tracte amb compradors. Saber qualificar ens far\u00e0 [&hellip;]<\/p>","protected":false},"featured_media":29131,"template":"","meta":[],"product_cat":[319],"product_tag":[],"oferta-formativa":[274],"tipologia_de_curs":[],"modalitat_de_curs":[],"destacado":[],"class_list":{"0":"post-32658","1":"product","2":"type-product","3":"status-publish","4":"has-post-thumbnail","6":"product_cat-actualitzacio-i-perfeccionament","7":"pa_tipus-de-formacio-presencial","8":"oferta-formativa-negoci-marqueting-i-vendes","10":"first","11":"outofstock","12":"sold-individually","13":"product-type-variable"},"_links":{"self":[{"href":"https:\/\/www.apiacademy.es\/es\/wp-json\/wp\/v2\/product\/32658"}],"collection":[{"href":"https:\/\/www.apiacademy.es\/es\/wp-json\/wp\/v2\/product"}],"about":[{"href":"https:\/\/www.apiacademy.es\/es\/wp-json\/wp\/v2\/types\/product"}],"version-history":[{"count":7,"href":"https:\/\/www.apiacademy.es\/es\/wp-json\/wp\/v2\/product\/32658\/revisions"}],"predecessor-version":[{"id":62349,"href":"https:\/\/www.apiacademy.es\/es\/wp-json\/wp\/v2\/product\/32658\/revisions\/62349"}],"wp:featuredmedia":[{"embeddable":true,"href":"https:\/\/www.apiacademy.es\/es\/wp-json\/wp\/v2\/media\/29131"}],"wp:attachment":[{"href":"https:\/\/www.apiacademy.es\/es\/wp-json\/wp\/v2\/media?parent=32658"}],"wp:term":[{"taxonomy":"product_cat","embeddable":true,"href":"https:\/\/www.apiacademy.es\/es\/wp-json\/wp\/v2\/product_cat?post=32658"},{"taxonomy":"product_tag","embeddable":true,"href":"https:\/\/www.apiacademy.es\/es\/wp-json\/wp\/v2\/product_tag?post=32658"},{"taxonomy":"oferta-formativa","embeddable":true,"href":"https:\/\/www.apiacademy.es\/es\/wp-json\/wp\/v2\/oferta-formativa?post=32658"},{"taxonomy":"tipologia_de_curs","embeddable":true,"href":"https:\/\/www.apiacademy.es\/es\/wp-json\/wp\/v2\/tipologia_de_curs?post=32658"},{"taxonomy":"modalitat_de_curs","embeddable":true,"href":"https:\/\/www.apiacademy.es\/es\/wp-json\/wp\/v2\/modalitat_de_curs?post=32658"},{"taxonomy":"destacado","embeddable":true,"href":"https:\/\/www.apiacademy.es\/es\/wp-json\/wp\/v2\/destacado?post=32658"}],"curies":[{"name":"wp","href":"https:\/\/api.w.org\/{rel}","templated":true}]}}