{"id":32656,"date":"2024-12-12T11:51:39","date_gmt":"2024-12-12T10:51:39","guid":{"rendered":"https:\/\/www.apiacademy.es\/?post_type=product&#038;p=32656"},"modified":"2024-12-19T17:20:53","modified_gmt":"2024-12-19T16:20:53","slug":"administracion-de-patrimonios-legislacion-espanola","status":"publish","type":"product","link":"https:\/\/www.apiacademy.es\/es\/producto\/administracion-de-patrimonios-legislacion-espanola\/","title":{"rendered":"Administraci\u00f3n de patrimonios (Legislaci\u00f3n espa\u00f1ola)"},"content":{"rendered":"<p>El curso pretende dar una visi\u00f3n completa desde el punto de vista formal y pr\u00e1ctico de la profesi\u00f3n de gestor de patrimonios. Se enfoca a cualquier persona, interesada en el ejercicio de la labor de administrador patrimonios, tanto en vertical, como en Horizontal, a fin de adquirir los conocimientos y nociones m\u00ednimas inherentes a la profesi\u00f3n, con un an\u00e1lisis completo y profundo de la Ley de Propiedad horizontal y leyes complementarias.<\/p>\n<p>El objetivo de este curso es que el alumno adquiera las herramientas y nociones b\u00e1sicas, de la profesi\u00f3n, tanto a nivel jur\u00eddico, como a nivel pr\u00e1ctico, para desenvolverse con soltura en su aplicaci\u00f3n diaria. Adquirir los conocimientos necesarios, para el ejercicio de la profesi\u00f3n.<\/p>","protected":false},"excerpt":{"rendered":"<p>El curso pretende dar una visi\u00f3n completa desde el punto de vista formal y pr\u00e1ctico de la profesi\u00f3n de gestor de patrimonios. Se enfoca a cualquier persona, interesada en el ejercicio de la labor de administrador patrimonios, tanto en vertical, como en Horizontal, a fin de adquirir los conocimientos y nociones m\u00ednimas inherentes a la [&hellip;]<\/p>","protected":false},"featured_media":29129,"template":"","meta":[],"product_cat":[319],"product_tag":[],"oferta-formativa":[273],"tipologia_de_curs":[],"modalitat_de_curs":[],"destacado":[],"class_list":{"0":"post-32656","1":"product","2":"type-product","3":"status-publish","4":"has-post-thumbnail","6":"product_cat-actualitzacio-i-perfeccionament","7":"pa_tipus-de-formacio-online","8":"oferta-formativa-juridic-i-fiscal","10":"first","11":"outofstock","12":"sold-individually","13":"taxable","14":"shipping-taxable","15":"product-type-variable"},"_links":{"self":[{"href":"https:\/\/www.apiacademy.es\/es\/wp-json\/wp\/v2\/product\/32656"}],"collection":[{"href":"https:\/\/www.apiacademy.es\/es\/wp-json\/wp\/v2\/product"}],"about":[{"href":"https:\/\/www.apiacademy.es\/es\/wp-json\/wp\/v2\/types\/product"}],"version-history":[{"count":6,"href":"https:\/\/www.apiacademy.es\/es\/wp-json\/wp\/v2\/product\/32656\/revisions"}],"predecessor-version":[{"id":62487,"href":"https:\/\/www.apiacademy.es\/es\/wp-json\/wp\/v2\/product\/32656\/revisions\/62487"}],"wp:featuredmedia":[{"embeddable":true,"href":"https:\/\/www.apiacademy.es\/es\/wp-json\/wp\/v2\/media\/29129"}],"wp:attachment":[{"href":"https:\/\/www.apiacademy.es\/es\/wp-json\/wp\/v2\/media?parent=32656"}],"wp:term":[{"taxonomy":"product_cat","embeddable":true,"href":"https:\/\/www.apiacademy.es\/es\/wp-json\/wp\/v2\/product_cat?post=32656"},{"taxonomy":"product_tag","embeddable":true,"href":"https:\/\/www.apiacademy.es\/es\/wp-json\/wp\/v2\/product_tag?post=32656"},{"taxonomy":"oferta-formativa","embeddable":true,"href":"https:\/\/www.apiacademy.es\/es\/wp-json\/wp\/v2\/oferta-formativa?post=32656"},{"taxonomy":"tipologia_de_curs","embeddable":true,"href":"https:\/\/www.apiacademy.es\/es\/wp-json\/wp\/v2\/tipologia_de_curs?post=32656"},{"taxonomy":"modalitat_de_curs","embeddable":true,"href":"https:\/\/www.apiacademy.es\/es\/wp-json\/wp\/v2\/modalitat_de_curs?post=32656"},{"taxonomy":"destacado","embeddable":true,"href":"https:\/\/www.apiacademy.es\/es\/wp-json\/wp\/v2\/destacado?post=32656"}],"curies":[{"name":"wp","href":"https:\/\/api.w.org\/{rel}","templated":true}]}}