{"id":32644,"date":"2024-12-12T11:51:36","date_gmt":"2024-12-12T10:51:36","guid":{"rendered":"https:\/\/www.apiacademy.es\/?post_type=product&#038;p=32644"},"modified":"2025-05-13T11:58:54","modified_gmt":"2025-05-13T09:58:54","slug":"ite-inspeccio-tecnica-dedificis-per-immobiliaris","status":"publish","type":"product","link":"https:\/\/www.apiacademy.es\/es\/producto\/ite-inspeccio-tecnica-dedificis-per-immobiliaris\/","title":{"rendered":"ITE. Inspecci\u00f3n t\u00e9cnica de edificios para inmobiliarios"},"content":{"rendered":"<div>\n<p>La finalidad de la inspecci\u00f3n t\u00e9cnica de edificios de viviendas es tener establecido un sistema de control peri\u00f3dico de los edificios de viviendas a fin de verificar el deber que tienen los propietarios de conservar y rehabilitar sus inmuebles.<\/p>\n<\/div>\n<p>El objetivo principal de este curso es conocer los detalles y funcionamiento de la inspecci\u00f3n t\u00e9cnica de los edificios para dar una informaci\u00f3n correcta a nuestros clientes y negociar mejor las operaciones.<\/p>","protected":false},"excerpt":{"rendered":"<p>La finalitat de la inspecci\u00f3 t\u00e8cnica d\u2019edificis d\u2019habitatges \u00e9s tenir establert un sistema de control peri\u00f2dic dels edificis d\u2019habitatges per tal de verificar el deure que tenen els propietaris de conservar i rehabilitar els seus immobles. L&#8217; objectiu principal d&#8217;aquest curs \u00e9s con\u00e8ixer els detalls i el funcionament de la inspecci\u00f3 t\u00e8cnica dels edificis per [&hellip;]<\/p>","protected":false},"featured_media":29117,"template":"","meta":[],"product_cat":[319],"product_tag":[],"oferta-formativa":[274],"tipologia_de_curs":[],"modalitat_de_curs":[],"destacado":[],"class_list":{"0":"post-32644","1":"product","2":"type-product","3":"status-publish","4":"has-post-thumbnail","6":"product_cat-actualitzacio-i-perfeccionament","7":"pa_tipus-de-formacio-online","8":"oferta-formativa-negoci-marqueting-i-vendes","10":"first","11":"outofstock","12":"sold-individually","13":"product-type-variable"},"_links":{"self":[{"href":"https:\/\/www.apiacademy.es\/es\/wp-json\/wp\/v2\/product\/32644"}],"collection":[{"href":"https:\/\/www.apiacademy.es\/es\/wp-json\/wp\/v2\/product"}],"about":[{"href":"https:\/\/www.apiacademy.es\/es\/wp-json\/wp\/v2\/types\/product"}],"version-history":[{"count":7,"href":"https:\/\/www.apiacademy.es\/es\/wp-json\/wp\/v2\/product\/32644\/revisions"}],"predecessor-version":[{"id":63583,"href":"https:\/\/www.apiacademy.es\/es\/wp-json\/wp\/v2\/product\/32644\/revisions\/63583"}],"wp:featuredmedia":[{"embeddable":true,"href":"https:\/\/www.apiacademy.es\/es\/wp-json\/wp\/v2\/media\/29117"}],"wp:attachment":[{"href":"https:\/\/www.apiacademy.es\/es\/wp-json\/wp\/v2\/media?parent=32644"}],"wp:term":[{"taxonomy":"product_cat","embeddable":true,"href":"https:\/\/www.apiacademy.es\/es\/wp-json\/wp\/v2\/product_cat?post=32644"},{"taxonomy":"product_tag","embeddable":true,"href":"https:\/\/www.apiacademy.es\/es\/wp-json\/wp\/v2\/product_tag?post=32644"},{"taxonomy":"oferta-formativa","embeddable":true,"href":"https:\/\/www.apiacademy.es\/es\/wp-json\/wp\/v2\/oferta-formativa?post=32644"},{"taxonomy":"tipologia_de_curs","embeddable":true,"href":"https:\/\/www.apiacademy.es\/es\/wp-json\/wp\/v2\/tipologia_de_curs?post=32644"},{"taxonomy":"modalitat_de_curs","embeddable":true,"href":"https:\/\/www.apiacademy.es\/es\/wp-json\/wp\/v2\/modalitat_de_curs?post=32644"},{"taxonomy":"destacado","embeddable":true,"href":"https:\/\/www.apiacademy.es\/es\/wp-json\/wp\/v2\/destacado?post=32644"}],"curies":[{"name":"wp","href":"https:\/\/api.w.org\/{rel}","templated":true}]}}