{"id":32622,"date":"2024-12-12T11:51:32","date_gmt":"2024-12-12T10:51:32","guid":{"rendered":"https:\/\/www.apiacademy.es\/?post_type=product&#038;p=32622"},"modified":"2025-06-02T12:34:04","modified_gmt":"2025-06-02T10:34:04","slug":"eficiencia-energetica-i-sostenibilitat-per-a-agents-immobiliaris-una-nova-manera-de-generar-ingressos-extra","status":"publish","type":"product","link":"https:\/\/www.apiacademy.es\/es\/producto\/eficiencia-energetica-i-sostenibilitat-per-a-agents-immobiliaris-una-nova-manera-de-generar-ingressos-extra\/","title":{"rendered":"Efici\u00e8ncia energ\u00e8tica i sostenibilitat per a Agents Immobiliaris: Una nova manera de generar ingressos extra"},"content":{"rendered":"<p>En un mercat immobiliari competitiu, cada vegada \u00e9s m\u00e9s important per als agents immobiliaris expandir la seva cartera de serveis i adaptar-se a les demandes del mercat. L&#8217;efici\u00e8ncia energ\u00e8tica i la sostenibilitat no sols s\u00f3n imperatius ambientals, sin\u00f3 tamb\u00e9 oportunitats de negoci per a aquells que estiguin disposats a liderar el canvi. Aquest curs ofereix una oportunitat \u00fanica per a capitalitzar en aquesta tend\u00e8ncia emergent i expandir horitzons comercials.<\/p>\n<p>El curs ofereix una s\u00e8rie de beneficis clau per als agents immobiliaris:<\/p>\n<ul>\n<li>Increment d&#8217;Ingressos: La participaci\u00f3 en el curs ofereix als agents immobiliaris l&#8217;oportunitat de diversificar les seves fonts d&#8217;ingressos i maximitzar els seus guanys a trav\u00e9s de l&#8217;oferta de serveis relacionats amb l&#8217;efici\u00e8ncia energ\u00e8tica i la sostenibilitat.<\/li>\n<li>Tend\u00e8ncia del Mercat: La creixent demanda de propietats sostenibles i eficients energ\u00e8ticament crea un mercat lucratiu per a aquells que estiguin preparats per a satisfer aquesta necessitat.<\/li>\n<li>Satisfacci\u00f3 de les Demandes del Mercat Internacional: Amb la creixent arribada de clients internacionals, especialment expatriats i turistes conscients del medi ambient, la capacitat d&#8217;oferir propietats amb alts est\u00e0ndards d&#8217;efici\u00e8ncia energ\u00e8tica i sostenibilitat es converteix en un diferenciador clau.<\/li>\n<li>Diferenciaci\u00f3 Competitiva: La capacitaci\u00f3 en efici\u00e8ncia energ\u00e8tica i sostenibilitat permet als agents immobiliaris diferenciar-se de la compet\u00e8ncia i posicionar-se com a l\u00edders en un mercat en constant evoluci\u00f3.<\/li>\n<li>Compliment d&#8217;Est\u00e0ndards de RSC i ESG: La integraci\u00f3 de pr\u00e0ctiques sostenibles en l&#8217;activitat immobili\u00e0ria no sols respon a les demandes del mercat, sin\u00f3 que tamb\u00e9 refor\u00e7a la reputaci\u00f3 de l&#8217;ag\u00e8ncia com un actor comprom\u00e8s amb el benestar social i ambiental.<\/li>\n<\/ul>\n<p>&nbsp;<\/p>","protected":false},"excerpt":{"rendered":"<p>En un mercat immobiliari competitiu, cada vegada \u00e9s m\u00e9s important per als agents immobiliaris expandir la seva cartera de serveis i adaptar-se a les demandes del mercat. L&#8217;efici\u00e8ncia energ\u00e8tica i la sostenibilitat no sols s\u00f3n imperatius ambientals, sin\u00f3 tamb\u00e9 oportunitats de negoci per a aquells que estiguin disposats a liderar el canvi. Aquest curs ofereix [&hellip;]<\/p>","protected":false},"featured_media":29095,"template":"","meta":[],"product_cat":[319],"product_tag":[],"oferta-formativa":[274],"tipologia_de_curs":[],"modalitat_de_curs":[],"destacado":[],"class_list":{"0":"post-32622","1":"product","2":"type-product","3":"status-publish","4":"has-post-thumbnail","6":"product_cat-actualitzacio-i-perfeccionament","7":"pa_tipus-de-formacio-online","8":"oferta-formativa-negoci-marqueting-i-vendes","10":"first","11":"outofstock","12":"sold-individually","13":"product-type-variable"},"_links":{"self":[{"href":"https:\/\/www.apiacademy.es\/es\/wp-json\/wp\/v2\/product\/32622"}],"collection":[{"href":"https:\/\/www.apiacademy.es\/es\/wp-json\/wp\/v2\/product"}],"about":[{"href":"https:\/\/www.apiacademy.es\/es\/wp-json\/wp\/v2\/types\/product"}],"version-history":[{"count":6,"href":"https:\/\/www.apiacademy.es\/es\/wp-json\/wp\/v2\/product\/32622\/revisions"}],"predecessor-version":[{"id":63584,"href":"https:\/\/www.apiacademy.es\/es\/wp-json\/wp\/v2\/product\/32622\/revisions\/63584"}],"wp:featuredmedia":[{"embeddable":true,"href":"https:\/\/www.apiacademy.es\/es\/wp-json\/wp\/v2\/media\/29095"}],"wp:attachment":[{"href":"https:\/\/www.apiacademy.es\/es\/wp-json\/wp\/v2\/media?parent=32622"}],"wp:term":[{"taxonomy":"product_cat","embeddable":true,"href":"https:\/\/www.apiacademy.es\/es\/wp-json\/wp\/v2\/product_cat?post=32622"},{"taxonomy":"product_tag","embeddable":true,"href":"https:\/\/www.apiacademy.es\/es\/wp-json\/wp\/v2\/product_tag?post=32622"},{"taxonomy":"oferta-formativa","embeddable":true,"href":"https:\/\/www.apiacademy.es\/es\/wp-json\/wp\/v2\/oferta-formativa?post=32622"},{"taxonomy":"tipologia_de_curs","embeddable":true,"href":"https:\/\/www.apiacademy.es\/es\/wp-json\/wp\/v2\/tipologia_de_curs?post=32622"},{"taxonomy":"modalitat_de_curs","embeddable":true,"href":"https:\/\/www.apiacademy.es\/es\/wp-json\/wp\/v2\/modalitat_de_curs?post=32622"},{"taxonomy":"destacado","embeddable":true,"href":"https:\/\/www.apiacademy.es\/es\/wp-json\/wp\/v2\/destacado?post=32622"}],"curies":[{"name":"wp","href":"https:\/\/api.w.org\/{rel}","templated":true}]}}